{"id":696106,"date":"2025-08-27T14:32:53","date_gmt":"2025-08-27T11:32:53","guid":{"rendered":"https:\/\/roveyayinevi.com.tr\/index.php\/urun\/dedektif-mickey-muzede-kurnazlik-no19\/"},"modified":"2025-11-12T02:46:32","modified_gmt":"2025-11-11T23:46:32","slug":"dedektif-mickey-muzede-kurnazlik-no19","status":"publish","type":"product","link":"https:\/\/roveyayinevi.com.tr\/index.php\/urun\/dedektif-mickey-muzede-kurnazlik-no19\/","title":{"rendered":"Dedektif Mickey &#8211; M\u00fczede Kurnazl\u0131k No:19"},"content":{"rendered":"<p>\u00dcnl\u00fc ressam ve heykelt\u0131ra\u015f Ali Tuvalli, Vakvakkent m\u00fczesinde bir sergi a\u00e7ar. Ama a\u00e7\u0131l\u0131\u015f g\u00fcn\u00fcnde m\u00fczede in cin top oynamaktad\u0131r. Mickey ile Minnie, davran\u0131\u015flar\u0131n\u0131 pek tuhaf bulduklar\u0131 ressam\u0131, yak\u0131n takibe alarak bu olay\u0131n ard\u0131ndaki s\u0131rr\u0131 \u00e7\u00f6zmeye u\u011fra\u015f\u0131rlar. <\/p>\n","protected":false},"excerpt":{"rendered":"<p>\u00dcnl\u00fc ressam ve heykelt\u0131ra\u015f Ali Tuvalli, Vakvakkent m\u00fczesinde bir sergi a\u00e7ar. Ama a\u00e7\u0131l\u0131\u015f g\u00fcn\u00fcnde m\u00fczede in cin top oynamaktad\u0131r. Mickey ile Minnie, davran\u0131\u015flar\u0131n\u0131 pek tuhaf bulduklar\u0131<span class=\"excerpt-hellip\"> [\u2026]<\/span><\/p>\n","protected":false},"featured_media":0,"template":"","meta":{"_monsterinsights_skip_tracking":false,"_monsterinsights_sitenote_active":false,"_monsterinsights_sitenote_note":"","_monsterinsights_sitenote_category":0},"product_brand":[],"product_cat":[12274,12284],"product_tag":[],"class_list":{"0":"post-696106","1":"product","2":"type-product","3":"status-publish","5":"product_cat-cocuk-ve-genclik-kitaplari","6":"product_cat-hikayeler","7":"pa_tur-kitap","8":"pa_yayinevi-dogan-egmont-yayincilik","9":"pa_yazar-philippe-gasc","11":"first","12":"instock","13":"sale","14":"shipping-taxable","15":"purchasable","16":"product-type-simple"},"_links":{"self":[{"href":"https:\/\/roveyayinevi.com.tr\/index.php\/wp-json\/wp\/v2\/product\/696106","targetHints":{"allow":["GET"]}}],"collection":[{"href":"https:\/\/roveyayinevi.com.tr\/index.php\/wp-json\/wp\/v2\/product"}],"about":[{"href":"https:\/\/roveyayinevi.com.tr\/index.php\/wp-json\/wp\/v2\/types\/product"}],"wp:attachment":[{"href":"https:\/\/roveyayinevi.com.tr\/index.php\/wp-json\/wp\/v2\/media?parent=696106"}],"wp:term":[{"taxonomy":"product_brand","embeddable":true,"href":"https:\/\/roveyayinevi.com.tr\/index.php\/wp-json\/wp\/v2\/product_brand?post=696106"},{"taxonomy":"product_cat","embeddable":true,"href":"https:\/\/roveyayinevi.com.tr\/index.php\/wp-json\/wp\/v2\/product_cat?post=696106"},{"taxonomy":"product_tag","embeddable":true,"href":"https:\/\/roveyayinevi.com.tr\/index.php\/wp-json\/wp\/v2\/product_tag?post=696106"}],"curies":[{"name":"wp","href":"https:\/\/api.w.org\/{rel}","templated":true}]}}