{"id":696105,"date":"2025-08-27T14:32:53","date_gmt":"2025-08-27T11:32:53","guid":{"rendered":"https:\/\/roveyayinevi.com.tr\/index.php\/urun\/yengec-adimlariyla-sicak-savaslar-ve-medyatik-populizm\/"},"modified":"2026-04-16T02:05:52","modified_gmt":"2026-04-15T23:05:52","slug":"yengec-adimlariyla-sicak-savaslar-ve-medyatik-populizm","status":"publish","type":"product","link":"https:\/\/roveyayinevi.com.tr\/index.php\/urun\/yengec-adimlariyla-sicak-savaslar-ve-medyatik-populizm\/","title":{"rendered":"Yenge\u00e7 Ad\u0131mlar\u0131yla S\u0131cak Sava\u015flar ve Medyatik Pop\u00fclizm"},"content":{"rendered":"<p>Umberto Eco, siyasetten medyaya, sava\u015ftan Latinceye, Siyon Bilgeleri Protokolleri\u2019nden dinbilime kadar pek \u00e7ok konuda s\u00f6z al\u0131rken, engin tarih, edebiyat ve pop\u00fcler k\u00fclt\u00fcr bilgisini konu\u015fturuyor ve zek\u00e2 \u00fcr\u00fcn\u00fc ironisini s\u00fcrd\u00fcr\u00fcyor. 20. y\u00fczy\u0131l\u0131n en \u00f6nemli d\u00fc\u015f\u00fcnce adamlar\u0131ndan Umberto Eco\u2019nun 2000-2005 y\u0131llar\u0131 aras\u0131nda (yani 21. y\u00fczy\u0131l\u0131n ve \u00fc\u00e7\u00fcnc\u00fc biny\u0131l \u0131n hemen ba\u015f\u0131nda) yazd\u0131\u011f\u0131 yaz\u0131lardan bir se\u00e7me&#8230; Eco, Tarih in art\u0131k yenge\u00e7 ad\u0131mlar\u0131yla yani geriye giderek ilerledi\u011fini \u00f6ne s\u00fcr\u00fcyor. Berlin Duvar\u0131\u2019n\u0131n y\u0131k\u0131lmas\u0131yla sona erme s\u00fcrecine giren elli y\u0131ll\u0131k So\u011fuk Sava\u015f\u2019\u0131n ard\u0131ndan yeni biny\u0131la duyulan kayg\u0131larla a\u00e7\u0131lan d\u00f6nemde pek \u00e7ok yenge\u00e7 y\u00fcr\u00fcy\u00fc\u015f\u00fc var: K\u00f6rfez, Kosova, Afganistan ve Irak\u2019ta Yeni Sava\u015f lar\u0131n ba\u015flamas\u0131; 11 Eyl\u00fcl sald\u0131r\u0131lar\u0131yla y\u00fckselen \u0130slamofobinin nerdeyse Ha\u00e7l\u0131 Seferleri\u2019ne d\u00f6n\u00fc\u015fmesi; Darwin kar\u015f\u0131t\u0131 tart\u0131\u015fmalar\u0131n alevlenmesiyle H\u0131ristiyan k\u00f6ktendincili\u011finin yeniden ortaya \u00e7\u0131k\u0131\u015f\u0131; \u00c7in\u2019in geli\u015fmesiyle birlikte Sar\u0131 Tehlike hayaletinin canlanmas\u0131, Yahudi d\u00fc\u015fmanl\u0131\u011f\u0131n\u0131n geri d\u00f6n\u00fc\u015f\u00fc; \u0130talya\u2019da Silvio Berlusconi\u2019nin medyatik pop\u00fclizm inin y\u00fckseli\u015fi&#8230; \u0130leti\u015fim alan\u0131ndaki en belirgin yenge\u00e7 y\u00fcr\u00fcy\u00fc\u015f\u00fc ise a\u011f\u0131r ileti\u015fim den (televizyon) hafif ileti\u015fim e (internet ve devam\u0131) ge\u00e7i\u015fle medyan\u0131n kimlik de\u011fi\u015ftirmesi. Eco, siyasetten medyaya, sava\u015ftan Latinceye, Siyon Bilgeleri Protokolleri\u2019nden dinbilime kadar pek \u00e7ok konuda s\u00f6z al\u0131rken, her zamanki gibi engin tarih, edebiyat ve pop\u00fcler k\u00fclt\u00fcr bilgisini konu\u015fturuyor ve zek\u00e2 \u00fcr\u00fcn\u00fc ironisini s\u00fcrd\u00fcr\u00fcyor. \ufffcTan\u0131t\u0131m Metni<\/p>\n","protected":false},"excerpt":{"rendered":"<p>Umberto Eco, siyasetten medyaya, sava\u015ftan Latinceye, Siyon Bilgeleri Protokolleri\u2019nden dinbilime kadar pek \u00e7ok konuda s\u00f6z al\u0131rken, engin tarih, edebiyat ve pop\u00fcler k\u00fclt\u00fcr bilgisini konu\u015fturuyor ve zek\u00e2<span class=\"excerpt-hellip\"> [\u2026]<\/span><\/p>\n","protected":false},"featured_media":0,"template":"","meta":{"_monsterinsights_skip_tracking":false,"_monsterinsights_sitenote_active":false,"_monsterinsights_sitenote_note":"","_monsterinsights_sitenote_category":0},"product_brand":[],"product_cat":[13596,12337],"product_tag":[],"class_list":{"0":"post-696105","1":"product","2":"type-product","3":"status-publish","5":"product_cat-avrupa-birligi","6":"product_cat-politika-siyaset","7":"pa_cilt-ciltsiz","8":"pa_tur-kitap","9":"pa_yayinevi-dogan-kitap","10":"pa_yazar-umberto-eco","12":"first","13":"instock","14":"sale","15":"shipping-taxable","16":"purchasable","17":"product-type-simple"},"_links":{"self":[{"href":"https:\/\/roveyayinevi.com.tr\/index.php\/wp-json\/wp\/v2\/product\/696105","targetHints":{"allow":["GET"]}}],"collection":[{"href":"https:\/\/roveyayinevi.com.tr\/index.php\/wp-json\/wp\/v2\/product"}],"about":[{"href":"https:\/\/roveyayinevi.com.tr\/index.php\/wp-json\/wp\/v2\/types\/product"}],"wp:attachment":[{"href":"https:\/\/roveyayinevi.com.tr\/index.php\/wp-json\/wp\/v2\/media?parent=696105"}],"wp:term":[{"taxonomy":"product_brand","embeddable":true,"href":"https:\/\/roveyayinevi.com.tr\/index.php\/wp-json\/wp\/v2\/product_brand?post=696105"},{"taxonomy":"product_cat","embeddable":true,"href":"https:\/\/roveyayinevi.com.tr\/index.php\/wp-json\/wp\/v2\/product_cat?post=696105"},{"taxonomy":"product_tag","embeddable":true,"href":"https:\/\/roveyayinevi.com.tr\/index.php\/wp-json\/wp\/v2\/product_tag?post=696105"}],"curies":[{"name":"wp","href":"https:\/\/api.w.org\/{rel}","templated":true}]}}