{"id":696103,"date":"2025-08-27T14:32:52","date_gmt":"2025-08-27T11:32:52","guid":{"rendered":"https:\/\/roveyayinevi.com.tr\/index.php\/urun\/kumral-ada-mavi-tuna\/"},"modified":"2026-04-08T02:08:01","modified_gmt":"2026-04-07T23:08:01","slug":"kumral-ada-mavi-tuna","status":"publish","type":"product","link":"https:\/\/roveyayinevi.com.tr\/index.php\/urun\/kumral-ada-mavi-tuna\/","title":{"rendered":"Kumral Ada Mavi Tuna"},"content":{"rendered":"<p>\u201cBir Sal\u0131 sabah\u0131 uyand\u0131m. B\u00fct\u00fcn gazeteler hayatta en \u00e7ok sevdi\u011fim kad\u0131n\u0131n bir cinayet i\u015fledi\u011fini yaz\u0131yordu.Bunu hi\u00e7 beklemiyordum. Beynimden vurulmu\u015fa d\u00f6nd\u00fcm. \u0130\u00e7 dengelerim \u015fiddetle sars\u0131ld\u0131. Oysa ger\u00e7e\u011fi biliyordum ama bana kimse kek bir \u015fey sormam\u0131\u015ft\u0131.Onu mahk\u00fbm etmi\u015flerdi!kap\u0131 \u00e7al\u0131nd\u0131. \u0130ki asker beni almaya gelmi\u015fti. \u0130\u00e7 sava\u015f \u00e7\u0131km\u0131\u015f, seferberlik ilan edilmi\u015fti. Bunu bekliyordum. Hi\u00e7 \u015fa\u015f\u0131rmad\u0131m. Bunu uzun zamand\u0131r korku ve ku\u015fkuyla hep bekliyordum. Haz\u0131rland\u0131m ve o Sal\u0131 sabah\u0131 evden \u00e7\u0131kt\u0131m.Gen\u00e7 bir \u00f6\u011fretmen bir sabah Kuzguncuk\u2019taki evinden apar topar  al\u0131n\u0131p, askere g\u00f6t\u00fcr\u00fcl\u00fcr. O, bunun bir kabus oldu\u011funa, arkada\u015flar\u0131ysa  onun i\u00e7 sava\u015fa kat\u0131ld\u0131\u011f\u0131na inanmaktad\u0131r. Oysa annesi o\u011flunun bir ambulansla evden g\u00f6t\u00fcr\u00fcld\u00fc\u011f\u00fcn\u00fc anlatmaktad\u0131r.<\/p>\n","protected":false},"excerpt":{"rendered":"<p>\u201cBir Sal\u0131 sabah\u0131 uyand\u0131m. B\u00fct\u00fcn gazeteler hayatta en \u00e7ok sevdi\u011fim kad\u0131n\u0131n bir cinayet i\u015fledi\u011fini yaz\u0131yordu.Bunu hi\u00e7 beklemiyordum. Beynimden vurulmu\u015fa d\u00f6nd\u00fcm. \u0130\u00e7 dengelerim \u015fiddetle sars\u0131ld\u0131. Oysa ger\u00e7e\u011fi<span class=\"excerpt-hellip\"> [\u2026]<\/span><\/p>\n","protected":false},"featured_media":0,"template":"","meta":{"_monsterinsights_skip_tracking":false,"_monsterinsights_sitenote_active":false,"_monsterinsights_sitenote_note":"","_monsterinsights_sitenote_category":0},"product_brand":[],"product_cat":[12291,12711],"product_tag":[],"class_list":{"0":"post-696103","1":"product","2":"type-product","3":"status-publish","5":"product_cat-edebiyat","6":"product_cat-roman-oyku","7":"pa_cilt-ciltsiz","8":"pa_tur-kitap","9":"pa_yayinevi-everest-yayinlari","10":"pa_yazar-buket-uzuner","12":"first","13":"instock","14":"sale","15":"shipping-taxable","16":"purchasable","17":"product-type-simple"},"_links":{"self":[{"href":"https:\/\/roveyayinevi.com.tr\/index.php\/wp-json\/wp\/v2\/product\/696103","targetHints":{"allow":["GET"]}}],"collection":[{"href":"https:\/\/roveyayinevi.com.tr\/index.php\/wp-json\/wp\/v2\/product"}],"about":[{"href":"https:\/\/roveyayinevi.com.tr\/index.php\/wp-json\/wp\/v2\/types\/product"}],"wp:attachment":[{"href":"https:\/\/roveyayinevi.com.tr\/index.php\/wp-json\/wp\/v2\/media?parent=696103"}],"wp:term":[{"taxonomy":"product_brand","embeddable":true,"href":"https:\/\/roveyayinevi.com.tr\/index.php\/wp-json\/wp\/v2\/product_brand?post=696103"},{"taxonomy":"product_cat","embeddable":true,"href":"https:\/\/roveyayinevi.com.tr\/index.php\/wp-json\/wp\/v2\/product_cat?post=696103"},{"taxonomy":"product_tag","embeddable":true,"href":"https:\/\/roveyayinevi.com.tr\/index.php\/wp-json\/wp\/v2\/product_tag?post=696103"}],"curies":[{"name":"wp","href":"https:\/\/api.w.org\/{rel}","templated":true}]}}