{"id":696100,"date":"2025-08-27T14:32:51","date_gmt":"2025-08-27T11:32:51","guid":{"rendered":"https:\/\/roveyayinevi.com.tr\/index.php\/urun\/dedektif-mickey-22-815-sayili-ucus\/"},"modified":"2025-11-06T02:47:08","modified_gmt":"2025-11-05T23:47:08","slug":"dedektif-mickey-22-815-sayili-ucus","status":"publish","type":"product","link":"https:\/\/roveyayinevi.com.tr\/index.php\/urun\/dedektif-mickey-22-815-sayili-ucus\/","title":{"rendered":"Dedektif Mickey 22 : 815 Say\u0131l\u0131 U\u00e7u\u015f"},"content":{"rendered":"<p>Kontrol kulesinde b\u00fcy\u00fck bir panik ya\u015fan\u0131yordu. 815 u\u00e7u\u015f say\u0131l\u0131 u\u00e7a\u011f\u0131n sinyalleri aniden kesilmi\u015fti. Derken, Minnie\u2019nin bindi\u011fi u\u00e7ak da hi\u00e7bir iz b\u0131rakmadan ortadan kayboldu. Meraktan \u00e7\u0131lg\u0131na d\u00f6nen Mickey vakit kaybetmeden arama \u00e7al\u0131\u015fmalar\u0131na kat\u0131ld\u0131. <\/p>\n","protected":false},"excerpt":{"rendered":"<p>Kontrol kulesinde b\u00fcy\u00fck bir panik ya\u015fan\u0131yordu. 815 u\u00e7u\u015f say\u0131l\u0131 u\u00e7a\u011f\u0131n sinyalleri aniden kesilmi\u015fti. Derken, Minnie\u2019nin bindi\u011fi u\u00e7ak da hi\u00e7bir iz b\u0131rakmadan ortadan kayboldu. Meraktan \u00e7\u0131lg\u0131na d\u00f6nen<span class=\"excerpt-hellip\"> [\u2026]<\/span><\/p>\n","protected":false},"featured_media":0,"template":"","meta":{"_monsterinsights_skip_tracking":false,"_monsterinsights_sitenote_active":false,"_monsterinsights_sitenote_note":"","_monsterinsights_sitenote_category":0},"product_brand":[],"product_cat":[12689,12274],"product_tag":[],"class_list":{"0":"post-696100","1":"product","2":"type-product","3":"status-publish","5":"product_cat-cizgi-roman-cocuk-ve-genclik-kitaplari","6":"product_cat-cocuk-ve-genclik-kitaplari","7":"pa_tur-kitap","8":"pa_yayinevi-dogan-egmont-yayincilik","9":"pa_yazar-sylvie-allouche","11":"first","12":"instock","13":"sale","14":"shipping-taxable","15":"purchasable","16":"product-type-simple"},"_links":{"self":[{"href":"https:\/\/roveyayinevi.com.tr\/index.php\/wp-json\/wp\/v2\/product\/696100","targetHints":{"allow":["GET"]}}],"collection":[{"href":"https:\/\/roveyayinevi.com.tr\/index.php\/wp-json\/wp\/v2\/product"}],"about":[{"href":"https:\/\/roveyayinevi.com.tr\/index.php\/wp-json\/wp\/v2\/types\/product"}],"wp:attachment":[{"href":"https:\/\/roveyayinevi.com.tr\/index.php\/wp-json\/wp\/v2\/media?parent=696100"}],"wp:term":[{"taxonomy":"product_brand","embeddable":true,"href":"https:\/\/roveyayinevi.com.tr\/index.php\/wp-json\/wp\/v2\/product_brand?post=696100"},{"taxonomy":"product_cat","embeddable":true,"href":"https:\/\/roveyayinevi.com.tr\/index.php\/wp-json\/wp\/v2\/product_cat?post=696100"},{"taxonomy":"product_tag","embeddable":true,"href":"https:\/\/roveyayinevi.com.tr\/index.php\/wp-json\/wp\/v2\/product_tag?post=696100"}],"curies":[{"name":"wp","href":"https:\/\/api.w.org\/{rel}","templated":true}]}}