{"id":696099,"date":"2025-08-27T14:32:51","date_gmt":"2025-08-27T11:32:51","guid":{"rendered":"https:\/\/roveyayinevi.com.tr\/index.php\/urun\/kirmizi-kupeler-babil-kulesi\/"},"modified":"2025-10-09T02:42:45","modified_gmt":"2025-10-08T23:42:45","slug":"kirmizi-kupeler-babil-kulesi","status":"publish","type":"product","link":"https:\/\/roveyayinevi.com.tr\/index.php\/urun\/kirmizi-kupeler-babil-kulesi\/","title":{"rendered":"K\u0131rm\u0131z\u0131 K\u00fcpeler Babil Kulesi"},"content":{"rendered":"<p>Orhan Kemal denilince akla ilk olarak romanlar gelir. Her okurun ya\u015fam\u0131nda silinmesi imk\u00e2ns\u0131z izler b\u0131rakan, ya\u015fam\u0131n kirletti\u011fi d\u00fcnyaya temiz, ferah bir nefes gibi dolan romanlard\u0131r bunlar. Bu nedenle okurlarda yaratt\u0131\u011f\u0131 hayranl\u0131k hakl\u0131d\u0131r ama, bu durumun Orhan Kemal&#8217;in \u00f6yk\u00fcc\u00fcl\u00fc\u011f\u00fcne haks\u0131zl\u0131k etti\u011fi de bir ger\u00e7ektir. Usta bir romanc\u0131 oldu\u011fu gibi usta bir \u00f6yk\u00fcc\u00fcd\u00fcr de o. Bu kitapta yer alan \u00f6yk\u00fclerinde Orhan Kemal, k\u00fc\u00e7\u00fck anlar\u0131n gerisindeki kocaman, geni\u015f, engin ya\u015fama ve sonsuz olan insana dair bir\u00e7ok \u015fey s\u00f6yl\u00fcyor.   Orhan Kemal&#8217;in kitaplar\u0131 bir okurun hayatta rastlayabilece\u011fi o \u00e7ok nadir hazineler aras\u0131nda yer al\u0131r. \u00c7ok az yazar okurunun d\u00fcnyas\u0131nda onun kadar iz kak\u0131r, okurunu onun kadar bi\u00e7imlendirir. Orhan Kemal umudu ve ayd\u0131nl\u0131\u011f\u0131 yeniden kazanmam\u0131z i\u00e7in yol g\u00f6sterir bize. Edebiyat\u0131m\u0131z\u0131n en de\u011ferli ustalar\u0131ndan biri olan Orhan Kemal&#8217;in kitaplar\u0131n\u0131 yay\u0131mlamaktan onur duyuyoruz.<\/p>\n","protected":false},"excerpt":{"rendered":"<p>Orhan Kemal denilince akla ilk olarak romanlar gelir. Her okurun ya\u015fam\u0131nda silinmesi imk\u00e2ns\u0131z izler b\u0131rakan, ya\u015fam\u0131n kirletti\u011fi d\u00fcnyaya temiz, ferah bir nefes gibi dolan romanlard\u0131r bunlar.<span class=\"excerpt-hellip\"> [\u2026]<\/span><\/p>\n","protected":false},"featured_media":0,"template":"","meta":{"_monsterinsights_skip_tracking":false,"_monsterinsights_sitenote_active":false,"_monsterinsights_sitenote_note":"","_monsterinsights_sitenote_category":0},"product_brand":[],"product_cat":[12291,12711],"product_tag":[],"class_list":{"0":"post-696099","1":"product","2":"type-product","3":"status-publish","5":"product_cat-edebiyat","6":"product_cat-roman-oyku","7":"pa_cilt-ciltsiz","8":"pa_tur-kitap","9":"pa_yayinevi-everest-yayinlari","10":"pa_yazar-orhan-kemal","12":"first","13":"instock","14":"sale","15":"shipping-taxable","16":"purchasable","17":"product-type-simple"},"_links":{"self":[{"href":"https:\/\/roveyayinevi.com.tr\/index.php\/wp-json\/wp\/v2\/product\/696099","targetHints":{"allow":["GET"]}}],"collection":[{"href":"https:\/\/roveyayinevi.com.tr\/index.php\/wp-json\/wp\/v2\/product"}],"about":[{"href":"https:\/\/roveyayinevi.com.tr\/index.php\/wp-json\/wp\/v2\/types\/product"}],"wp:attachment":[{"href":"https:\/\/roveyayinevi.com.tr\/index.php\/wp-json\/wp\/v2\/media?parent=696099"}],"wp:term":[{"taxonomy":"product_brand","embeddable":true,"href":"https:\/\/roveyayinevi.com.tr\/index.php\/wp-json\/wp\/v2\/product_brand?post=696099"},{"taxonomy":"product_cat","embeddable":true,"href":"https:\/\/roveyayinevi.com.tr\/index.php\/wp-json\/wp\/v2\/product_cat?post=696099"},{"taxonomy":"product_tag","embeddable":true,"href":"https:\/\/roveyayinevi.com.tr\/index.php\/wp-json\/wp\/v2\/product_tag?post=696099"}],"curies":[{"name":"wp","href":"https:\/\/api.w.org\/{rel}","templated":true}]}}