{"id":696098,"date":"2025-08-27T14:32:51","date_gmt":"2025-08-27T11:32:51","guid":{"rendered":"https:\/\/roveyayinevi.com.tr\/index.php\/urun\/karayel-huznu\/"},"modified":"2026-04-16T02:05:52","modified_gmt":"2026-04-15T23:05:52","slug":"karayel-huznu","status":"publish","type":"product","link":"https:\/\/roveyayinevi.com.tr\/index.php\/urun\/karayel-huznu\/","title":{"rendered":"Karayel H\u00fczn\u00fc"},"content":{"rendered":"<p>Belki sevgili, belki arkada\u015f, belki de karde\u015ftiler&#8230;Ama, eski bir yaz\u0131n sevincini b\u00f6yle y\u00fcrekten \u00f6zlemelerine bak\u0131l\u0131rsa, onlar ancak has \u00e7ocukluk arkada\u015f\u0131 olmal\u0131yd\u0131lar.Eski bir yaz\u0131 hala tutkuyla \u00f6zlemek, yaln\u0131zca \u00e7ocukluk arkada\u015flar\u0131n\u0131n ayr\u0131cal\u0131\u011f\u0131d\u0131r.Eski a\u015f\u0131klar, ge\u00e7mi\u015fteki yazlar\u0131 h\u00fcz\u00fcnl\u00fc bir \u00f6zlemle anarlar <\/p>\n","protected":false},"excerpt":{"rendered":"<p>Belki sevgili, belki arkada\u015f, belki de karde\u015ftiler&#8230;Ama, eski bir yaz\u0131n sevincini b\u00f6yle y\u00fcrekten \u00f6zlemelerine bak\u0131l\u0131rsa, onlar ancak has \u00e7ocukluk arkada\u015f\u0131 olmal\u0131yd\u0131lar.Eski bir yaz\u0131 hala tutkuyla \u00f6zlemek,<span class=\"excerpt-hellip\"> [\u2026]<\/span><\/p>\n","protected":false},"featured_media":0,"template":"","meta":{"_monsterinsights_skip_tracking":false,"_monsterinsights_sitenote_active":false,"_monsterinsights_sitenote_note":"","_monsterinsights_sitenote_category":0},"product_brand":[],"product_cat":[12291,12711],"product_tag":[],"class_list":{"0":"post-696098","1":"product","2":"type-product","3":"status-publish","5":"product_cat-edebiyat","6":"product_cat-roman-oyku","7":"pa_cilt-ciltsiz","8":"pa_tur-kitap","9":"pa_yayinevi-everest-yayinlari","10":"pa_yazar-buket-uzuner","12":"first","13":"instock","14":"sale","15":"shipping-taxable","16":"purchasable","17":"product-type-simple"},"_links":{"self":[{"href":"https:\/\/roveyayinevi.com.tr\/index.php\/wp-json\/wp\/v2\/product\/696098","targetHints":{"allow":["GET"]}}],"collection":[{"href":"https:\/\/roveyayinevi.com.tr\/index.php\/wp-json\/wp\/v2\/product"}],"about":[{"href":"https:\/\/roveyayinevi.com.tr\/index.php\/wp-json\/wp\/v2\/types\/product"}],"wp:attachment":[{"href":"https:\/\/roveyayinevi.com.tr\/index.php\/wp-json\/wp\/v2\/media?parent=696098"}],"wp:term":[{"taxonomy":"product_brand","embeddable":true,"href":"https:\/\/roveyayinevi.com.tr\/index.php\/wp-json\/wp\/v2\/product_brand?post=696098"},{"taxonomy":"product_cat","embeddable":true,"href":"https:\/\/roveyayinevi.com.tr\/index.php\/wp-json\/wp\/v2\/product_cat?post=696098"},{"taxonomy":"product_tag","embeddable":true,"href":"https:\/\/roveyayinevi.com.tr\/index.php\/wp-json\/wp\/v2\/product_tag?post=696098"}],"curies":[{"name":"wp","href":"https:\/\/api.w.org\/{rel}","templated":true}]}}