{"id":696096,"date":"2025-08-27T14:32:50","date_gmt":"2025-08-27T11:32:50","guid":{"rendered":"https:\/\/roveyayinevi.com.tr\/index.php\/urun\/hesaplasma\/"},"modified":"2026-04-16T02:05:52","modified_gmt":"2026-04-15T23:05:52","slug":"hesaplasma","status":"publish","type":"product","link":"https:\/\/roveyayinevi.com.tr\/index.php\/urun\/hesaplasma\/","title":{"rendered":"Hesapla\u015fma"},"content":{"rendered":"<p>Tarifsiz bir \u0131zd\u0131rap ic\u0327indeydi. Ama bir an gelecek mutlaka bitecekti. Zihnindekileri o\u0308nu\u0308ne kat\u0131p su\u0308ru\u0308kledig\u0306i, bedeninin sars\u0131l\u0131p kas\u0131ld\u0131g\u0306\u0131 o son noktaya kadar s\u0327iddetini giderek art\u0131ra art\u0131ra, ic\u0327ine is\u0327leye is\u0327leye, dalga dalga geliyordu ac\u0131. Sonra, tam c\u0327\u0131ld\u0131rman\u0131n es\u0327ig\u0306indeyken, k\u0131r\u0131l\u0131p bilincinin derinliklerine dog\u0306ru bir girdap olus\u0327turuyor ve adam o girdaba kap\u0131l\u0131p yok olus\u0327a kac\u0327\u0131yordu.   Trevanian\u2019\u0131n yaratt\u0131\u011f\u0131 \u2018Sanat profes\u00f6r\u00fc bir da\u011fc\u0131 ve kar\u015f\u0131casusluk \u00f6rg\u00fct\u00fc tetik\u00e7isi Jonathan Hemlock\u2019 karakterinin son derece s\u0131ra d\u0131\u015f\u0131 bir su\u00e7 fig\u00fcr\u00fcn\u00fcn tuza\u011f\u0131ndan kendisini kurtarmas\u0131 gerekmektedir. Sanat d\u00fcnyas\u0131, istihbarat \u00f6rg\u00fctleri, cinayetlerle \u00f6r\u00fcl\u00fc bir Trevanian roman\u0131\u2026 <\/p>\n","protected":false},"excerpt":{"rendered":"<p>Tarifsiz bir \u0131zd\u0131rap ic\u0327indeydi. Ama bir an gelecek mutlaka bitecekti. Zihnindekileri o\u0308nu\u0308ne kat\u0131p su\u0308ru\u0308kledig\u0306i, bedeninin sars\u0131l\u0131p kas\u0131ld\u0131g\u0306\u0131 o son noktaya kadar s\u0327iddetini giderek art\u0131ra art\u0131ra, ic\u0327ine<span class=\"excerpt-hellip\"> [\u2026]<\/span><\/p>\n","protected":false},"featured_media":0,"template":"","meta":{"_monsterinsights_skip_tracking":false,"_monsterinsights_sitenote_active":false,"_monsterinsights_sitenote_note":"","_monsterinsights_sitenote_category":0},"product_brand":[],"product_cat":[12803,12291],"product_tag":[],"class_list":{"0":"post-696096","1":"product","2":"type-product","3":"status-publish","5":"product_cat-aksiyon-macera","6":"product_cat-edebiyat","7":"pa_cilt-ciltsiz","8":"pa_tur-kitap","9":"pa_yayinevi-e-yayinlari","10":"pa_yazar-trevanian","12":"first","13":"instock","14":"sale","15":"shipping-taxable","16":"purchasable","17":"product-type-simple"},"_links":{"self":[{"href":"https:\/\/roveyayinevi.com.tr\/index.php\/wp-json\/wp\/v2\/product\/696096","targetHints":{"allow":["GET"]}}],"collection":[{"href":"https:\/\/roveyayinevi.com.tr\/index.php\/wp-json\/wp\/v2\/product"}],"about":[{"href":"https:\/\/roveyayinevi.com.tr\/index.php\/wp-json\/wp\/v2\/types\/product"}],"wp:attachment":[{"href":"https:\/\/roveyayinevi.com.tr\/index.php\/wp-json\/wp\/v2\/media?parent=696096"}],"wp:term":[{"taxonomy":"product_brand","embeddable":true,"href":"https:\/\/roveyayinevi.com.tr\/index.php\/wp-json\/wp\/v2\/product_brand?post=696096"},{"taxonomy":"product_cat","embeddable":true,"href":"https:\/\/roveyayinevi.com.tr\/index.php\/wp-json\/wp\/v2\/product_cat?post=696096"},{"taxonomy":"product_tag","embeddable":true,"href":"https:\/\/roveyayinevi.com.tr\/index.php\/wp-json\/wp\/v2\/product_tag?post=696096"}],"curies":[{"name":"wp","href":"https:\/\/api.w.org\/{rel}","templated":true}]}}