{"id":696095,"date":"2025-08-27T14:32:50","date_gmt":"2025-08-27T11:32:50","guid":{"rendered":"https:\/\/roveyayinevi.com.tr\/index.php\/urun\/gunlerin-kopugu\/"},"modified":"2026-04-16T02:05:52","modified_gmt":"2026-04-15T23:05:52","slug":"gunlerin-kopugu","status":"publish","type":"product","link":"https:\/\/roveyayinevi.com.tr\/index.php\/urun\/gunlerin-kopugu\/","title":{"rendered":"G\u00fcnlerin K\u00f6p\u00fc\u011f\u00fc"},"content":{"rendered":"<p>\u2018\u2019Ya\u015famda aslolan her konuya \u00f6ncelikle bir h\u00fck\u00fcm getirmek gerekti\u011fidir. Ger\u00e7ekten kitleler haks\u0131z, bireyler de hep hakl\u0131 \u00e7\u0131km\u0131\u015ft\u0131r. Davran\u0131\u015f kurallar\u0131n\u0131n say\u0131s\u0131n\u0131 d\u00fc\u015f\u00fcrmek gerekir, ya\u015famak i\u00e7in onlara uymaya ihtiyac\u0131m\u0131z yoktur. Sadece iki \u015fey vard\u0131r; g\u00fczel k\u0131zlarla her t\u00fcrl\u00fc a\u015fk ve New Orleans ya da Duke Ellington m\u00fczi\u011fi, ayn\u0131 kap\u0131ya \u00e7\u0131kar. Geri kalan yok olmal\u0131, \u00e7\u00fcnk\u00fc geri kalan \u00e7irkindir, ileride gelecek olan sayfalar t\u00fcm g\u00fcc\u00fcn\u00fc tamamen ger\u00e7ek bir \u00f6yk\u00fcden alm\u0131\u015ft\u0131r, \u00e7\u00fcnk\u00fc ba\u015f\u0131ndan sonuna kadar ben hayal ettim. \u00d6yk\u00fcn\u00fcn d\u00fcz anlam\u0131yla maddesel olarak ortaya \u00e7\u0131k\u0131\u015f\u0131, temelde dolamba\u00e7l\u0131 ve \u0131s\u0131t\u0131lm\u0131\u015f bir atmosferde bozulmalar ortaya koyarak ger\u00e7e\u011fin, d\u00fczensiz k\u0131vr\u0131lm\u0131\u015f bir y\u00fczey \u00fcst\u00fcnde yans\u0131t\u0131lmas\u0131yla elde edilmi\u015ftir. G\u00f6r\u00fcyorsunuz itiraf edilebilir bir y\u00f6ntem, e\u011fer bir y\u00f6ntem varsa.\u2019\u2019 <\/p>\n","protected":false},"excerpt":{"rendered":"<p>\u2018\u2019Ya\u015famda aslolan her konuya \u00f6ncelikle bir h\u00fck\u00fcm getirmek gerekti\u011fidir. Ger\u00e7ekten kitleler haks\u0131z, bireyler de hep hakl\u0131 \u00e7\u0131km\u0131\u015ft\u0131r. Davran\u0131\u015f kurallar\u0131n\u0131n say\u0131s\u0131n\u0131 d\u00fc\u015f\u00fcrmek gerekir, ya\u015famak i\u00e7in onlara uymaya<span class=\"excerpt-hellip\"> [\u2026]<\/span><\/p>\n","protected":false},"featured_media":0,"template":"","meta":{"_monsterinsights_skip_tracking":false,"_monsterinsights_sitenote_active":false,"_monsterinsights_sitenote_note":"","_monsterinsights_sitenote_category":0},"product_brand":[],"product_cat":[12291,13376],"product_tag":[],"class_list":{"0":"post-696095","1":"product","2":"type-product","3":"status-publish","5":"product_cat-edebiyat","6":"product_cat-fransiz-edebiyati","7":"pa_cilt-ciltsiz","8":"pa_tur-kitap","9":"pa_yayinevi-e-yayinlari","10":"pa_yazar-boris-vian","12":"first","13":"instock","14":"sale","15":"shipping-taxable","16":"purchasable","17":"product-type-simple"},"_links":{"self":[{"href":"https:\/\/roveyayinevi.com.tr\/index.php\/wp-json\/wp\/v2\/product\/696095","targetHints":{"allow":["GET"]}}],"collection":[{"href":"https:\/\/roveyayinevi.com.tr\/index.php\/wp-json\/wp\/v2\/product"}],"about":[{"href":"https:\/\/roveyayinevi.com.tr\/index.php\/wp-json\/wp\/v2\/types\/product"}],"wp:attachment":[{"href":"https:\/\/roveyayinevi.com.tr\/index.php\/wp-json\/wp\/v2\/media?parent=696095"}],"wp:term":[{"taxonomy":"product_brand","embeddable":true,"href":"https:\/\/roveyayinevi.com.tr\/index.php\/wp-json\/wp\/v2\/product_brand?post=696095"},{"taxonomy":"product_cat","embeddable":true,"href":"https:\/\/roveyayinevi.com.tr\/index.php\/wp-json\/wp\/v2\/product_cat?post=696095"},{"taxonomy":"product_tag","embeddable":true,"href":"https:\/\/roveyayinevi.com.tr\/index.php\/wp-json\/wp\/v2\/product_tag?post=696095"}],"curies":[{"name":"wp","href":"https:\/\/api.w.org\/{rel}","templated":true}]}}