{"id":696094,"date":"2025-08-27T14:32:50","date_gmt":"2025-08-27T11:32:50","guid":{"rendered":"https:\/\/roveyayinevi.com.tr\/index.php\/urun\/kargalarin-ziyafeti-2\/"},"modified":"2026-04-16T02:05:52","modified_gmt":"2026-04-15T23:05:52","slug":"kargalarin-ziyafeti-2","status":"publish","type":"product","link":"https:\/\/roveyayinevi.com.tr\/index.php\/urun\/kargalarin-ziyafeti-2\/","title":{"rendered":"Kargalar\u0131n Ziyafeti  2"},"content":{"rendered":"<p>George R. R. Martin, imgesel kurguya yeni bir soluk getiren abidevi serisinin uzun zamand\u0131r beklenen d\u00f6rd\u00fcnc\u00fc cildi Kargalar\u0131n Ziyafeti ile \u015faheserine devam ediyor. <\/p>\n","protected":false},"excerpt":{"rendered":"<p>George R. R. Martin, imgesel kurguya yeni bir soluk getiren abidevi serisinin uzun zamand\u0131r beklenen d\u00f6rd\u00fcnc\u00fc cildi Kargalar\u0131n Ziyafeti ile \u015faheserine devam ediyor.<\/p>\n","protected":false},"featured_media":0,"template":"","meta":{"_monsterinsights_skip_tracking":false,"_monsterinsights_sitenote_active":false,"_monsterinsights_sitenote_note":"","_monsterinsights_sitenote_category":0},"product_brand":[],"product_cat":[12540,12291],"product_tag":[],"class_list":{"0":"post-696094","1":"product","2":"type-product","3":"status-publish","5":"product_cat-bilim-kurgu","6":"product_cat-edebiyat","7":"pa_cilt-ciltsiz","8":"pa_tur-kitap","9":"pa_yayinevi-epsilon-yayinlari","10":"pa_yazar-george-r-r-martin","12":"first","13":"instock","14":"sale","15":"shipping-taxable","16":"purchasable","17":"product-type-simple"},"_links":{"self":[{"href":"https:\/\/roveyayinevi.com.tr\/index.php\/wp-json\/wp\/v2\/product\/696094","targetHints":{"allow":["GET"]}}],"collection":[{"href":"https:\/\/roveyayinevi.com.tr\/index.php\/wp-json\/wp\/v2\/product"}],"about":[{"href":"https:\/\/roveyayinevi.com.tr\/index.php\/wp-json\/wp\/v2\/types\/product"}],"wp:attachment":[{"href":"https:\/\/roveyayinevi.com.tr\/index.php\/wp-json\/wp\/v2\/media?parent=696094"}],"wp:term":[{"taxonomy":"product_brand","embeddable":true,"href":"https:\/\/roveyayinevi.com.tr\/index.php\/wp-json\/wp\/v2\/product_brand?post=696094"},{"taxonomy":"product_cat","embeddable":true,"href":"https:\/\/roveyayinevi.com.tr\/index.php\/wp-json\/wp\/v2\/product_cat?post=696094"},{"taxonomy":"product_tag","embeddable":true,"href":"https:\/\/roveyayinevi.com.tr\/index.php\/wp-json\/wp\/v2\/product_tag?post=696094"}],"curies":[{"name":"wp","href":"https:\/\/api.w.org\/{rel}","templated":true}]}}