{"id":696092,"date":"2025-08-27T14:32:49","date_gmt":"2025-08-27T11:32:49","guid":{"rendered":"https:\/\/roveyayinevi.com.tr\/index.php\/urun\/kara-tutku\/"},"modified":"2026-04-16T02:05:52","modified_gmt":"2026-04-15T23:05:52","slug":"kara-tutku","status":"publish","type":"product","link":"https:\/\/roveyayinevi.com.tr\/index.php\/urun\/kara-tutku\/","title":{"rendered":"Kara Tutku"},"content":{"rendered":"<p>&#8220;Feehan, Karpatyal\u0131 vampirleri canl\u0131 ve tutkulu bir \u015fekilde anlat\u0131rken, ne kadar h\u00fcnerli oldu\u011funu anlat\u0131yor.&#8221;-Publishers Weekly-&#8220;Tatmin edici bir macera ve romantizm&#8230; A\u015fk ve tehlikenin \u00e7ekici kombinasyonu, Feehan&#8217;\u0131n son kitab\u0131nda yer al\u0131yor.&#8221;-Booklist-Yedi y\u0131l \u00f6nce Doktor Shea O &#8216;Halloran, o g\u00fcne kadar \u015fahit olmad\u0131\u011f\u0131 t\u00fcyler \u00fcrpertici bir ac\u0131yla k\u0131vrand\u0131. Adeta i\u015fkenceye maruz kalm\u0131\u015ft\u0131. En sonunda \u0131zd\u0131rab\u0131 sona ermi\u015f ama bu deneyimi asla unutmam\u0131\u015ft\u0131.Shea b\u00fct\u00fcn \u00f6mr\u00fcn\u00fc onu yava\u015f\u00e7a \u00f6ld\u00fcren, nadir g\u00f6r\u00fclen genetik kan hastal\u0131\u011f\u0131na \u00e7are bulmaya adam\u0131\u015ft\u0131r. \u0130ki adam ona yakla\u015f\u0131p kendisini vampirlikle su\u00e7lad\u0131\u011f\u0131nda Shea&#8217;n\u0131n baz\u0131 sorular\u0131 yan\u0131tlanmaya ba\u015flar. Hayat\u0131 pahas\u0131na ka\u00e7ar ve a\u00e7\u0131klayamad\u0131\u011f\u0131 bir histen dolay\u0131, Romanya&#8217;ya gider. Kadim olanlardan Jacques Dubrinsky bu hissi a\u00e7\u0131klayabilecek yegane ki\u015fidir. Yedi y\u0131l \u00f6nce, birka\u00e7 insan ve Karpatyal\u0131 bir hain taraf\u0131ndan ka\u00e7\u0131r\u0131lan, i\u015fkence g\u00f6ren ve diri diri g\u00f6m\u00fclen Jacques. Y\u0131llar boyu \u00e7ekti\u011fi ac\u0131lar ve duydu\u011fu a\u00e7l\u0131k y\u00fcz\u00fcnden Jacques delili\u011fin e\u015fi\u011findedir. G\u00fcc\u00fcnden geriye kalan son k\u0131r\u0131nt\u0131larla, Shea&#8217;y\u0131 g\u00f6m\u00fcld\u00fc\u011f\u00fc yere getirmeyi ba\u015far\u0131r. Ancak Shea, onun \u015fifas\u0131 m\u0131 yoksa av\u0131 m\u0131 olacakt\u0131r? \ufffcTan\u0131t\u0131m Metni<\/p>\n","protected":false},"excerpt":{"rendered":"<p>&#8220;Feehan, Karpatyal\u0131 vampirleri canl\u0131 ve tutkulu bir \u015fekilde anlat\u0131rken, ne kadar h\u00fcnerli oldu\u011funu anlat\u0131yor.&#8221;-Publishers Weekly-&#8220;Tatmin edici bir macera ve romantizm&#8230; A\u015fk ve tehlikenin \u00e7ekici kombinasyonu, Feehan&#8217;\u0131n<span class=\"excerpt-hellip\"> [\u2026]<\/span><\/p>\n","protected":false},"featured_media":0,"template":"","meta":{"_monsterinsights_skip_tracking":false,"_monsterinsights_sitenote_active":false,"_monsterinsights_sitenote_note":"","_monsterinsights_sitenote_category":0},"product_brand":[],"product_cat":[12291,12711],"product_tag":[],"class_list":{"0":"post-696092","1":"product","2":"type-product","3":"status-publish","5":"product_cat-edebiyat","6":"product_cat-roman-oyku","7":"pa_cilt-ciltsiz","8":"pa_tur-kitap","9":"pa_yayinevi-epsilon-yayinlari","10":"pa_yazar-chritine-feehan","12":"first","13":"instock","14":"sale","15":"shipping-taxable","16":"purchasable","17":"product-type-simple"},"_links":{"self":[{"href":"https:\/\/roveyayinevi.com.tr\/index.php\/wp-json\/wp\/v2\/product\/696092","targetHints":{"allow":["GET"]}}],"collection":[{"href":"https:\/\/roveyayinevi.com.tr\/index.php\/wp-json\/wp\/v2\/product"}],"about":[{"href":"https:\/\/roveyayinevi.com.tr\/index.php\/wp-json\/wp\/v2\/types\/product"}],"wp:attachment":[{"href":"https:\/\/roveyayinevi.com.tr\/index.php\/wp-json\/wp\/v2\/media?parent=696092"}],"wp:term":[{"taxonomy":"product_brand","embeddable":true,"href":"https:\/\/roveyayinevi.com.tr\/index.php\/wp-json\/wp\/v2\/product_brand?post=696092"},{"taxonomy":"product_cat","embeddable":true,"href":"https:\/\/roveyayinevi.com.tr\/index.php\/wp-json\/wp\/v2\/product_cat?post=696092"},{"taxonomy":"product_tag","embeddable":true,"href":"https:\/\/roveyayinevi.com.tr\/index.php\/wp-json\/wp\/v2\/product_tag?post=696092"}],"curies":[{"name":"wp","href":"https:\/\/api.w.org\/{rel}","templated":true}]}}