{"id":696091,"date":"2025-08-27T14:32:49","date_gmt":"2025-08-27T11:32:49","guid":{"rendered":"https:\/\/roveyayinevi.com.tr\/index.php\/urun\/isten-ve-yasamdan-zevk-almanin-yollari\/"},"modified":"2026-04-11T02:07:05","modified_gmt":"2026-04-10T23:07:05","slug":"isten-ve-yasamdan-zevk-almanin-yollari","status":"publish","type":"product","link":"https:\/\/roveyayinevi.com.tr\/index.php\/urun\/isten-ve-yasamdan-zevk-almanin-yollari\/","title":{"rendered":"\u0130\u015ften ve Ya\u015famdan Zevk Alman\u0131n Yollar\u0131"},"content":{"rendered":"<p>\u0130\u015finizi ne kadar severseniz sevin, hi\u00e7bir \u015feyin yolunda gitmedi\u011fi g\u00fcnler mutlaka olacakt\u0131r. Dale Carnegie&#8217;nin bu kitapta yer verdi\u011fi, ger\u00e7eklili\u011fi zaman i\u00e7inde kan\u0131tlanm\u0131\u015f \u00f6\u011f\u00fctlerine kulak verirseniz;  Di\u011fer insanlar\u0131n kendilerini \u00f6nemli hissetmelerini sa\u011flayabilir, \u00fcstelik bunu b\u00fcy\u00fck bir i\u00e7tenlikle yapabilirsiniz.  Gereksiz gerginliklerden ka\u00e7\u0131n\u0131p, enerjinizi daha yararl\u0131 i\u015fler i\u00e7in harcayabilirsiniz.  \u0130nsanlara hemen &#8220;Evet&#8221; dedirtebilirsiniz.  Rutin i\u015fleri motive edici f\u0131rsatlar haline getirebilirsiniz.  D\u00fc\u015fman kazanman\u0131n yollar\u0131n\u0131 g\u00f6r\u00fcp bunlardan ka\u00e7\u0131nabilirsiniz.  Ele\u015ftiriler kar\u015f\u0131s\u0131nda g\u00fcl\u00fcmseyebilir ve elinizden gelenin en iyisini yapmaya \u00e7al\u0131\u015fabilirsiniz.  \u0130\u015ften Ve Ya\u015famdan Zevk Alman\u0131n Yollar\u0131, ya\u015fama ve insanlara kar\u015f\u0131 yepyeni bir bak\u0131\u015f a\u00e7\u0131s\u0131 geli\u015ftirmenizi ve daha \u00f6nce varl\u0131\u011f\u0131ndan bile haberdar olmad\u0131\u011f\u0131n\u0131z yeteneklerinizi ke\u015ffetmenizi sa\u011flayacakt\u0131r. Dale Carnegie kendinizi ve zaman\u0131n\u0131z\u0131 en iyi bi\u00e7imde de\u011ferlendirmenize yard\u0131mc\u0131 olmay\u0131 ama\u00e7lamaktad\u0131r. Siz de i\u00e7 g\u00fc\u00e7lerinizi ve yeteneklerinizi geli\u015ftirip ya\u015fam\u0131n tad\u0131n\u0131 \u00e7\u0131kartmaya ba\u015flay\u0131n. Hemen bug\u00fcn! <\/p>\n","protected":false},"excerpt":{"rendered":"<p>\u0130\u015finizi ne kadar severseniz sevin, hi\u00e7bir \u015feyin yolunda gitmedi\u011fi g\u00fcnler mutlaka olacakt\u0131r. Dale Carnegie&#8217;nin bu kitapta yer verdi\u011fi, ger\u00e7eklili\u011fi zaman i\u00e7inde kan\u0131tlanm\u0131\u015f \u00f6\u011f\u00fctlerine kulak verirseniz; Di\u011fer<span class=\"excerpt-hellip\"> [\u2026]<\/span><\/p>\n","protected":false},"featured_media":0,"template":"","meta":{"_monsterinsights_skip_tracking":false,"_monsterinsights_sitenote_active":false,"_monsterinsights_sitenote_note":"","_monsterinsights_sitenote_category":0},"product_brand":[],"product_cat":[12364,12376],"product_tag":[],"class_list":{"0":"post-696091","1":"product","2":"type-product","3":"status-publish","5":"product_cat-genel-konular","6":"product_cat-kisisel-gelisim","7":"pa_cilt-ciltsiz","8":"pa_tur-kitap","9":"pa_yayinevi-epsilon-yayinlari","10":"pa_yazar-dale-carnegie","12":"first","13":"instock","14":"sale","15":"shipping-taxable","16":"purchasable","17":"product-type-simple"},"_links":{"self":[{"href":"https:\/\/roveyayinevi.com.tr\/index.php\/wp-json\/wp\/v2\/product\/696091","targetHints":{"allow":["GET"]}}],"collection":[{"href":"https:\/\/roveyayinevi.com.tr\/index.php\/wp-json\/wp\/v2\/product"}],"about":[{"href":"https:\/\/roveyayinevi.com.tr\/index.php\/wp-json\/wp\/v2\/types\/product"}],"wp:attachment":[{"href":"https:\/\/roveyayinevi.com.tr\/index.php\/wp-json\/wp\/v2\/media?parent=696091"}],"wp:term":[{"taxonomy":"product_brand","embeddable":true,"href":"https:\/\/roveyayinevi.com.tr\/index.php\/wp-json\/wp\/v2\/product_brand?post=696091"},{"taxonomy":"product_cat","embeddable":true,"href":"https:\/\/roveyayinevi.com.tr\/index.php\/wp-json\/wp\/v2\/product_cat?post=696091"},{"taxonomy":"product_tag","embeddable":true,"href":"https:\/\/roveyayinevi.com.tr\/index.php\/wp-json\/wp\/v2\/product_tag?post=696091"}],"curies":[{"name":"wp","href":"https:\/\/api.w.org\/{rel}","templated":true}]}}