{"id":696086,"date":"2025-08-27T14:32:47","date_gmt":"2025-08-27T11:32:47","guid":{"rendered":"https:\/\/roveyayinevi.com.tr\/index.php\/urun\/iyi-ki-dogdun-kotu-kedi-ciltli\/"},"modified":"2026-04-16T02:05:52","modified_gmt":"2026-04-15T23:05:52","slug":"iyi-ki-dogdun-kotu-kedi-ciltli","status":"publish","type":"product","link":"https:\/\/roveyayinevi.com.tr\/index.php\/urun\/iyi-ki-dogdun-kotu-kedi-ciltli\/","title":{"rendered":"\u0130yi ki Do\u011fdun K\u00f6t\u00fc Kedi (Ciltli)"},"content":{"rendered":"<p>Partiye Haz\u0131r m\u0131s\u0131n? Bug\u00fcn K\u00f6t\u00fc Kedi\u2019nin do\u011fum g\u00fcn\u00fc. Tabii o da \u00e7ok \u00f6zel bir arma\u011fan bekliyor. E\u011fer arma\u011fanlar\u0131n\u0131 be\u011fenmezse&#8230; konuklar i\u00e7in hi\u00e7 de iyi olmaz. Konuk listesinde Geveze Kedi, Garip Kedi, Kokarca Kedi ve mahalledeki di\u011fer kediler var. Tabii Tonton Amca ve Ku\u00e7u\u2019yu da unutmayal\u0131m! B\u00f6yle bir parti hi\u00e7 g\u00f6rmedin! Ama emin ol, \u00e7ok e\u011fleneceksin!<\/p>\n","protected":false},"excerpt":{"rendered":"<p>Partiye Haz\u0131r m\u0131s\u0131n? Bug\u00fcn K\u00f6t\u00fc Kedi\u2019nin do\u011fum g\u00fcn\u00fc. Tabii o da \u00e7ok \u00f6zel bir arma\u011fan bekliyor. E\u011fer arma\u011fanlar\u0131n\u0131 be\u011fenmezse&#8230; konuklar i\u00e7in hi\u00e7 de iyi olmaz. Konuk<span class=\"excerpt-hellip\"> [\u2026]<\/span><\/p>\n","protected":false},"featured_media":0,"template":"","meta":{"_monsterinsights_skip_tracking":false,"_monsterinsights_sitenote_active":false,"_monsterinsights_sitenote_note":"","_monsterinsights_sitenote_category":0},"product_brand":[],"product_cat":[12275,12274],"product_tag":[],"class_list":{"0":"post-696086","1":"product","2":"type-product","3":"status-publish","5":"product_cat-6-12-yas-kitaplari","6":"product_cat-cocuk-ve-genclik-kitaplari","7":"pa_cilt-ciltli","8":"pa_tur-kitap","9":"pa_yayinevi-epsilon-yayinlari","10":"pa_yazar-nick-bruel","12":"first","13":"instock","14":"sale","15":"shipping-taxable","16":"purchasable","17":"product-type-simple"},"_links":{"self":[{"href":"https:\/\/roveyayinevi.com.tr\/index.php\/wp-json\/wp\/v2\/product\/696086","targetHints":{"allow":["GET"]}}],"collection":[{"href":"https:\/\/roveyayinevi.com.tr\/index.php\/wp-json\/wp\/v2\/product"}],"about":[{"href":"https:\/\/roveyayinevi.com.tr\/index.php\/wp-json\/wp\/v2\/types\/product"}],"wp:attachment":[{"href":"https:\/\/roveyayinevi.com.tr\/index.php\/wp-json\/wp\/v2\/media?parent=696086"}],"wp:term":[{"taxonomy":"product_brand","embeddable":true,"href":"https:\/\/roveyayinevi.com.tr\/index.php\/wp-json\/wp\/v2\/product_brand?post=696086"},{"taxonomy":"product_cat","embeddable":true,"href":"https:\/\/roveyayinevi.com.tr\/index.php\/wp-json\/wp\/v2\/product_cat?post=696086"},{"taxonomy":"product_tag","embeddable":true,"href":"https:\/\/roveyayinevi.com.tr\/index.php\/wp-json\/wp\/v2\/product_tag?post=696086"}],"curies":[{"name":"wp","href":"https:\/\/api.w.org\/{rel}","templated":true}]}}