{"id":696085,"date":"2025-08-27T14:32:47","date_gmt":"2025-08-27T11:32:47","guid":{"rendered":"https:\/\/roveyayinevi.com.tr\/index.php\/urun\/dedektif-mickey-17-tatil-kampi\/"},"modified":"2025-09-01T09:01:01","modified_gmt":"2025-09-01T06:01:01","slug":"dedektif-mickey-17-tatil-kampi","status":"publish","type":"product","link":"https:\/\/roveyayinevi.com.tr\/index.php\/urun\/dedektif-mickey-17-tatil-kampi\/","title":{"rendered":"Dedektif Mickey 17 &#8211; Tatil Kamp\u0131"},"content":{"rendered":"<p>\u00c7i\u00e7ekli Da\u011f yaz kamp\u0131ndaki yoklamada Cem ile Can\u2019\u0131n da aralar\u0131nda bulundu\u011fu alt\u0131 \u00e7ocu\u011fun kaybolduklar\u0131 anla\u015f\u0131l\u0131r. Acil olarak yard\u0131ma \u00e7a\u011fr\u0131lan Mickey ile Minnie hemen ara\u015ft\u0131rmalar\u0131na ba\u015flarlar&#8230; <\/p>\n","protected":false},"excerpt":{"rendered":"<p>\u00c7i\u00e7ekli Da\u011f yaz kamp\u0131ndaki yoklamada Cem ile Can\u2019\u0131n da aralar\u0131nda bulundu\u011fu alt\u0131 \u00e7ocu\u011fun kaybolduklar\u0131 anla\u015f\u0131l\u0131r. Acil olarak yard\u0131ma \u00e7a\u011fr\u0131lan Mickey ile Minnie hemen ara\u015ft\u0131rmalar\u0131na ba\u015flarlar&#8230;<\/p>\n","protected":false},"featured_media":0,"template":"","meta":{"_monsterinsights_skip_tracking":false,"_monsterinsights_sitenote_active":false,"_monsterinsights_sitenote_note":"","_monsterinsights_sitenote_category":0},"product_brand":[],"product_cat":[12274,12284],"product_tag":[],"class_list":{"0":"post-696085","1":"product","2":"type-product","3":"status-publish","5":"product_cat-cocuk-ve-genclik-kitaplari","6":"product_cat-hikayeler","7":"pa_tur-kitap","8":"pa_yayinevi-dogan-egmont-yayincilik","9":"pa_yazar-sophiek","11":"first","12":"instock","13":"sale","14":"shipping-taxable","15":"purchasable","16":"product-type-simple"},"_links":{"self":[{"href":"https:\/\/roveyayinevi.com.tr\/index.php\/wp-json\/wp\/v2\/product\/696085","targetHints":{"allow":["GET"]}}],"collection":[{"href":"https:\/\/roveyayinevi.com.tr\/index.php\/wp-json\/wp\/v2\/product"}],"about":[{"href":"https:\/\/roveyayinevi.com.tr\/index.php\/wp-json\/wp\/v2\/types\/product"}],"wp:attachment":[{"href":"https:\/\/roveyayinevi.com.tr\/index.php\/wp-json\/wp\/v2\/media?parent=696085"}],"wp:term":[{"taxonomy":"product_brand","embeddable":true,"href":"https:\/\/roveyayinevi.com.tr\/index.php\/wp-json\/wp\/v2\/product_brand?post=696085"},{"taxonomy":"product_cat","embeddable":true,"href":"https:\/\/roveyayinevi.com.tr\/index.php\/wp-json\/wp\/v2\/product_cat?post=696085"},{"taxonomy":"product_tag","embeddable":true,"href":"https:\/\/roveyayinevi.com.tr\/index.php\/wp-json\/wp\/v2\/product_tag?post=696085"}],"curies":[{"name":"wp","href":"https:\/\/api.w.org\/{rel}","templated":true}]}}