{"id":696084,"date":"2025-08-27T14:32:47","date_gmt":"2025-08-27T11:32:47","guid":{"rendered":"https:\/\/roveyayinevi.com.tr\/index.php\/urun\/dedektif-mickey-20-sakli-tutsaklar\/"},"modified":"2026-02-03T02:08:52","modified_gmt":"2026-02-02T23:08:52","slug":"dedektif-mickey-20-sakli-tutsaklar","status":"publish","type":"product","link":"https:\/\/roveyayinevi.com.tr\/index.php\/urun\/dedektif-mickey-20-sakli-tutsaklar\/","title":{"rendered":"Dedektif Mickey 20 &#8211; Sakl\u0131 Tutsaklar"},"content":{"rendered":"<p>K\u00fc\u00e7\u00fck Momo\u2019yu bu kadar \u00e7ok korkutan acaba kimdi? Mickey ile Mini\u2019nin sokakta bulup evlerine getirdikleri Momo, k\u0131sa bir s\u00fcre sonra hi\u00e7 iz b\u0131rakmadan kay\u0131plara kar\u0131\u015fm\u0131\u015ft\u0131. \u0130ki dedektif, onun ba\u015f\u0131n\u0131n derde girmesinden kayg\u0131lan\u0131p harekete ge\u00e7tiler. Bakal\u0131m Momo\u2019yu bulmay\u0131 ba\u015faracaklar m\u0131? <\/p>\n","protected":false},"excerpt":{"rendered":"<p>K\u00fc\u00e7\u00fck Momo\u2019yu bu kadar \u00e7ok korkutan acaba kimdi? Mickey ile Mini\u2019nin sokakta bulup evlerine getirdikleri Momo, k\u0131sa bir s\u00fcre sonra hi\u00e7 iz b\u0131rakmadan kay\u0131plara kar\u0131\u015fm\u0131\u015ft\u0131. \u0130ki<span class=\"excerpt-hellip\"> [\u2026]<\/span><\/p>\n","protected":false},"featured_media":0,"template":"","meta":{"_monsterinsights_skip_tracking":false,"_monsterinsights_sitenote_active":false,"_monsterinsights_sitenote_note":"","_monsterinsights_sitenote_category":0},"product_brand":[],"product_cat":[12274,12284],"product_tag":[],"class_list":{"0":"post-696084","1":"product","2":"type-product","3":"status-publish","5":"product_cat-cocuk-ve-genclik-kitaplari","6":"product_cat-hikayeler","7":"pa_tur-kitap","8":"pa_yayinevi-dogan-egmont-yayincilik","9":"pa_yazar-philippe-gasc","11":"first","12":"instock","13":"sale","14":"shipping-taxable","15":"purchasable","16":"product-type-simple"},"_links":{"self":[{"href":"https:\/\/roveyayinevi.com.tr\/index.php\/wp-json\/wp\/v2\/product\/696084","targetHints":{"allow":["GET"]}}],"collection":[{"href":"https:\/\/roveyayinevi.com.tr\/index.php\/wp-json\/wp\/v2\/product"}],"about":[{"href":"https:\/\/roveyayinevi.com.tr\/index.php\/wp-json\/wp\/v2\/types\/product"}],"wp:attachment":[{"href":"https:\/\/roveyayinevi.com.tr\/index.php\/wp-json\/wp\/v2\/media?parent=696084"}],"wp:term":[{"taxonomy":"product_brand","embeddable":true,"href":"https:\/\/roveyayinevi.com.tr\/index.php\/wp-json\/wp\/v2\/product_brand?post=696084"},{"taxonomy":"product_cat","embeddable":true,"href":"https:\/\/roveyayinevi.com.tr\/index.php\/wp-json\/wp\/v2\/product_cat?post=696084"},{"taxonomy":"product_tag","embeddable":true,"href":"https:\/\/roveyayinevi.com.tr\/index.php\/wp-json\/wp\/v2\/product_tag?post=696084"}],"curies":[{"name":"wp","href":"https:\/\/api.w.org\/{rel}","templated":true}]}}