{"id":696079,"date":"2025-08-27T14:32:45","date_gmt":"2025-08-27T11:32:45","guid":{"rendered":"https:\/\/roveyayinevi.com.tr\/index.php\/urun\/kar-yagiyor-hayatima\/"},"modified":"2026-04-16T02:05:52","modified_gmt":"2026-04-15T23:05:52","slug":"kar-yagiyor-hayatima","status":"publish","type":"product","link":"https:\/\/roveyayinevi.com.tr\/index.php\/urun\/kar-yagiyor-hayatima\/","title":{"rendered":"Kar Ya\u011f\u0131yor Hayat\u0131ma"},"content":{"rendered":"<p>Bazen kitaplar\u0131n\u0131 okudu\u011fumuz, filmlerini, oyunlar\u0131n\u0131 seyretti\u011fimiz, resimlerine dal\u0131p gitti\u011fimiz kimi sanat\u00e7\u0131lar\u0131 tan\u0131d\u0131\u011f\u0131m\u0131zda, tan\u0131\u015f oldu\u011fumuzda eserlerindeki o duygu yo\u011funlu\u011funu yaratan ki\u015fiyle \u00f6zde\u015fle\u015ftirmekte zorluk \u00e7ekeriz. Aksi beklenmeli midir, okurun veya seyircinin buna hakk\u0131 var m\u0131d\u0131r? Buna ben yan\u0131t veremem ama Selim \u0130leri\u2019nin an\u0131lar\u0131n\u0131 okudu\u011fumuzda kendisinin tam da romanlar\u0131 ve \u00f6yk\u00fclerinde oldu\u011fu gibi \u00f6zya\u015fam\u0131nda da duygular\u0131n\u0131, t\u00fcm i\u00e7tenli\u011fi ve ini\u015f \u00e7\u0131k\u0131\u015flar\u0131yla ya\u015famay\u0131 i\u00e7selle\u015ftirmi\u015f, \u00f6yle ya\u015famay\u0131 se\u00e7mi\u015f bir yazar oldu\u011funu g\u00f6r\u00fcyoruz. Yazar\u0131n de\u011ferleri, pop\u00fcler k\u00fclt\u00fcr\u00fcn de\u011ferleriyle \u00f6rt\u00fc\u015fm\u00fcyor. Onun meselesi ba\u015fka. Onu, bilinmeyenler, g\u00f6rmezden gelinenler, de\u011feri anla\u015f\u0131lamayanlar, art\u0131k s\u00f6z\u00fc edilmeyenler ilgilendiriyor. \u0130leri, an\u0131lar\u0131 k\u0131r\u0131ld\u0131klar\u0131 yerden \u00f6zenle yap\u0131\u015ft\u0131rmaya u\u011fra\u015f\u0131yor&#8230; -\u00c7i\u011fdem Su Radikal Kitap, 8 Nisan 2005- Afife Jale, Ahmet Muhip D\u0131ranas, Azra Erhat, Beh\u00e7et Necatigil, Belgin Doruk, Cahide Sonku, Cahit U\u00e7uk, Diclehan Baban, Feriha Tevfik, Haldun Taner, Halide Edib Ad\u0131var, Kemal Tahir, Kerime Nadir, Memet Fuat, Nisa Serezli, O\u011fuz Atay, Sadri Al\u0131\u015f\u0131k, Salih Zeki Aktay, Samet A\u011fao\u011flu, Sevgi Soysal, Sevim Burak, Vedat G\u00fcnyol, Ya\u015far Nabi Nay\u0131r, Zeki Faik \u0130zer&#8230; Selim \u0130leri\u2019nin an\u0131lar\u0131ndan. \ufffcTan\u0131t\u0131m Metni<\/p>\n","protected":false},"excerpt":{"rendered":"<p>Bazen kitaplar\u0131n\u0131 okudu\u011fumuz, filmlerini, oyunlar\u0131n\u0131 seyretti\u011fimiz, resimlerine dal\u0131p gitti\u011fimiz kimi sanat\u00e7\u0131lar\u0131 tan\u0131d\u0131\u011f\u0131m\u0131zda, tan\u0131\u015f oldu\u011fumuzda eserlerindeki o duygu yo\u011funlu\u011funu yaratan ki\u015fiyle \u00f6zde\u015fle\u015ftirmekte zorluk \u00e7ekeriz. Aksi beklenmeli midir,<span class=\"excerpt-hellip\"> [\u2026]<\/span><\/p>\n","protected":false},"featured_media":0,"template":"","meta":{"_monsterinsights_skip_tracking":false,"_monsterinsights_sitenote_active":false,"_monsterinsights_sitenote_note":"","_monsterinsights_sitenote_category":0},"product_brand":[],"product_cat":[12782,12291],"product_tag":[],"class_list":{"0":"post-696079","1":"product","2":"type-product","3":"status-publish","5":"product_cat-alman-edebiyati","6":"product_cat-edebiyat","7":"pa_cilt-ciltsiz","8":"pa_tur-kitap","9":"pa_yayinevi-everest-yayinlari","10":"pa_yazar-selim-ileri","12":"first","13":"instock","14":"sale","15":"shipping-taxable","16":"purchasable","17":"product-type-simple"},"_links":{"self":[{"href":"https:\/\/roveyayinevi.com.tr\/index.php\/wp-json\/wp\/v2\/product\/696079","targetHints":{"allow":["GET"]}}],"collection":[{"href":"https:\/\/roveyayinevi.com.tr\/index.php\/wp-json\/wp\/v2\/product"}],"about":[{"href":"https:\/\/roveyayinevi.com.tr\/index.php\/wp-json\/wp\/v2\/types\/product"}],"wp:attachment":[{"href":"https:\/\/roveyayinevi.com.tr\/index.php\/wp-json\/wp\/v2\/media?parent=696079"}],"wp:term":[{"taxonomy":"product_brand","embeddable":true,"href":"https:\/\/roveyayinevi.com.tr\/index.php\/wp-json\/wp\/v2\/product_brand?post=696079"},{"taxonomy":"product_cat","embeddable":true,"href":"https:\/\/roveyayinevi.com.tr\/index.php\/wp-json\/wp\/v2\/product_cat?post=696079"},{"taxonomy":"product_tag","embeddable":true,"href":"https:\/\/roveyayinevi.com.tr\/index.php\/wp-json\/wp\/v2\/product_tag?post=696079"}],"curies":[{"name":"wp","href":"https:\/\/api.w.org\/{rel}","templated":true}]}}