{"id":696076,"date":"2025-08-27T14:32:45","date_gmt":"2025-08-27T11:32:45","guid":{"rendered":"https:\/\/roveyayinevi.com.tr\/index.php\/urun\/ne-olmus-yani\/"},"modified":"2026-04-16T02:05:52","modified_gmt":"2026-04-15T23:05:52","slug":"ne-olmus-yani","status":"publish","type":"product","link":"https:\/\/roveyayinevi.com.tr\/index.php\/urun\/ne-olmus-yani\/","title":{"rendered":"Ne Olmu\u015f Yani?"},"content":{"rendered":"<p>Y\u0131llard\u0131r gazete yaz\u0131lar\u0131n\u0131, s\u00f6yle\u015filerini \u00e7e\u015fitli yay\u0131n organlar\u0131nda \u00f6d\u00fcns\u00fczce s\u00fcrd\u00fcren Ahmet Tulgar\u2019\u0131n hemen hepsi Ak\u015fam Gazetesi\u2019nde yay\u0131nlanan   korsan   yaz\u0131lar\u0131 Ne Olmu\u015f Yani? Ad\u0131yla bir kez daha okurla bulu\u015fuyor. Bu yaz\u0131lar\u0131n   korsan   nam\u0131n\u0131 ta\u015f\u0131mas\u0131n\u0131n nedeni, her zaman medyan\u0131n ge\u00e7erli kurallar\u0131na ba\u015f e\u011fmeden, \u00f6d\u00fcn vermeden, medyan\u0131n i\u00e7inde bir korsan eylem gibi yay\u0131nlan\u0131vermeleri&#8230; S\u00fcrd\u00fc\u011f\u00fcnce.. Eylem orada bitti\u011finde, bir ba\u015fka gazetede, bir ba\u015fka dergide s\u00fcr\u00fcyor&#8230; \u00c7\u00fcnk\u00fc Ahmet Tulgar   korsanl\u0131\u011f\u0131  ndan da T\u00fcrk medyas\u0131n\u0131 sarsmaktan da vazge\u00e7miyor&#8230; <\/p>\n","protected":false},"excerpt":{"rendered":"<p>Y\u0131llard\u0131r gazete yaz\u0131lar\u0131n\u0131, s\u00f6yle\u015filerini \u00e7e\u015fitli yay\u0131n organlar\u0131nda \u00f6d\u00fcns\u00fczce s\u00fcrd\u00fcren Ahmet Tulgar\u2019\u0131n hemen hepsi Ak\u015fam Gazetesi\u2019nde yay\u0131nlanan korsan yaz\u0131lar\u0131 Ne Olmu\u015f Yani? Ad\u0131yla bir kez daha okurla<span class=\"excerpt-hellip\"> [\u2026]<\/span><\/p>\n","protected":false},"featured_media":0,"template":"","meta":{"_monsterinsights_skip_tracking":false,"_monsterinsights_sitenote_active":false,"_monsterinsights_sitenote_note":"","_monsterinsights_sitenote_category":0},"product_brand":[],"product_cat":[12337,14543],"product_tag":[],"class_list":{"0":"post-696076","1":"product","2":"type-product","3":"status-publish","5":"product_cat-politika-siyaset","6":"product_cat-turkiye-siyaseti-ve-politikasi","7":"pa_tur-kitap","8":"pa_yayinevi-everest-yayinlari","9":"pa_yazar-ahmet-tulgar","11":"first","12":"instock","13":"sale","14":"shipping-taxable","15":"purchasable","16":"product-type-simple"},"_links":{"self":[{"href":"https:\/\/roveyayinevi.com.tr\/index.php\/wp-json\/wp\/v2\/product\/696076","targetHints":{"allow":["GET"]}}],"collection":[{"href":"https:\/\/roveyayinevi.com.tr\/index.php\/wp-json\/wp\/v2\/product"}],"about":[{"href":"https:\/\/roveyayinevi.com.tr\/index.php\/wp-json\/wp\/v2\/types\/product"}],"wp:attachment":[{"href":"https:\/\/roveyayinevi.com.tr\/index.php\/wp-json\/wp\/v2\/media?parent=696076"}],"wp:term":[{"taxonomy":"product_brand","embeddable":true,"href":"https:\/\/roveyayinevi.com.tr\/index.php\/wp-json\/wp\/v2\/product_brand?post=696076"},{"taxonomy":"product_cat","embeddable":true,"href":"https:\/\/roveyayinevi.com.tr\/index.php\/wp-json\/wp\/v2\/product_cat?post=696076"},{"taxonomy":"product_tag","embeddable":true,"href":"https:\/\/roveyayinevi.com.tr\/index.php\/wp-json\/wp\/v2\/product_tag?post=696076"}],"curies":[{"name":"wp","href":"https:\/\/api.w.org\/{rel}","templated":true}]}}