{"id":696071,"date":"2025-08-27T14:32:43","date_gmt":"2025-08-27T11:32:43","guid":{"rendered":"https:\/\/roveyayinevi.com.tr\/index.php\/urun\/ayin-en-ciplak-gunu\/"},"modified":"2026-04-16T02:05:52","modified_gmt":"2026-04-15T23:05:52","slug":"ayin-en-ciplak-gunu","status":"publish","type":"product","link":"https:\/\/roveyayinevi.com.tr\/index.php\/urun\/ayin-en-ciplak-gunu\/","title":{"rendered":"Ay\u0131n En \u00c7\u0131plak G\u00fcn\u00fc"},"content":{"rendered":"<p>Herkesin ya\u015fam\u0131nda \u00e7\u0131plak g\u00fcnler vard\u0131r; savunmas\u0131z, iddias\u0131z, direnmesiz, g\u00f6steri\u015fsiz, \u00f6ylece&#8230; Yal\u0131n ve kendi halinde. \u0130\u00e7ine kimsenin kabul edilmedi\u011fi, al\u0131nmad\u0131\u011f\u0131, hani o \u2018en yak\u0131nlar\u2019\u0131n bile.. Bu kitaptaki \u00f6yk\u00fcler benim en \u00e7\u0131plak g\u00fcnlerimde yaz\u0131ld\u0131lar. K\u0131v\u0131rc\u0131k sa\u00e7l\u0131 kad\u0131n, ilk kez korkmadan alt\u0131 y\u0131l boyu \u00e7ekinerek saklad\u0131klar\u0131n\u0131 \u00e7\u0131kartt\u0131, g\u00f6z\u00fcn\u00fcn \u00f6n\u00fcne serdi. \u0130nsan\u0131n en korkun\u00e7 s\u0131rlar\u0131 kendisinden saklad\u0131klar\u0131d\u0131r. Kocas\u0131n\u0131, onun kendisiyle ilgili en k\u00fc\u00e7\u00fck \u015fakay\u0131 kald\u0131ramay\u0131\u015f\u0131n\u0131, kendini uyurken bile \u00f6nemseyi\u015fini, kar\u0131s\u0131n\u0131n problemleri s\u00f6z konusu oldu\u011funda i\u015flerinin aniden yo\u011funla\u015fmas\u0131n\u0131, alt\u0131 y\u0131l\u0131 dolduran hep onun kitaplar\u0131, filmleri, dostlar\u0131, sorunlar\u0131, i\u015f kayg\u0131lar\u0131, plaklar\u0131, r\u0131, r\u0131, r\u0131lar\u0131 d\u00fc\u015f\u00fcnd\u00fc.<\/p>\n","protected":false},"excerpt":{"rendered":"<p>Herkesin ya\u015fam\u0131nda \u00e7\u0131plak g\u00fcnler vard\u0131r; savunmas\u0131z, iddias\u0131z, direnmesiz, g\u00f6steri\u015fsiz, \u00f6ylece&#8230; Yal\u0131n ve kendi halinde. \u0130\u00e7ine kimsenin kabul edilmedi\u011fi, al\u0131nmad\u0131\u011f\u0131, hani o \u2018en yak\u0131nlar\u2019\u0131n bile.. Bu kitaptaki<span class=\"excerpt-hellip\"> [\u2026]<\/span><\/p>\n","protected":false},"featured_media":0,"template":"","meta":{"_monsterinsights_skip_tracking":false,"_monsterinsights_sitenote_active":false,"_monsterinsights_sitenote_note":"","_monsterinsights_sitenote_category":0},"product_brand":[],"product_cat":[12291,12711],"product_tag":[],"class_list":{"0":"post-696071","1":"product","2":"type-product","3":"status-publish","5":"product_cat-edebiyat","6":"product_cat-roman-oyku","7":"pa_cilt-ciltsiz","8":"pa_tur-kitap","9":"pa_yayinevi-everest-yayinlari","10":"pa_yazar-buket-uzuner","12":"first","13":"instock","14":"sale","15":"shipping-taxable","16":"purchasable","17":"product-type-simple"},"_links":{"self":[{"href":"https:\/\/roveyayinevi.com.tr\/index.php\/wp-json\/wp\/v2\/product\/696071","targetHints":{"allow":["GET"]}}],"collection":[{"href":"https:\/\/roveyayinevi.com.tr\/index.php\/wp-json\/wp\/v2\/product"}],"about":[{"href":"https:\/\/roveyayinevi.com.tr\/index.php\/wp-json\/wp\/v2\/types\/product"}],"wp:attachment":[{"href":"https:\/\/roveyayinevi.com.tr\/index.php\/wp-json\/wp\/v2\/media?parent=696071"}],"wp:term":[{"taxonomy":"product_brand","embeddable":true,"href":"https:\/\/roveyayinevi.com.tr\/index.php\/wp-json\/wp\/v2\/product_brand?post=696071"},{"taxonomy":"product_cat","embeddable":true,"href":"https:\/\/roveyayinevi.com.tr\/index.php\/wp-json\/wp\/v2\/product_cat?post=696071"},{"taxonomy":"product_tag","embeddable":true,"href":"https:\/\/roveyayinevi.com.tr\/index.php\/wp-json\/wp\/v2\/product_tag?post=696071"}],"curies":[{"name":"wp","href":"https:\/\/api.w.org\/{rel}","templated":true}]}}