{"id":696070,"date":"2025-08-27T14:32:43","date_gmt":"2025-08-27T11:32:43","guid":{"rendered":"https:\/\/roveyayinevi.com.tr\/index.php\/urun\/ay-kiriklari\/"},"modified":"2025-11-22T02:44:57","modified_gmt":"2025-11-21T23:44:57","slug":"ay-kiriklari","status":"publish","type":"product","link":"https:\/\/roveyayinevi.com.tr\/index.php\/urun\/ay-kiriklari\/","title":{"rendered":"Ay K\u0131r\u0131klar\u0131"},"content":{"rendered":"<p>Pop\u00fcler tarih kitaplar\u0131yla \u00fcnl\u00fc Claudia Hampton, \u00f6l\u00fcm d\u00f6\u015fe\u011finde sessiz sedas\u0131z yatarken, asl\u0131nda zihninde en \u00f6nemli eserini yazmaktad\u0131r: Bir d\u00fcnya tarihi. Belki de daha \u00e7ok kendi d\u00fcnyas\u0131n\u0131n tarihi&#8230; <\/p>\n","protected":false},"excerpt":{"rendered":"<p>Pop\u00fcler tarih kitaplar\u0131yla \u00fcnl\u00fc Claudia Hampton, \u00f6l\u00fcm d\u00f6\u015fe\u011finde sessiz sedas\u0131z yatarken, asl\u0131nda zihninde en \u00f6nemli eserini yazmaktad\u0131r: Bir d\u00fcnya tarihi. Belki de daha \u00e7ok kendi d\u00fcnyas\u0131n\u0131n<span class=\"excerpt-hellip\"> [\u2026]<\/span><\/p>\n","protected":false},"featured_media":0,"template":"","meta":{"_monsterinsights_skip_tracking":false,"_monsterinsights_sitenote_active":false,"_monsterinsights_sitenote_note":"","_monsterinsights_sitenote_category":0},"product_brand":[],"product_cat":[12291,12866],"product_tag":[],"class_list":{"0":"post-696070","1":"product","2":"type-product","3":"status-publish","5":"product_cat-edebiyat","6":"product_cat-ingiliz-edebiyati","7":"pa_tur-kitap","8":"pa_yayinevi-everest-yayinlari","9":"pa_yazar-penelope-lively","11":"first","12":"instock","13":"sale","14":"shipping-taxable","15":"purchasable","16":"product-type-simple"},"_links":{"self":[{"href":"https:\/\/roveyayinevi.com.tr\/index.php\/wp-json\/wp\/v2\/product\/696070","targetHints":{"allow":["GET"]}}],"collection":[{"href":"https:\/\/roveyayinevi.com.tr\/index.php\/wp-json\/wp\/v2\/product"}],"about":[{"href":"https:\/\/roveyayinevi.com.tr\/index.php\/wp-json\/wp\/v2\/types\/product"}],"wp:attachment":[{"href":"https:\/\/roveyayinevi.com.tr\/index.php\/wp-json\/wp\/v2\/media?parent=696070"}],"wp:term":[{"taxonomy":"product_brand","embeddable":true,"href":"https:\/\/roveyayinevi.com.tr\/index.php\/wp-json\/wp\/v2\/product_brand?post=696070"},{"taxonomy":"product_cat","embeddable":true,"href":"https:\/\/roveyayinevi.com.tr\/index.php\/wp-json\/wp\/v2\/product_cat?post=696070"},{"taxonomy":"product_tag","embeddable":true,"href":"https:\/\/roveyayinevi.com.tr\/index.php\/wp-json\/wp\/v2\/product_tag?post=696070"}],"curies":[{"name":"wp","href":"https:\/\/api.w.org\/{rel}","templated":true}]}}