{"id":696067,"date":"2025-08-27T14:32:42","date_gmt":"2025-08-27T11:32:42","guid":{"rendered":"https:\/\/roveyayinevi.com.tr\/index.php\/urun\/yeter-ki-iste\/"},"modified":"2026-04-16T02:05:52","modified_gmt":"2026-04-15T23:05:52","slug":"yeter-ki-iste","status":"publish","type":"product","link":"https:\/\/roveyayinevi.com.tr\/index.php\/urun\/yeter-ki-iste\/","title":{"rendered":"Yeter ki \u0130ste"},"content":{"rendered":"<p>Do\u011fru \u0130stersen Olur   kitab\u0131n\u0131n ba\u015far\u0131s\u0131ndan sonra, yazar Pierre Franckh do\u011fru form\u00fcle edilmi\u015f isteklerin ger\u00e7ekle\u015fti\u011fini ispatl\u0131yor. <\/p>\n","protected":false},"excerpt":{"rendered":"<p>Do\u011fru \u0130stersen Olur kitab\u0131n\u0131n ba\u015far\u0131s\u0131ndan sonra, yazar Pierre Franckh do\u011fru form\u00fcle edilmi\u015f isteklerin ger\u00e7ekle\u015fti\u011fini ispatl\u0131yor.<\/p>\n","protected":false},"featured_media":0,"template":"","meta":{"_monsterinsights_skip_tracking":false,"_monsterinsights_sitenote_active":false,"_monsterinsights_sitenote_note":"","_monsterinsights_sitenote_category":0},"product_brand":[],"product_cat":[12364,12376],"product_tag":[],"class_list":{"0":"post-696067","1":"product","2":"type-product","3":"status-publish","5":"product_cat-genel-konular","6":"product_cat-kisisel-gelisim","7":"pa_tur-kitap","8":"pa_yayinevi-elips-kitap","9":"pa_yazar-pierre-franckh","11":"first","12":"instock","13":"sale","14":"shipping-taxable","15":"purchasable","16":"product-type-simple"},"_links":{"self":[{"href":"https:\/\/roveyayinevi.com.tr\/index.php\/wp-json\/wp\/v2\/product\/696067","targetHints":{"allow":["GET"]}}],"collection":[{"href":"https:\/\/roveyayinevi.com.tr\/index.php\/wp-json\/wp\/v2\/product"}],"about":[{"href":"https:\/\/roveyayinevi.com.tr\/index.php\/wp-json\/wp\/v2\/types\/product"}],"wp:attachment":[{"href":"https:\/\/roveyayinevi.com.tr\/index.php\/wp-json\/wp\/v2\/media?parent=696067"}],"wp:term":[{"taxonomy":"product_brand","embeddable":true,"href":"https:\/\/roveyayinevi.com.tr\/index.php\/wp-json\/wp\/v2\/product_brand?post=696067"},{"taxonomy":"product_cat","embeddable":true,"href":"https:\/\/roveyayinevi.com.tr\/index.php\/wp-json\/wp\/v2\/product_cat?post=696067"},{"taxonomy":"product_tag","embeddable":true,"href":"https:\/\/roveyayinevi.com.tr\/index.php\/wp-json\/wp\/v2\/product_tag?post=696067"}],"curies":[{"name":"wp","href":"https:\/\/api.w.org\/{rel}","templated":true}]}}