{"id":696048,"date":"2025-08-27T14:32:36","date_gmt":"2025-08-27T11:32:36","guid":{"rendered":"https:\/\/roveyayinevi.com.tr\/index.php\/urun\/butun-eserleri-7-eylembilim\/"},"modified":"2026-04-16T02:05:51","modified_gmt":"2026-04-15T23:05:51","slug":"butun-eserleri-7-eylembilim","status":"publish","type":"product","link":"https:\/\/roveyayinevi.com.tr\/index.php\/urun\/butun-eserleri-7-eylembilim\/","title":{"rendered":"B\u00fct\u00fcn Eserleri 7 &#8211; Eylembilim"},"content":{"rendered":"<p>Ge\u00e7ti\u011fimiz y\u0131l 20. \u00f6l\u00fcm y\u0131ld\u00f6n\u00fcm\u00fcn\u00fc idrak etti\u011fimiz O\u011fuz Atay\u2019\u0131n bitiremeden aram\u0131zdan ayr\u0131ld\u0131\u011f\u0131 son eseri nihayet \u201ctamamland\u0131\u201d. Uzun \u201cedeb\u00ee polisiye\u201d u\u011fra\u015flara ra\u011fmen ilk b\u00f6l\u00fcm\u00fc bulunamayan Eylembilim\u2019i y\u0131llar \u00f6nce, O\u011fuz Atay okurlar\u0131n\u0131n istekleri kar\u015f\u0131s\u0131nda G\u00fcnl\u00fck\u2019e ekleyerek yay\u0131mlamak \u201czorunda\u201d kalm\u0131\u015ft\u0131k. \u0130yi de yapm\u0131\u015f\u0131z&#8230; Belki de bu sayede, edebiyat\u0131m\u0131z\u0131n yeri doldurulamaz usta kaleminin bu \u201cson ba\u015fyap\u0131t\u201d\u0131n\u0131, ailesinin de de\u011ferli katk\u0131lar\u0131yla g\u00fcn \u0131\u015f\u0131\u011f\u0131na \u00e7\u0131karabildik. \u015eimdi, Cevat \u00c7apan\u2019\u0131n \u201cO\u011fuz Atay\u2019a Mektup\u201duyla ve G\u00fcnl\u00fck\u2019ten ayr\u0131 bir kitap olarak sunuyoruz. Eylembilim, ba\u015fl\u0131\u011f\u0131 gibi, O\u011fuz Atay\u2019a \u00f6zg\u00fc ironinin b\u00fct\u00fcn inceliklerini ta\u015f\u0131yor.  \u00dclke 12 Mart arefesindedir. \u00d6\u011frenci \u00e7at\u0131\u015fmalar\u0131, \u00fcniversite i\u015fgalleri, forumlar&#8230; Roman\u0131n kahramanlar\u0131, olaylar kar\u015f\u0131s\u0131nda saf tutmaya ya da tutmamaya \u00e7al\u0131\u015fan \u201cakademikler\u201ddir. Bir \u00fcniversitede geli\u015fen olaylar, bir matematik profes\u00f6r\u00fcn\u00fcn, Server G\u00f6zbudak\u2019\u0131n \u201chat\u0131rat\u201d\u0131ndan nakledilir. O\u011fuz Atay Eylembilim\u2019de, Cevat \u00c7apan\u2019\u0131n \u201cO\u011fuz Atay\u2019a Mektup\u201dta belirtti\u011fi gibi, kara mizah g\u00f6sterilerinden birinin daha doruklar\u0131na ula\u015ft\u0131r\u0131yor bizleri&#8230;<\/p>\n","protected":false},"excerpt":{"rendered":"<p>Ge\u00e7ti\u011fimiz y\u0131l 20. \u00f6l\u00fcm y\u0131ld\u00f6n\u00fcm\u00fcn\u00fc idrak etti\u011fimiz O\u011fuz Atay\u2019\u0131n bitiremeden aram\u0131zdan ayr\u0131ld\u0131\u011f\u0131 son eseri nihayet \u201ctamamland\u0131\u201d. Uzun \u201cedeb\u00ee polisiye\u201d u\u011fra\u015flara ra\u011fmen ilk b\u00f6l\u00fcm\u00fc bulunamayan Eylembilim\u2019i y\u0131llar<span class=\"excerpt-hellip\"> [\u2026]<\/span><\/p>\n","protected":false},"featured_media":0,"template":"","meta":{"_monsterinsights_skip_tracking":false,"_monsterinsights_sitenote_active":false,"_monsterinsights_sitenote_note":"","_monsterinsights_sitenote_category":0},"product_brand":[],"product_cat":[12291,12292],"product_tag":[],"class_list":{"0":"post-696048","1":"product","2":"type-product","3":"status-publish","5":"product_cat-edebiyat","6":"product_cat-turk-edebiyati","7":"pa_cilt-ciltsiz","8":"pa_tur-kitap","9":"pa_yayinevi-iletisim-yayinlari","10":"pa_yazar-oguz-atay","12":"first","13":"instock","14":"sale","15":"shipping-taxable","16":"purchasable","17":"product-type-simple"},"_links":{"self":[{"href":"https:\/\/roveyayinevi.com.tr\/index.php\/wp-json\/wp\/v2\/product\/696048","targetHints":{"allow":["GET"]}}],"collection":[{"href":"https:\/\/roveyayinevi.com.tr\/index.php\/wp-json\/wp\/v2\/product"}],"about":[{"href":"https:\/\/roveyayinevi.com.tr\/index.php\/wp-json\/wp\/v2\/types\/product"}],"wp:attachment":[{"href":"https:\/\/roveyayinevi.com.tr\/index.php\/wp-json\/wp\/v2\/media?parent=696048"}],"wp:term":[{"taxonomy":"product_brand","embeddable":true,"href":"https:\/\/roveyayinevi.com.tr\/index.php\/wp-json\/wp\/v2\/product_brand?post=696048"},{"taxonomy":"product_cat","embeddable":true,"href":"https:\/\/roveyayinevi.com.tr\/index.php\/wp-json\/wp\/v2\/product_cat?post=696048"},{"taxonomy":"product_tag","embeddable":true,"href":"https:\/\/roveyayinevi.com.tr\/index.php\/wp-json\/wp\/v2\/product_tag?post=696048"}],"curies":[{"name":"wp","href":"https:\/\/api.w.org\/{rel}","templated":true}]}}