{"id":696046,"date":"2025-08-27T14:32:36","date_gmt":"2025-08-27T11:32:36","guid":{"rendered":"https:\/\/roveyayinevi.com.tr\/index.php\/urun\/biz-kimden-kaciyorduk-anne\/"},"modified":"2025-09-01T09:00:42","modified_gmt":"2025-09-01T06:00:42","slug":"biz-kimden-kaciyorduk-anne","status":"publish","type":"product","link":"https:\/\/roveyayinevi.com.tr\/index.php\/urun\/biz-kimden-kaciyorduk-anne\/","title":{"rendered":"Biz Kimden Ka\u00e7\u0131yorduk Anne?"},"content":{"rendered":"<p>Sonra birden s\u0131rt\u00fcst\u00fc b\u0131rak\u0131yor kendini.Kafas\u0131n\u0131 g\u00fcm diye ta\u015flara \u00e7arp\u0131yor.\u201cAnnecim! \u0130yi misin? \u0130yi misin Annecim?\u201dAnnemin ba\u015f\u0131n\u0131 kuca\u011f\u0131ma yerle\u015ftiriyorum. K\u0131\u015f g\u00fcne\u015fi birtak\u0131mbulutlar\u0131n arkas\u0131na gizleniyor.Sanki k\u0131\u015f g\u00fcne\u015fi bile bize iyi gelmek istemiyor.\u201cBurda her \u015fey k\u00f6t\u00fc gidiyor,\u201d diyor Annem.\u201cG\u00fcne\u015fli bir yere gidelim Annecim. S\u0131cak bir yere.R\u00fczg\u00e2rdan kurtulaca\u011f\u0131m\u0131z bir yer olsun.\u201d\u201cR\u00fczg\u00e2r kafama kafama sokmak i\u00e7in u\u011fra\u015f\u0131yor:B\u00fcy\u00fcyorsun. B\u00fcy\u00fcyeceksin.\u201d\u201cN\u2019olur Annecim.\u201d A\u011flamaya ba\u015fl\u0131yorum. Annem kafas\u0131n\u0131 yatt\u0131\u011f\u0131ta\u015flara vuracak diye korkuyorum. Korkumdan a\u011flamaya ba\u015fl\u0131yorum.\u201cN\u2019olur Annecim, n\u2019olur bir \u015fey yapma.\u201dAnnem do\u011fruluyor. Beni kendine do\u011fru \u00e7ekiyor.\u201cSeni bu kadar korkutuyor muyum? Affet beni Bambim.Benim g\u00fczel bebe\u011fim, ba\u011f\u0131\u015fla anneni.\u201dAya\u011fa f\u0131rlay\u0131p beni de kald\u0131r\u0131yor. Otele kadar ko\u015fuyoruz.Annem r\u00fczg\u00e2r\u0131 yendi! B\u00fcy\u00fcmemden de korkmuyor art\u0131k.Annem kendine geldi. Bir daha Bambi\u2019yi okumayacak bana.Ben de b\u00fcy\u00fcyorum art\u0131k. B\u00fcy\u00fcyebilirim. Annemi hi\u00e7 \u00fczmeden.Annemi u\u0308zmeden rahat rahat b\u00fcy\u00fcyebilirim. \u201cK\u0131r\u0131k bir kalbin roman\u0131; ayn\u0131 zamanda tekinsiz bir gerilim\u2026\u201dNeue Luzerner Zeitung, \u0130svi\u00e7re<\/p>\n","protected":false},"excerpt":{"rendered":"<p>Sonra birden s\u0131rt\u00fcst\u00fc b\u0131rak\u0131yor kendini.Kafas\u0131n\u0131 g\u00fcm diye ta\u015flara \u00e7arp\u0131yor.\u201cAnnecim! \u0130yi misin? \u0130yi misin Annecim?\u201dAnnemin ba\u015f\u0131n\u0131 kuca\u011f\u0131ma yerle\u015ftiriyorum. K\u0131\u015f g\u00fcne\u015fi birtak\u0131mbulutlar\u0131n arkas\u0131na gizleniyor.Sanki k\u0131\u015f g\u00fcne\u015fi bile bize<span class=\"excerpt-hellip\"> [\u2026]<\/span><\/p>\n","protected":false},"featured_media":0,"template":"","meta":{"_monsterinsights_skip_tracking":false,"_monsterinsights_sitenote_active":false,"_monsterinsights_sitenote_note":"","_monsterinsights_sitenote_category":0},"product_brand":[],"product_cat":[12291,12292],"product_tag":[],"class_list":{"0":"post-696046","1":"product","2":"type-product","3":"status-publish","5":"product_cat-edebiyat","6":"product_cat-turk-edebiyati","7":"pa_cilt-ciltsiz","8":"pa_tur-kitap","9":"pa_yayinevi-everest-yayinlari","10":"pa_yazar-perihan-magden","12":"first","13":"instock","14":"sale","15":"shipping-taxable","16":"purchasable","17":"product-type-simple"},"_links":{"self":[{"href":"https:\/\/roveyayinevi.com.tr\/index.php\/wp-json\/wp\/v2\/product\/696046","targetHints":{"allow":["GET"]}}],"collection":[{"href":"https:\/\/roveyayinevi.com.tr\/index.php\/wp-json\/wp\/v2\/product"}],"about":[{"href":"https:\/\/roveyayinevi.com.tr\/index.php\/wp-json\/wp\/v2\/types\/product"}],"wp:attachment":[{"href":"https:\/\/roveyayinevi.com.tr\/index.php\/wp-json\/wp\/v2\/media?parent=696046"}],"wp:term":[{"taxonomy":"product_brand","embeddable":true,"href":"https:\/\/roveyayinevi.com.tr\/index.php\/wp-json\/wp\/v2\/product_brand?post=696046"},{"taxonomy":"product_cat","embeddable":true,"href":"https:\/\/roveyayinevi.com.tr\/index.php\/wp-json\/wp\/v2\/product_cat?post=696046"},{"taxonomy":"product_tag","embeddable":true,"href":"https:\/\/roveyayinevi.com.tr\/index.php\/wp-json\/wp\/v2\/product_tag?post=696046"}],"curies":[{"name":"wp","href":"https:\/\/api.w.org\/{rel}","templated":true}]}}