{"id":696045,"date":"2025-08-27T14:32:35","date_gmt":"2025-08-27T11:32:35","guid":{"rendered":"https:\/\/roveyayinevi.com.tr\/index.php\/urun\/falaka-6\/"},"modified":"2026-04-16T02:05:51","modified_gmt":"2026-04-15T23:05:51","slug":"falaka-6","status":"publish","type":"product","link":"https:\/\/roveyayinevi.com.tr\/index.php\/urun\/falaka-6\/","title":{"rendered":"Falaka"},"content":{"rendered":"<p>Sevgi, \u00fcz\u00fcnt\u00fc, azim, yard\u0131mseverlik Ahmet Rasim\u2019in \u00e7ocuklu\u011fu, okul y\u0131llar\u0131 ve \u00f6\u011fretmenleriyle ilgili hat\u0131ralar\u0131n\u0131n yer ald\u0131\u011f\u0131 bir kitap.<\/p>\n","protected":false},"excerpt":{"rendered":"<p>Sevgi, \u00fcz\u00fcnt\u00fc, azim, yard\u0131mseverlik Ahmet Rasim\u2019in \u00e7ocuklu\u011fu, okul y\u0131llar\u0131 ve \u00f6\u011fretmenleriyle ilgili hat\u0131ralar\u0131n\u0131n yer ald\u0131\u011f\u0131 bir kitap.<\/p>\n","protected":false},"featured_media":0,"template":"","meta":{"_monsterinsights_skip_tracking":false,"_monsterinsights_sitenote_active":false,"_monsterinsights_sitenote_note":"","_monsterinsights_sitenote_category":0},"product_brand":[],"product_cat":[12274,18802],"product_tag":[],"class_list":{"0":"post-696045","1":"product","2":"type-product","3":"status-publish","5":"product_cat-cocuk-ve-genclik-kitaplari","6":"product_cat-din-egitimi","7":"pa_cilt-ciltsiz","8":"pa_tur-kitap","9":"pa_yayinevi-erdem-cocuk","10":"pa_yazar-ahmet-rasim","12":"first","13":"instock","14":"sale","15":"shipping-taxable","16":"purchasable","17":"product-type-simple"},"_links":{"self":[{"href":"https:\/\/roveyayinevi.com.tr\/index.php\/wp-json\/wp\/v2\/product\/696045","targetHints":{"allow":["GET"]}}],"collection":[{"href":"https:\/\/roveyayinevi.com.tr\/index.php\/wp-json\/wp\/v2\/product"}],"about":[{"href":"https:\/\/roveyayinevi.com.tr\/index.php\/wp-json\/wp\/v2\/types\/product"}],"wp:attachment":[{"href":"https:\/\/roveyayinevi.com.tr\/index.php\/wp-json\/wp\/v2\/media?parent=696045"}],"wp:term":[{"taxonomy":"product_brand","embeddable":true,"href":"https:\/\/roveyayinevi.com.tr\/index.php\/wp-json\/wp\/v2\/product_brand?post=696045"},{"taxonomy":"product_cat","embeddable":true,"href":"https:\/\/roveyayinevi.com.tr\/index.php\/wp-json\/wp\/v2\/product_cat?post=696045"},{"taxonomy":"product_tag","embeddable":true,"href":"https:\/\/roveyayinevi.com.tr\/index.php\/wp-json\/wp\/v2\/product_tag?post=696045"}],"curies":[{"name":"wp","href":"https:\/\/api.w.org\/{rel}","templated":true}]}}