{"id":696043,"date":"2025-08-27T14:32:35","date_gmt":"2025-08-27T11:32:35","guid":{"rendered":"https:\/\/roveyayinevi.com.tr\/index.php\/urun\/don-kisot-4\/"},"modified":"2026-04-16T02:05:51","modified_gmt":"2026-04-15T23:05:51","slug":"don-kisot-4","status":"publish","type":"product","link":"https:\/\/roveyayinevi.com.tr\/index.php\/urun\/don-kisot-4\/","title":{"rendered":"Don Ki\u015fot"},"content":{"rendered":"<p>Okudu\u011fu \u015f\u00f6valye kitaplar\u0131 y\u00fcz\u00fcnden kendini \u015f\u00f6valye zanneden Don Ki\u015fot, kendine hayali bir d\u00fcnya kurar. Bu hayali d\u00fcnyada Dulsina adl\u0131 bir han\u0131m da vard\u0131r. Don Ki\u015fot, Dulsina u\u011fruna maceradan maceraya ko\u015far.<\/p>\n","protected":false},"excerpt":{"rendered":"<p>Okudu\u011fu \u015f\u00f6valye kitaplar\u0131 y\u00fcz\u00fcnden kendini \u015f\u00f6valye zanneden Don Ki\u015fot, kendine hayali bir d\u00fcnya kurar. Bu hayali d\u00fcnyada Dulsina adl\u0131 bir han\u0131m da vard\u0131r. Don Ki\u015fot, Dulsina<span class=\"excerpt-hellip\"> [\u2026]<\/span><\/p>\n","protected":false},"featured_media":0,"template":"","meta":{"_monsterinsights_skip_tracking":false,"_monsterinsights_sitenote_active":false,"_monsterinsights_sitenote_note":"","_monsterinsights_sitenote_category":0},"product_brand":[],"product_cat":[12274,12284],"product_tag":[],"class_list":{"0":"post-696043","1":"product","2":"type-product","3":"status-publish","5":"product_cat-cocuk-ve-genclik-kitaplari","6":"product_cat-hikayeler","7":"pa_cilt-ciltsiz","8":"pa_tur-kitap","9":"pa_yayinevi-erdem-cocuk","10":"pa_yazar-m-de-c-saavedra","12":"first","13":"instock","14":"sale","15":"shipping-taxable","16":"purchasable","17":"product-type-simple"},"_links":{"self":[{"href":"https:\/\/roveyayinevi.com.tr\/index.php\/wp-json\/wp\/v2\/product\/696043","targetHints":{"allow":["GET"]}}],"collection":[{"href":"https:\/\/roveyayinevi.com.tr\/index.php\/wp-json\/wp\/v2\/product"}],"about":[{"href":"https:\/\/roveyayinevi.com.tr\/index.php\/wp-json\/wp\/v2\/types\/product"}],"wp:attachment":[{"href":"https:\/\/roveyayinevi.com.tr\/index.php\/wp-json\/wp\/v2\/media?parent=696043"}],"wp:term":[{"taxonomy":"product_brand","embeddable":true,"href":"https:\/\/roveyayinevi.com.tr\/index.php\/wp-json\/wp\/v2\/product_brand?post=696043"},{"taxonomy":"product_cat","embeddable":true,"href":"https:\/\/roveyayinevi.com.tr\/index.php\/wp-json\/wp\/v2\/product_cat?post=696043"},{"taxonomy":"product_tag","embeddable":true,"href":"https:\/\/roveyayinevi.com.tr\/index.php\/wp-json\/wp\/v2\/product_tag?post=696043"}],"curies":[{"name":"wp","href":"https:\/\/api.w.org\/{rel}","templated":true}]}}