{"id":696040,"date":"2025-08-27T14:32:34","date_gmt":"2025-08-27T11:32:34","guid":{"rendered":"https:\/\/roveyayinevi.com.tr\/index.php\/urun\/tarihe-gecen-hazircevaplar\/"},"modified":"2026-04-16T02:05:51","modified_gmt":"2026-04-15T23:05:51","slug":"tarihe-gecen-hazircevaplar","status":"publish","type":"product","link":"https:\/\/roveyayinevi.com.tr\/index.php\/urun\/tarihe-gecen-hazircevaplar\/","title":{"rendered":"Tarihe Ge\u00e7en Haz\u0131rcevaplar"},"content":{"rendered":"<p>Geveze bir adam, bu derece me\u015fgul ve \u00f6nemli bulu\u015flara imza atan \u00fcnl\u00fc bilginle kulaklar\u0131 normalden biraz b\u00fcy\u00fck\u00e7e oldu\u011fu i\u00e7in dalga ge\u00e7mek ister: \u201c\u00dcstat, kulaklar\u0131n\u0131z bir insan i\u00e7in fazlaca b\u00fcy\u00fck de\u011fil mi?\u201d diye sorar.  Galileo yapt\u0131\u011f\u0131 i\u015ften ba\u015f\u0131n\u0131 kald\u0131rarak adam\u0131 s\u00fczd\u00fckten sonra yeniden i\u015fine d\u00f6nerek \u015fu yan\u0131t\u0131 verir: \u201cEvet, benim kulaklar\u0131m bir insan i\u00e7in biraz fazlaca b\u00fcy\u00fck, ama seninkiler de bir e\u015fek i\u00e7in fazlaca k\u00fc\u00e7\u00fck say\u0131lmaz m\u0131?\u201d Picasso, bir gece evine d\u00f6nerken kap\u0131da evine girmeye u\u011fra\u015fan bir h\u0131rs\u0131zla kar\u015f\u0131la\u015f\u0131r. Yakalamaya f\u0131rsat kalmadan h\u0131rs\u0131z ka\u00e7ar. Derh\u00e2l evine giren Picasso, h\u0131rs\u0131z\u0131n resmini \u00e7izerek polis merkezine g\u00f6nderir. Bir hafta sonra \u00fcnl\u00fc ressama \u015fu bilgi verilir: \u201cSay\u0131n \u00fcstat! G\u00f6nderdi\u011finiz resim \u00fczerine \u00e7o\u011fu sakat olmak \u00fczere yirmi ki\u015fi, iki at, bir kedi ve birka\u00e7 adet konserve kutusu yakalanm\u0131\u015ft\u0131r.\u201d <\/p>\n","protected":false},"excerpt":{"rendered":"<p>Geveze bir adam, bu derece me\u015fgul ve \u00f6nemli bulu\u015flara imza atan \u00fcnl\u00fc bilginle kulaklar\u0131 normalden biraz b\u00fcy\u00fck\u00e7e oldu\u011fu i\u00e7in dalga ge\u00e7mek ister: \u201c\u00dcstat, kulaklar\u0131n\u0131z bir insan<span class=\"excerpt-hellip\"> [\u2026]<\/span><\/p>\n","protected":false},"featured_media":0,"template":"","meta":{"_monsterinsights_skip_tracking":false,"_monsterinsights_sitenote_active":false,"_monsterinsights_sitenote_note":"","_monsterinsights_sitenote_category":0},"product_brand":[],"product_cat":[12364,12376],"product_tag":[],"class_list":{"0":"post-696040","1":"product","2":"type-product","3":"status-publish","5":"product_cat-genel-konular","6":"product_cat-kisisel-gelisim","7":"pa_cilt-ciltsiz","8":"pa_tur-kitap","9":"pa_yayinevi-elma-yayinevi","10":"pa_yazar-akin-alici","12":"first","13":"instock","14":"sale","15":"shipping-taxable","16":"purchasable","17":"product-type-simple"},"_links":{"self":[{"href":"https:\/\/roveyayinevi.com.tr\/index.php\/wp-json\/wp\/v2\/product\/696040","targetHints":{"allow":["GET"]}}],"collection":[{"href":"https:\/\/roveyayinevi.com.tr\/index.php\/wp-json\/wp\/v2\/product"}],"about":[{"href":"https:\/\/roveyayinevi.com.tr\/index.php\/wp-json\/wp\/v2\/types\/product"}],"wp:attachment":[{"href":"https:\/\/roveyayinevi.com.tr\/index.php\/wp-json\/wp\/v2\/media?parent=696040"}],"wp:term":[{"taxonomy":"product_brand","embeddable":true,"href":"https:\/\/roveyayinevi.com.tr\/index.php\/wp-json\/wp\/v2\/product_brand?post=696040"},{"taxonomy":"product_cat","embeddable":true,"href":"https:\/\/roveyayinevi.com.tr\/index.php\/wp-json\/wp\/v2\/product_cat?post=696040"},{"taxonomy":"product_tag","embeddable":true,"href":"https:\/\/roveyayinevi.com.tr\/index.php\/wp-json\/wp\/v2\/product_tag?post=696040"}],"curies":[{"name":"wp","href":"https:\/\/api.w.org\/{rel}","templated":true}]}}