{"id":696037,"date":"2025-08-27T14:32:33","date_gmt":"2025-08-27T11:32:33","guid":{"rendered":"https:\/\/roveyayinevi.com.tr\/index.php\/urun\/bostan-ile-gulistan\/"},"modified":"2026-04-07T02:10:17","modified_gmt":"2026-04-06T23:10:17","slug":"bostan-ile-gulistan","status":"publish","type":"product","link":"https:\/\/roveyayinevi.com.tr\/index.php\/urun\/bostan-ile-gulistan\/","title":{"rendered":"Bostan \u0130le G\u00fclistan"},"content":{"rendered":"<p>Toplumsal ve ahlaki de\u011ferlerimizin, kimi zaman insanlar\u0131n kimi zaman da hayvanlar\u0131n yer ald\u0131\u011f\u0131 hik\u00e2yelerle anlat\u0131ld\u0131\u011f\u0131 bir kitap.<\/p>\n","protected":false},"excerpt":{"rendered":"<p>Toplumsal ve ahlaki de\u011ferlerimizin, kimi zaman insanlar\u0131n kimi zaman da hayvanlar\u0131n yer ald\u0131\u011f\u0131 hik\u00e2yelerle anlat\u0131ld\u0131\u011f\u0131 bir kitap.<\/p>\n","protected":false},"featured_media":0,"template":"","meta":{"_monsterinsights_skip_tracking":false,"_monsterinsights_sitenote_active":false,"_monsterinsights_sitenote_note":"","_monsterinsights_sitenote_category":0},"product_brand":[],"product_cat":[12274,12284],"product_tag":[],"class_list":{"0":"post-696037","1":"product","2":"type-product","3":"status-publish","5":"product_cat-cocuk-ve-genclik-kitaplari","6":"product_cat-hikayeler","7":"pa_cilt-ciltsiz","8":"pa_tur-kitap","9":"pa_yayinevi-erdem-cocuk","10":"pa_yazar-kollektif","12":"first","13":"instock","14":"sale","15":"shipping-taxable","16":"purchasable","17":"product-type-simple"},"_links":{"self":[{"href":"https:\/\/roveyayinevi.com.tr\/index.php\/wp-json\/wp\/v2\/product\/696037","targetHints":{"allow":["GET"]}}],"collection":[{"href":"https:\/\/roveyayinevi.com.tr\/index.php\/wp-json\/wp\/v2\/product"}],"about":[{"href":"https:\/\/roveyayinevi.com.tr\/index.php\/wp-json\/wp\/v2\/types\/product"}],"wp:attachment":[{"href":"https:\/\/roveyayinevi.com.tr\/index.php\/wp-json\/wp\/v2\/media?parent=696037"}],"wp:term":[{"taxonomy":"product_brand","embeddable":true,"href":"https:\/\/roveyayinevi.com.tr\/index.php\/wp-json\/wp\/v2\/product_brand?post=696037"},{"taxonomy":"product_cat","embeddable":true,"href":"https:\/\/roveyayinevi.com.tr\/index.php\/wp-json\/wp\/v2\/product_cat?post=696037"},{"taxonomy":"product_tag","embeddable":true,"href":"https:\/\/roveyayinevi.com.tr\/index.php\/wp-json\/wp\/v2\/product_tag?post=696037"}],"curies":[{"name":"wp","href":"https:\/\/api.w.org\/{rel}","templated":true}]}}