{"id":696034,"date":"2025-08-27T14:32:22","date_gmt":"2025-08-27T11:32:22","guid":{"rendered":"https:\/\/roveyayinevi.com.tr\/index.php\/urun\/dusler-ulkesinin-krali\/"},"modified":"2026-04-16T02:05:51","modified_gmt":"2026-04-15T23:05:51","slug":"dusler-ulkesinin-krali","status":"publish","type":"product","link":"https:\/\/roveyayinevi.com.tr\/index.php\/urun\/dusler-ulkesinin-krali\/","title":{"rendered":"D\u00fc\u015fler \u00dclkesinin Kral\u0131"},"content":{"rendered":"<p>Londral\u0131 k\u00fc\u00e7\u00fck dilenci Tom ve saray\u0131n k\u00fc\u00e7\u00fck prensi Edward birbirlerine \u00e7ok benzemektedirler. Birbirlerinin hayatlar\u0131n\u0131 merak ettikleri i\u00e7in elbiselerini de\u011fi\u015f toku\u015f ederler. K\u00fc\u00e7\u00fck gibi g\u00f6r\u00fcnen bu oyun ikisini de hi\u00e7 d\u00fc\u015f\u00fcnmedikleri bir maceraya s\u00fcr\u00fckler.<\/p>\n","protected":false},"excerpt":{"rendered":"<p>Londral\u0131 k\u00fc\u00e7\u00fck dilenci Tom ve saray\u0131n k\u00fc\u00e7\u00fck prensi Edward birbirlerine \u00e7ok benzemektedirler. Birbirlerinin hayatlar\u0131n\u0131 merak ettikleri i\u00e7in elbiselerini de\u011fi\u015f toku\u015f ederler. K\u00fc\u00e7\u00fck gibi g\u00f6r\u00fcnen bu oyun<span class=\"excerpt-hellip\"> [\u2026]<\/span><\/p>\n","protected":false},"featured_media":0,"template":"","meta":{"_monsterinsights_skip_tracking":false,"_monsterinsights_sitenote_active":false,"_monsterinsights_sitenote_note":"","_monsterinsights_sitenote_category":0},"product_brand":[],"product_cat":[12274,12284],"product_tag":[],"class_list":{"0":"post-696034","1":"product","2":"type-product","3":"status-publish","5":"product_cat-cocuk-ve-genclik-kitaplari","6":"product_cat-hikayeler","7":"pa_cilt-ciltsiz","8":"pa_tur-kitap","9":"pa_yayinevi-erdem-cocuk","10":"pa_yazar-mark-twain","12":"first","13":"instock","14":"sale","15":"shipping-taxable","16":"purchasable","17":"product-type-simple"},"_links":{"self":[{"href":"https:\/\/roveyayinevi.com.tr\/index.php\/wp-json\/wp\/v2\/product\/696034","targetHints":{"allow":["GET"]}}],"collection":[{"href":"https:\/\/roveyayinevi.com.tr\/index.php\/wp-json\/wp\/v2\/product"}],"about":[{"href":"https:\/\/roveyayinevi.com.tr\/index.php\/wp-json\/wp\/v2\/types\/product"}],"wp:attachment":[{"href":"https:\/\/roveyayinevi.com.tr\/index.php\/wp-json\/wp\/v2\/media?parent=696034"}],"wp:term":[{"taxonomy":"product_brand","embeddable":true,"href":"https:\/\/roveyayinevi.com.tr\/index.php\/wp-json\/wp\/v2\/product_brand?post=696034"},{"taxonomy":"product_cat","embeddable":true,"href":"https:\/\/roveyayinevi.com.tr\/index.php\/wp-json\/wp\/v2\/product_cat?post=696034"},{"taxonomy":"product_tag","embeddable":true,"href":"https:\/\/roveyayinevi.com.tr\/index.php\/wp-json\/wp\/v2\/product_tag?post=696034"}],"curies":[{"name":"wp","href":"https:\/\/api.w.org\/{rel}","templated":true}]}}