{"id":696033,"date":"2025-08-27T14:32:22","date_gmt":"2025-08-27T11:32:22","guid":{"rendered":"https:\/\/roveyayinevi.com.tr\/index.php\/urun\/ogretmenler-icin-beden-dili\/"},"modified":"2026-04-15T02:06:53","modified_gmt":"2026-04-14T23:06:53","slug":"ogretmenler-icin-beden-dili","status":"publish","type":"product","link":"https:\/\/roveyayinevi.com.tr\/index.php\/urun\/ogretmenler-icin-beden-dili\/","title":{"rendered":"\u00d6\u011fretmenler i\u00e7in Beden Dili"},"content":{"rendered":"<p>Fizik\u00e7i, kimyac\u0131, jeolog ve antropologdan olu\u015fan bir heyet ara\u015ft\u0131rma i\u00e7in arazide bulunmaktad\u0131r. Birden ya\u011fmur bast\u0131r\u0131r. Hemen yak\u0131ndaki bir eve s\u0131\u011f\u0131n\u0131rlar. Ev sahibi konuklar\u0131na bir \u015feyler ikram etmek i\u00e7in heyetin yan\u0131ndan ayr\u0131l\u0131r. Hepsinin dikkati odadaki soba \u00fczerinde toplan\u0131r. Soba, yerden bir metre yukar\u0131da, alt\u0131ndaki dizili ta\u015flar\u0131n \u00fczerindedir. Soban\u0131n ni\u00e7in b\u00f6yle kurulmu\u015f olabilece\u011fine dair heyet aras\u0131nda bir tart\u0131\u015fma ba\u015flar. Her biri karma\u015f\u0131k tespitlerini \u00f6ne s\u00fcrer. Biraz sonra ev sahibi salona girer. Ona soban\u0131n yukar\u0131da olmas\u0131n\u0131n nedenini sorarlar. Adam \u00e7aresizce ellerini iki yana a\u00e7arak cevaplar: &#8220;Boru yetmedi de\u2026&#8221; Bazen ger\u00e7ekler b\u00f6yledir: basit, a\u00e7\u0131k ve ortada. Ama zamanla, ger\u00e7ekle aram\u0131za teorilerden bir duvar \u00f6r\u00fcnce do\u011fru bak\u0131\u015f a\u00e7\u0131s\u0131n\u0131 kaybederiz. A\u011fa\u00e7lar y\u00fcz\u00fcnden orman\u0131 g\u00f6rememek gibi\u2026 S\u0131n\u0131fa bilgimizi, tecr\u00fcbemizi ve bedenimizi g\u00f6t\u00fcr\u00fcr\u00fcz. \u0130lk ikisi kolay fark edilmez, \u00fc\u00e7\u00fcnc\u00fcs\u00fc her zaman ortadad\u0131r. Kitap, ak\u0131ll\u0131 tahtadan, projeksiyon cihaz\u0131ndan ve g\u00f6rsellerden daha i\u015flevsel olan bedenimizi do\u011fru kullanman\u0131n, olas\u0131 hatalar\u0131m\u0131z\u0131 fark etmenin ve etraf\u0131m\u0131zdakilerin bedenlerinden d\u00f6k\u00fclen mesajlar\u0131 anlaman\u0131n yollar\u0131n\u0131 g\u00f6steriyor. Uzun, pratik yan\u0131 eksik, kitaplara hapsolmu\u015f teorilerden \u00e7ok; canl\u0131, ortada ve anlaml\u0131 olana bakman\u0131z\u0131 hedefliyor. Daha \u00f6z bir ifadeyle, sizi yormadan, &#8220;yetmeyen borulara&#8221; dikkat \u00e7ekiyor. <\/p>\n","protected":false},"excerpt":{"rendered":"<p>Fizik\u00e7i, kimyac\u0131, jeolog ve antropologdan olu\u015fan bir heyet ara\u015ft\u0131rma i\u00e7in arazide bulunmaktad\u0131r. Birden ya\u011fmur bast\u0131r\u0131r. Hemen yak\u0131ndaki bir eve s\u0131\u011f\u0131n\u0131rlar. Ev sahibi konuklar\u0131na bir \u015feyler ikram<span class=\"excerpt-hellip\"> [\u2026]<\/span><\/p>\n","protected":false},"featured_media":0,"template":"","meta":{"_monsterinsights_skip_tracking":false,"_monsterinsights_sitenote_active":false,"_monsterinsights_sitenote_note":"","_monsterinsights_sitenote_category":0},"product_brand":[],"product_cat":[12364,12376],"product_tag":[],"class_list":{"0":"post-696033","1":"product","2":"type-product","3":"status-publish","5":"product_cat-genel-konular","6":"product_cat-kisisel-gelisim","7":"pa_cilt-ciltsiz","8":"pa_tur-kitap","9":"pa_yayinevi-elma-yayinevi","10":"pa_yazar-caglayan-babacan","12":"first","13":"instock","14":"sale","15":"shipping-taxable","16":"purchasable","17":"product-type-simple"},"_links":{"self":[{"href":"https:\/\/roveyayinevi.com.tr\/index.php\/wp-json\/wp\/v2\/product\/696033","targetHints":{"allow":["GET"]}}],"collection":[{"href":"https:\/\/roveyayinevi.com.tr\/index.php\/wp-json\/wp\/v2\/product"}],"about":[{"href":"https:\/\/roveyayinevi.com.tr\/index.php\/wp-json\/wp\/v2\/types\/product"}],"wp:attachment":[{"href":"https:\/\/roveyayinevi.com.tr\/index.php\/wp-json\/wp\/v2\/media?parent=696033"}],"wp:term":[{"taxonomy":"product_brand","embeddable":true,"href":"https:\/\/roveyayinevi.com.tr\/index.php\/wp-json\/wp\/v2\/product_brand?post=696033"},{"taxonomy":"product_cat","embeddable":true,"href":"https:\/\/roveyayinevi.com.tr\/index.php\/wp-json\/wp\/v2\/product_cat?post=696033"},{"taxonomy":"product_tag","embeddable":true,"href":"https:\/\/roveyayinevi.com.tr\/index.php\/wp-json\/wp\/v2\/product_tag?post=696033"}],"curies":[{"name":"wp","href":"https:\/\/api.w.org\/{rel}","templated":true}]}}