{"id":696032,"date":"2025-08-27T14:32:22","date_gmt":"2025-08-27T11:32:22","guid":{"rendered":"https:\/\/roveyayinevi.com.tr\/index.php\/urun\/iyi-ki-farkliyiz\/"},"modified":"2026-04-16T02:05:51","modified_gmt":"2026-04-15T23:05:51","slug":"iyi-ki-farkliyiz","status":"publish","type":"product","link":"https:\/\/roveyayinevi.com.tr\/index.php\/urun\/iyi-ki-farkliyiz\/","title":{"rendered":"\u0130yi ki Farkl\u0131y\u0131z"},"content":{"rendered":"<p>\u00d6zden Aslan`\u0131n ilk kitab\u0131 herkesi \u00e7ok \u015fa\u015f\u0131rtt\u0131, benim d\u0131\u015f\u0131mda. \u00d6zden Aslan`\u0131n kariyerini ve i\u015f hayat\u0131ndaki ba\u015far\u0131lar\u0131n\u0131 bilen biri olarak kitab\u0131n\u0131n kalitesinden emindim. \u0130nsan kaynaklar\u0131 \u00fczerine bu kadar net, iyi anla\u015f\u0131l\u0131r ve uygulamaya y\u00f6nelik ba\u015fka kitap okumam\u0131\u015ft\u0131m. Bu kitap da Bir \u0130nsan Kaynaklar\u0131 Masal\u0131 kadar \u00e7arp\u0131c\u0131; mutlaka okuyun.  Ahmet \u015eerif \u0130zg\u00f6ren  \u00d6zden Aslan, yine kolay okunabilen ama \u00f6nemli mesajlar i\u00e7eren bir i\u015f d\u00fcnyas\u0131 \u00f6yk\u00fcs\u00fc ile kar\u015f\u0131m\u0131zda. Kitab\u0131n konusu, t\u00fcm d\u00fcnyada organizasyonlar\u0131n daha m\u00fckemmel \u00e7al\u0131\u015fmalar\u0131na engel olan bireysel \u00f6nyarg\u0131lar. Bir kurulu\u015fun daha ba\u015far\u0131l\u0131 olabilmesi i\u00e7in farkl\u0131l\u0131klar\u0131n fark\u0131nda olunmas\u0131n\u0131n ve duyarl\u0131l\u0131\u011f\u0131n \u00f6nemi vurgulan\u0131yor. Bazen g\u00fcld\u00fcren, bazen \u00fczen, ama hep d\u00fc\u015f\u00fcnd\u00fcren bir yap\u0131t. Uluslararas\u0131 i\u015f ili\u015fkilerinin h\u0131zla \u00f6nem kazand\u0131\u011f\u0131 \u00e7a\u011f\u0131m\u0131zda, yap\u0131 itibar\u0131yla \u00e7ok k\u00fclt\u00fcrl\u00fc olan ve zaman zaman da ho\u015fg\u00f6r\u00fc eksikli\u011fi \u00f6rneklerini g\u00f6zlemledi\u011fimiz \u00fclkemiz i\u00e7in \u00f6nemli bir kitap. B\u00fct\u00fcn bunlar\u0131n yan\u0131nda i\u00e7inde stratejik planlama hakk\u0131nda da hat\u0131r\u0131 say\u0131l\u0131r bilgiler var ki buna kitab\u0131n &#8220;bonus&#8221;u da diyebiliriz. Sadece y\u00f6neticilerin de\u011fil t\u00fcm \u00e7al\u0131\u015fanlar\u0131n faydalanabilece\u011fi bir kitap.  Prof. Dr. Erhan Erkut  Bilkent \u00dcniversitesi \u0130\u015fletme Fak\u00fcltesi Dekan\u0131 <\/p>\n","protected":false},"excerpt":{"rendered":"<p>\u00d6zden Aslan`\u0131n ilk kitab\u0131 herkesi \u00e7ok \u015fa\u015f\u0131rtt\u0131, benim d\u0131\u015f\u0131mda. \u00d6zden Aslan`\u0131n kariyerini ve i\u015f hayat\u0131ndaki ba\u015far\u0131lar\u0131n\u0131 bilen biri olarak kitab\u0131n\u0131n kalitesinden emindim. \u0130nsan kaynaklar\u0131 \u00fczerine bu<span class=\"excerpt-hellip\"> [\u2026]<\/span><\/p>\n","protected":false},"featured_media":0,"template":"","meta":{"_monsterinsights_skip_tracking":false,"_monsterinsights_sitenote_active":false,"_monsterinsights_sitenote_note":"","_monsterinsights_sitenote_category":0},"product_brand":[],"product_cat":[13043,14754],"product_tag":[],"class_list":{"0":"post-696032","1":"product","2":"type-product","3":"status-publish","5":"product_cat-ekonomi","6":"product_cat-halkla-iliskiler-insan-kaynaklari","7":"pa_cilt-ciltsiz","8":"pa_tur-kitap","9":"pa_yayinevi-elma-yayinevi","10":"pa_yazar-ozden-aslan","12":"first","13":"instock","14":"sale","15":"shipping-taxable","16":"purchasable","17":"product-type-simple"},"_links":{"self":[{"href":"https:\/\/roveyayinevi.com.tr\/index.php\/wp-json\/wp\/v2\/product\/696032","targetHints":{"allow":["GET"]}}],"collection":[{"href":"https:\/\/roveyayinevi.com.tr\/index.php\/wp-json\/wp\/v2\/product"}],"about":[{"href":"https:\/\/roveyayinevi.com.tr\/index.php\/wp-json\/wp\/v2\/types\/product"}],"wp:attachment":[{"href":"https:\/\/roveyayinevi.com.tr\/index.php\/wp-json\/wp\/v2\/media?parent=696032"}],"wp:term":[{"taxonomy":"product_brand","embeddable":true,"href":"https:\/\/roveyayinevi.com.tr\/index.php\/wp-json\/wp\/v2\/product_brand?post=696032"},{"taxonomy":"product_cat","embeddable":true,"href":"https:\/\/roveyayinevi.com.tr\/index.php\/wp-json\/wp\/v2\/product_cat?post=696032"},{"taxonomy":"product_tag","embeddable":true,"href":"https:\/\/roveyayinevi.com.tr\/index.php\/wp-json\/wp\/v2\/product_tag?post=696032"}],"curies":[{"name":"wp","href":"https:\/\/api.w.org\/{rel}","templated":true}]}}