{"id":696029,"date":"2025-08-27T14:32:21","date_gmt":"2025-08-27T11:32:21","guid":{"rendered":"https:\/\/roveyayinevi.com.tr\/index.php\/urun\/camasircinin-kizi-kucucuk\/"},"modified":"2026-03-26T17:38:10","modified_gmt":"2026-03-26T14:38:10","slug":"camasircinin-kizi-kucucuk","status":"publish","type":"product","link":"https:\/\/roveyayinevi.com.tr\/index.php\/urun\/camasircinin-kizi-kucucuk\/","title":{"rendered":"\u00c7ama\u015f\u0131rc\u0131n\u0131n K\u0131z\u0131  &#8211; K\u00fc\u00e7\u00fcc\u00fck"},"content":{"rendered":"<p>Yoksullu\u011fu ve yoksunlu\u011fu en iyi anlatan yazarlar\u0131m\u0131zdan biri olan Orhan Kemal, \u00c7ama\u015f\u0131rc\u0131n\u0131n K\u0131z\u0131&#8217;nda yer alan \u00f6yk\u00fclerinde, ya\u015fad\u0131klar\u0131 k\u0131st\u0131r\u0131lm\u0131\u015fl\u0131k ve imk\u00e2ns\u0131zl\u0131\u011fa kar\u015f\u0131n, ger\u00e7e\u011fin ac\u0131mas\u0131z so\u011fu\u011fundan, t\u00fckenmeyen hayalleriyle umutlar\u0131n\u0131 diri tutma u\u011fra\u015f\u0131 vererek korunmaya \u00e7al\u0131\u015fan insanlar\u0131n i\u00e7inden sesleniyor. \u00d6n\u00fcm\u00fcze serilen panorama, bir kez daha, ne denli b\u00fcy\u00fck bir yazarla kar\u015f\u0131 kar\u015f\u0131ya oldu\u011fumuzun \u00f6nemli bir kan\u0131t\u0131&#8230; Orhan Kemal&#8217;in kitaplar\u0131 bir okurun hayatta rastlayabilece\u011fi o \u00e7ok nadir hazineler aras\u0131nda yer al\u0131r. \u00c7ok az yazar okurunun d\u00fcnyas\u0131nda onun kadar iz b\u0131rak\u0131r, okurunu onun kadar bi\u00e7imlendirir. ,  Orhan Kemal umudu ve iyimserli\u011fi yeniden kazanmam\u0131z i\u00e7in yol g\u00f6sterir bize. Edebiyat\u0131m\u0131z\u0131n en de\u011ferli ustalar\u0131ndan biri olan Orhan Kemal&#8217;in kitaplar\u0131m yay\u0131mlamaktanonur duyuyoruz.<\/p>\n","protected":false},"excerpt":{"rendered":"<p>Yoksullu\u011fu ve yoksunlu\u011fu en iyi anlatan yazarlar\u0131m\u0131zdan biri olan Orhan Kemal, \u00c7ama\u015f\u0131rc\u0131n\u0131n K\u0131z\u0131&#8217;nda yer alan \u00f6yk\u00fclerinde, ya\u015fad\u0131klar\u0131 k\u0131st\u0131r\u0131lm\u0131\u015fl\u0131k ve imk\u00e2ns\u0131zl\u0131\u011fa kar\u015f\u0131n, ger\u00e7e\u011fin ac\u0131mas\u0131z so\u011fu\u011fundan, t\u00fckenmeyen hayalleriyle<span class=\"excerpt-hellip\"> [\u2026]<\/span><\/p>\n","protected":false},"featured_media":0,"template":"","meta":{"_monsterinsights_skip_tracking":false,"_monsterinsights_sitenote_active":false,"_monsterinsights_sitenote_note":"","_monsterinsights_sitenote_category":0},"product_brand":[],"product_cat":[12291,12292],"product_tag":[],"class_list":{"0":"post-696029","1":"product","2":"type-product","3":"status-publish","5":"product_cat-edebiyat","6":"product_cat-turk-edebiyati","7":"pa_cilt-ciltsiz","8":"pa_tur-kitap","9":"pa_yayinevi-everest-yayinlari","10":"pa_yazar-orhan-kemal","12":"first","13":"instock","14":"sale","15":"shipping-taxable","16":"purchasable","17":"product-type-simple"},"_links":{"self":[{"href":"https:\/\/roveyayinevi.com.tr\/index.php\/wp-json\/wp\/v2\/product\/696029","targetHints":{"allow":["GET"]}}],"collection":[{"href":"https:\/\/roveyayinevi.com.tr\/index.php\/wp-json\/wp\/v2\/product"}],"about":[{"href":"https:\/\/roveyayinevi.com.tr\/index.php\/wp-json\/wp\/v2\/types\/product"}],"wp:attachment":[{"href":"https:\/\/roveyayinevi.com.tr\/index.php\/wp-json\/wp\/v2\/media?parent=696029"}],"wp:term":[{"taxonomy":"product_brand","embeddable":true,"href":"https:\/\/roveyayinevi.com.tr\/index.php\/wp-json\/wp\/v2\/product_brand?post=696029"},{"taxonomy":"product_cat","embeddable":true,"href":"https:\/\/roveyayinevi.com.tr\/index.php\/wp-json\/wp\/v2\/product_cat?post=696029"},{"taxonomy":"product_tag","embeddable":true,"href":"https:\/\/roveyayinevi.com.tr\/index.php\/wp-json\/wp\/v2\/product_tag?post=696029"}],"curies":[{"name":"wp","href":"https:\/\/api.w.org\/{rel}","templated":true}]}}