{"id":696028,"date":"2025-08-27T14:32:21","date_gmt":"2025-08-27T11:32:21","guid":{"rendered":"https:\/\/roveyayinevi.com.tr\/index.php\/urun\/ergenleri-anlama-kilavuzu\/"},"modified":"2026-04-16T02:05:51","modified_gmt":"2026-04-15T23:05:51","slug":"ergenleri-anlama-kilavuzu","status":"publish","type":"product","link":"https:\/\/roveyayinevi.com.tr\/index.php\/urun\/ergenleri-anlama-kilavuzu\/","title":{"rendered":"Ergenleri Anlama K\u0131lavuzu"},"content":{"rendered":"<p>\u00c7ocuklar\u0131 Anlama K\u0131lavuzu adl\u0131 kitab\u0131 b\u00fcy\u00fck be\u011feni toplayan Uzman Psikolog \u00d6zg\u00fcn K\u0131z\u0131lda\u011f, bir devam \u00e7al\u0131\u015fmas\u0131 niteli\u011fi ta\u015f\u0131yan Ergenleri Anlama K\u0131lavuzu ile bu kez ergenlik s\u00fcrecindeki bireyleri mercek alt\u0131na al\u0131yor. Kitap, ya\u015fanm\u0131\u015f \u00f6rnek olaylar \u00fczerinden yap\u0131lan de\u011ferlendirme ve sunulan \u00e7\u00f6z\u00fcm \u00f6nerileriyle farkl\u0131l\u0131\u011f\u0131n\u0131 ortaya koyarken ergenlerin yolunu ayd\u0131nlatmak isteyen, onlarla birebir ili\u015fki kuran herkes i\u00e7in pratik ipu\u00e7lar\u0131 i\u00e7eriyor. Ergenleri Anlama K\u0131lavuzu karde\u015f ili\u015fkilerinden ergenlik d\u00f6nemindeki fiziksel ve psikolojik de\u011fi\u015fikliklere, meslek se\u00e7iminden ku\u015fak \u00e7at\u0131\u015fmas\u0131na, risk alma davran\u0131\u015flar\u0131ndan ders ba\u015far\u0131s\u0131na kadar \u00e7ok \u00e7e\u015fitli ancak birbiriyle ili\u015fkili konular\u0131, ya\u015fanm\u0131\u015f \u00f6rnek olaylarla birlikte ele al\u0131yor. Bu y\u00f6n\u00fcyle kitap &#8220;\u00e7ok h\u0131zl\u0131 de\u011fi\u015fen bireylerin&#8221; d\u00fcnyas\u0131n\u0131 anlamak ve sundu\u011fu \u00e7\u00f6z\u00fcm \u00f6nerileri a\u00e7\u0131s\u0131ndan \u00f6nemli bir k\u0131lavuzluk g\u00f6revini \u00fcstleniyor. Enver Y\u00fccelBah\u00e7e\u015fehir \u00dcniversitesi, Bah\u00e7e\u015fehir Kolejleri ve U\u011fur Dershaneleri Kurucusu Bilgi, deneyimle birle\u015fti\u011finde de\u011ferlidir. K\u0131z\u0131lda\u011f, bu kitapta, ergenlere dair zengin deneyimlerini bilgi ile harmanl\u0131yor ve vakalar \u00fcst\u00fcnden bizi ergen d\u00fcnyas\u0131nda bir yolculu\u011fa \u00e7\u0131kar\u0131yor. Bu kitap bilgi-deneyim dengesi ile hem uzmanlara hem de genel okuyucuya \u0131\u015f\u0131k tutar nitelikte. Psikolog Dr. Serkan \u00d6zg\u00fcn\u0130NDA \u00c7\u00f6z\u00fcm Odakl\u0131 Dan\u0131\u015fmanl\u0131k ve E\u011fitim Merkezi \u00dclkemizde deneyimler \u00fczerinden yaz\u0131lm\u0131\u015f kitaplara ihtiyac\u0131m\u0131z oldu\u011fu a\u00e7\u0131k, hele ki \u00d6zg\u00fcn K\u0131z\u0131lda\u011f gibi mesle\u011fin uzmanlar\u0131 taraf\u0131ndan yaz\u0131lm\u0131\u015f olanlara. Her ergenin, yazar\u0131n sundu\u011fu \u00f6rnek vakalardakilere benzer deneyimler ya\u015famas\u0131 olas\u0131. Bu kitab\u0131 sadece bir psikoloji hocas\u0131 olarak de\u011fil, ergenli\u011fine ramak kalm\u0131\u015f bir k\u0131z babas\u0131 olarak da okudum. Ergeni anlamak ve kritik durumlarda en uygun davran\u0131\u015f\u0131 sergilemek i\u00e7in okunmas\u0131 gereken bir kitap. Yrd. Do\u00e7. Dr. Erol Y\u0131ld\u0131r\u0131mS\u00fcleyman \u015eah \u00dcniversitesi Psikoloji B\u00f6l\u00fcm\u00fc Ba\u015fkan\u0131 <\/p>\n","protected":false},"excerpt":{"rendered":"<p>\u00c7ocuklar\u0131 Anlama K\u0131lavuzu adl\u0131 kitab\u0131 b\u00fcy\u00fck be\u011feni toplayan Uzman Psikolog \u00d6zg\u00fcn K\u0131z\u0131lda\u011f, bir devam \u00e7al\u0131\u015fmas\u0131 niteli\u011fi ta\u015f\u0131yan Ergenleri Anlama K\u0131lavuzu ile bu kez ergenlik s\u00fcrecindeki bireyleri<span class=\"excerpt-hellip\"> [\u2026]<\/span><\/p>\n","protected":false},"featured_media":0,"template":"","meta":{"_monsterinsights_skip_tracking":false,"_monsterinsights_sitenote_active":false,"_monsterinsights_sitenote_note":"","_monsterinsights_sitenote_category":0},"product_brand":[],"product_cat":[12679,12357],"product_tag":[],"class_list":{"0":"post-696028","1":"product","2":"type-product","3":"status-publish","5":"product_cat-cocuk-psikolojisi","6":"product_cat-psikoloji","7":"pa_cilt-ciltsiz","8":"pa_tur-kitap","9":"pa_yayinevi-elma-yayinevi","10":"pa_yazar-ozgun-kizildag","12":"first","13":"instock","14":"sale","15":"shipping-taxable","16":"purchasable","17":"product-type-simple"},"_links":{"self":[{"href":"https:\/\/roveyayinevi.com.tr\/index.php\/wp-json\/wp\/v2\/product\/696028","targetHints":{"allow":["GET"]}}],"collection":[{"href":"https:\/\/roveyayinevi.com.tr\/index.php\/wp-json\/wp\/v2\/product"}],"about":[{"href":"https:\/\/roveyayinevi.com.tr\/index.php\/wp-json\/wp\/v2\/types\/product"}],"wp:attachment":[{"href":"https:\/\/roveyayinevi.com.tr\/index.php\/wp-json\/wp\/v2\/media?parent=696028"}],"wp:term":[{"taxonomy":"product_brand","embeddable":true,"href":"https:\/\/roveyayinevi.com.tr\/index.php\/wp-json\/wp\/v2\/product_brand?post=696028"},{"taxonomy":"product_cat","embeddable":true,"href":"https:\/\/roveyayinevi.com.tr\/index.php\/wp-json\/wp\/v2\/product_cat?post=696028"},{"taxonomy":"product_tag","embeddable":true,"href":"https:\/\/roveyayinevi.com.tr\/index.php\/wp-json\/wp\/v2\/product_tag?post=696028"}],"curies":[{"name":"wp","href":"https:\/\/api.w.org\/{rel}","templated":true}]}}