{"id":696027,"date":"2025-08-27T14:32:21","date_gmt":"2025-08-27T11:32:21","guid":{"rendered":"https:\/\/roveyayinevi.com.tr\/index.php\/urun\/peynirimi-kim-kapti\/"},"modified":"2026-04-16T02:05:51","modified_gmt":"2026-04-15T23:05:51","slug":"peynirimi-kim-kapti","status":"publish","type":"product","link":"https:\/\/roveyayinevi.com.tr\/index.php\/urun\/peynirimi-kim-kapti\/","title":{"rendered":"Peynirimi Kim Kapt\u0131?"},"content":{"rendered":"<p>Peynirimi Kim Kapt\u0131? de\u011fi\u015fimle ilgili t\u00fcm ger\u00e7ekleri; kahramanlar\u0131 bir labirentte kar\u0131nlar\u0131n\u0131 doyuracak  Peynir i arayan d\u00f6rt sevimli karakter olan bir \u00f6yk\u00fcyle anlat\u0131yor. Peynir, elde etmeye \u00e7al\u0131\u015ft\u0131\u011f\u0131m\u0131z isteklerimizin simgesi. Labirent ise, bu isteklerimizin pe\u015fine d\u00fc\u015ft\u00fc\u011f\u00fcm\u00fcz yeri temsil ediyor. \u00d6yk\u00fcde kahramanlar hi\u00e7 beklemedikleri de\u011fi\u015fikliklerle y\u00fcz y\u00fcze geliyorlar. T\u0131pk\u0131 ger\u00e7ek ya\u015famdaki milyonlarca insan gibi. Bu y\u00fczden kitap okuyucular\u0131na bir g\u00fcn mutlaka yararlanacaklar\u0131 dersler veriyor; de\u011fi\u015fime kolayca uyum sa\u011flamalar\u0131na yard\u0131mc\u0131 oluyor. <\/p>\n","protected":false},"excerpt":{"rendered":"<p>Peynirimi Kim Kapt\u0131? de\u011fi\u015fimle ilgili t\u00fcm ger\u00e7ekleri; kahramanlar\u0131 bir labirentte kar\u0131nlar\u0131n\u0131 doyuracak Peynir i arayan d\u00f6rt sevimli karakter olan bir \u00f6yk\u00fcyle anlat\u0131yor. Peynir, elde etmeye \u00e7al\u0131\u015ft\u0131\u011f\u0131m\u0131z<span class=\"excerpt-hellip\"> [\u2026]<\/span><\/p>\n","protected":false},"featured_media":0,"template":"","meta":{"_monsterinsights_skip_tracking":false,"_monsterinsights_sitenote_active":false,"_monsterinsights_sitenote_note":"","_monsterinsights_sitenote_category":0},"product_brand":[],"product_cat":[13488],"product_tag":[],"class_list":{"0":"post-696027","1":"product","2":"type-product","3":"status-publish","5":"product_cat-toplum-ve-insan","6":"pa_cilt-ciltsiz","7":"pa_tur-kitap","8":"pa_yayinevi-epsilon-yayinlari","9":"pa_yazar-spencer-johnson","11":"first","12":"instock","13":"sale","14":"shipping-taxable","15":"purchasable","16":"product-type-simple"},"_links":{"self":[{"href":"https:\/\/roveyayinevi.com.tr\/index.php\/wp-json\/wp\/v2\/product\/696027","targetHints":{"allow":["GET"]}}],"collection":[{"href":"https:\/\/roveyayinevi.com.tr\/index.php\/wp-json\/wp\/v2\/product"}],"about":[{"href":"https:\/\/roveyayinevi.com.tr\/index.php\/wp-json\/wp\/v2\/types\/product"}],"wp:attachment":[{"href":"https:\/\/roveyayinevi.com.tr\/index.php\/wp-json\/wp\/v2\/media?parent=696027"}],"wp:term":[{"taxonomy":"product_brand","embeddable":true,"href":"https:\/\/roveyayinevi.com.tr\/index.php\/wp-json\/wp\/v2\/product_brand?post=696027"},{"taxonomy":"product_cat","embeddable":true,"href":"https:\/\/roveyayinevi.com.tr\/index.php\/wp-json\/wp\/v2\/product_cat?post=696027"},{"taxonomy":"product_tag","embeddable":true,"href":"https:\/\/roveyayinevi.com.tr\/index.php\/wp-json\/wp\/v2\/product_tag?post=696027"}],"curies":[{"name":"wp","href":"https:\/\/api.w.org\/{rel}","templated":true}]}}