{"id":696025,"date":"2025-08-27T14:32:20","date_gmt":"2025-08-27T11:32:20","guid":{"rendered":"https:\/\/roveyayinevi.com.tr\/index.php\/urun\/yetenek-dedigin-nedir-ki\/"},"modified":"2026-04-16T02:05:51","modified_gmt":"2026-04-15T23:05:51","slug":"yetenek-dedigin-nedir-ki","status":"publish","type":"product","link":"https:\/\/roveyayinevi.com.tr\/index.php\/urun\/yetenek-dedigin-nedir-ki\/","title":{"rendered":"Yetenek Dedi\u011fin Nedir ki?"},"content":{"rendered":"<p>Ya yetenek, s\u0131k\u0131 \u00e7al\u0131\u015fma ve m\u00fckemmel performansla ilgili t\u00fcm bildikleriniz hakk\u0131nda yan\u0131l\u0131yorsan\u0131z? M\u00fckemmel performans baz\u0131lar\u0131na \u00f6nceden bah\u015fedilen bir hediye de\u011fildir. Bedeli y\u00fcksektir ancak hepimiz i\u00e7in ula\u015f\u0131labilirdir. Bir dizi bilimsel ara\u015ft\u0131rmaya dayanan Yetenek Dedi\u011fin Nedir ki?, s\u0131ra d\u0131\u015f\u0131 performans\u0131n s\u0131rlar\u0131n\u0131 ve bu ilkeleri hayat\u0131m\u0131z ve i\u015fimizde nas\u0131l uygulayaca\u011f\u0131m\u0131z\u0131 a\u00e7\u0131kl\u0131yor. Kendilerine meydan okumaktan asla vazge\u00e7meyen ve bu kitaptaki fikirleri uygulayarak d\u00fcnya \u00e7ap\u0131nda m\u00fckemmelli\u011fe ula\u015fm\u0131\u015f s\u0131ra d\u0131\u015f\u0131 insanlar\u0131 anlat\u0131yor. Geoff Colvin, Mozart&#8217;tan Tiger Woods&#8217;a ba\u015far\u0131l\u0131 ki\u015fileri b\u00fcy\u00fcleyici bir dille yazm\u0131\u015f, b\u00fcy\u00fck \u00e7abalar\u0131n b\u00fcy\u00fck ba\u015far\u0131larla e\u015fde\u011fer oldu\u011funun alt\u0131n\u0131 \u00e7izmi\u015ftir. Yetenek Dedi\u011fin Nedir ki? yaln\u0131zca ilham verici de\u011fil, ayn\u0131 zamanda ayd\u0131nlat\u0131c\u0131. -Donald Trump- Do\u011fdu\u011funuz anda konu\u015fmam\u0131\u015f, iki ya\u015f\u0131ndayken sonat yazmam\u0131\u015f ya da ilk\u00f6\u011fretim okulundayken d\u00fcnyaya limonata satmam\u0131\u015f olsan\u0131z bile b\u00fcy\u00fck bir konu\u015fmac\u0131, usta bir besteci ya da Jack Welch olma potansiyeline sahipsiniz. Colvin&#8217;in s\u00f6yledikleri spor, hukuk ve i\u015f d\u00fcnyas\u0131ndaki deneyimlerimle birebir \u00f6rt\u00fc\u015f\u00fcyor. -Herb Kelleher Southwest Hava Yollar\u0131 Kurucu Ba\u015fkan\u0131- <\/p>\n","protected":false},"excerpt":{"rendered":"<p>Ya yetenek, s\u0131k\u0131 \u00e7al\u0131\u015fma ve m\u00fckemmel performansla ilgili t\u00fcm bildikleriniz hakk\u0131nda yan\u0131l\u0131yorsan\u0131z? M\u00fckemmel performans baz\u0131lar\u0131na \u00f6nceden bah\u015fedilen bir hediye de\u011fildir. Bedeli y\u00fcksektir ancak hepimiz i\u00e7in ula\u015f\u0131labilirdir.<span class=\"excerpt-hellip\"> [\u2026]<\/span><\/p>\n","protected":false},"featured_media":0,"template":"","meta":{"_monsterinsights_skip_tracking":false,"_monsterinsights_sitenote_active":false,"_monsterinsights_sitenote_note":"","_monsterinsights_sitenote_category":0},"product_brand":[],"product_cat":[12364,12376],"product_tag":[],"class_list":{"0":"post-696025","1":"product","2":"type-product","3":"status-publish","5":"product_cat-genel-konular","6":"product_cat-kisisel-gelisim","7":"pa_cilt-ciltsiz","8":"pa_tur-kitap","9":"pa_yayinevi-elma-yayinevi","10":"pa_yazar-geoff-colvin","12":"first","13":"instock","14":"sale","15":"shipping-taxable","16":"purchasable","17":"product-type-simple"},"_links":{"self":[{"href":"https:\/\/roveyayinevi.com.tr\/index.php\/wp-json\/wp\/v2\/product\/696025","targetHints":{"allow":["GET"]}}],"collection":[{"href":"https:\/\/roveyayinevi.com.tr\/index.php\/wp-json\/wp\/v2\/product"}],"about":[{"href":"https:\/\/roveyayinevi.com.tr\/index.php\/wp-json\/wp\/v2\/types\/product"}],"wp:attachment":[{"href":"https:\/\/roveyayinevi.com.tr\/index.php\/wp-json\/wp\/v2\/media?parent=696025"}],"wp:term":[{"taxonomy":"product_brand","embeddable":true,"href":"https:\/\/roveyayinevi.com.tr\/index.php\/wp-json\/wp\/v2\/product_brand?post=696025"},{"taxonomy":"product_cat","embeddable":true,"href":"https:\/\/roveyayinevi.com.tr\/index.php\/wp-json\/wp\/v2\/product_cat?post=696025"},{"taxonomy":"product_tag","embeddable":true,"href":"https:\/\/roveyayinevi.com.tr\/index.php\/wp-json\/wp\/v2\/product_tag?post=696025"}],"curies":[{"name":"wp","href":"https:\/\/api.w.org\/{rel}","templated":true}]}}