{"id":696024,"date":"2025-08-27T14:32:20","date_gmt":"2025-08-27T11:32:20","guid":{"rendered":"https:\/\/roveyayinevi.com.tr\/index.php\/urun\/supermen-ve-ugur-bocegi\/"},"modified":"2026-04-16T02:05:51","modified_gmt":"2026-04-15T23:05:51","slug":"supermen-ve-ugur-bocegi","status":"publish","type":"product","link":"https:\/\/roveyayinevi.com.tr\/index.php\/urun\/supermen-ve-ugur-bocegi\/","title":{"rendered":"S\u00fcpermen ve U\u011fur B\u00f6ce\u011fi"},"content":{"rendered":"<p>Kitab\u0131n ad\u0131 S\u00fcpermen ve U\u011fur B\u00f6ce\u011fi. Size bir tercih hakk\u0131 tan\u0131d\u0131m. \u00c7\u00fcnk\u00fc S\u00fcpermen bir hayal \u00fcr\u00fcn\u00fcd\u00fcr; U\u011fur B\u00f6ce\u011fi ise ger\u00e7ektir. S\u00fcpermen \u00fcnl\u00fcd\u00fcr; U\u011fur B\u00f6ce\u011fi \u00fcnl\u00fc de\u011fildir. Amac\u0131m, sizi bu s\u0131radan \u00fclkedeki, ola\u011fan\u00fcst\u00fc insanlarla tan\u0131\u015ft\u0131rmak. Bu ola\u011fan\u00fcst\u00fc insanlar\u0131n ortak bir \u00f6zelli\u011fi var; Hepsinin hayat\u0131 \u00e7ok s\u0131radan. Kafan\u0131z kar\u0131\u015ft\u0131 de\u011fil mi? \ufffcTan\u0131t\u0131m Metni<\/p>\n","protected":false},"excerpt":{"rendered":"<p>Kitab\u0131n ad\u0131 S\u00fcpermen ve U\u011fur B\u00f6ce\u011fi. Size bir tercih hakk\u0131 tan\u0131d\u0131m. \u00c7\u00fcnk\u00fc S\u00fcpermen bir hayal \u00fcr\u00fcn\u00fcd\u00fcr; U\u011fur B\u00f6ce\u011fi ise ger\u00e7ektir. S\u00fcpermen \u00fcnl\u00fcd\u00fcr; U\u011fur B\u00f6ce\u011fi \u00fcnl\u00fc de\u011fildir.<span class=\"excerpt-hellip\"> [\u2026]<\/span><\/p>\n","protected":false},"featured_media":0,"template":"","meta":{"_monsterinsights_skip_tracking":false,"_monsterinsights_sitenote_active":false,"_monsterinsights_sitenote_note":"","_monsterinsights_sitenote_category":0},"product_brand":[],"product_cat":[12364,12376],"product_tag":[],"class_list":{"0":"post-696024","1":"product","2":"type-product","3":"status-publish","5":"product_cat-genel-konular","6":"product_cat-kisisel-gelisim","7":"pa_cilt-ciltsiz","8":"pa_tur-kitap","9":"pa_yayinevi-elma-yayinevi","10":"pa_yazar-ahmet-serif-izgoren","12":"first","13":"instock","14":"sale","15":"shipping-taxable","16":"purchasable","17":"product-type-simple"},"_links":{"self":[{"href":"https:\/\/roveyayinevi.com.tr\/index.php\/wp-json\/wp\/v2\/product\/696024","targetHints":{"allow":["GET"]}}],"collection":[{"href":"https:\/\/roveyayinevi.com.tr\/index.php\/wp-json\/wp\/v2\/product"}],"about":[{"href":"https:\/\/roveyayinevi.com.tr\/index.php\/wp-json\/wp\/v2\/types\/product"}],"wp:attachment":[{"href":"https:\/\/roveyayinevi.com.tr\/index.php\/wp-json\/wp\/v2\/media?parent=696024"}],"wp:term":[{"taxonomy":"product_brand","embeddable":true,"href":"https:\/\/roveyayinevi.com.tr\/index.php\/wp-json\/wp\/v2\/product_brand?post=696024"},{"taxonomy":"product_cat","embeddable":true,"href":"https:\/\/roveyayinevi.com.tr\/index.php\/wp-json\/wp\/v2\/product_cat?post=696024"},{"taxonomy":"product_tag","embeddable":true,"href":"https:\/\/roveyayinevi.com.tr\/index.php\/wp-json\/wp\/v2\/product_tag?post=696024"}],"curies":[{"name":"wp","href":"https:\/\/api.w.org\/{rel}","templated":true}]}}