{"id":696021,"date":"2025-08-27T14:32:19","date_gmt":"2025-08-27T11:32:19","guid":{"rendered":"https:\/\/roveyayinevi.com.tr\/index.php\/urun\/okul-oncesi-donemde-bilgisayar-destekli-egitim\/"},"modified":"2026-04-16T02:05:51","modified_gmt":"2026-04-15T23:05:51","slug":"okul-oncesi-donemde-bilgisayar-destekli-egitim","status":"publish","type":"product","link":"https:\/\/roveyayinevi.com.tr\/index.php\/urun\/okul-oncesi-donemde-bilgisayar-destekli-egitim\/","title":{"rendered":"Okul \u00d6ncesi D\u00f6nemde  Bilgisayar Destekli E\u011fitim"},"content":{"rendered":"<p>G\u00fcn\u00fcm\u00fczde teknoloji h\u0131zl\u0131 ilerlemektedir. Teknolojinin \u00e7ok rahat kullan\u0131m alanlar\u0131 bulabilen \u00fcst\u00fcn yetenekli makinesi, yani bilgisayar, teknoloji ilerledik\u00e7e daha \u00e7ok geli\u015ftirilmekte ve bu durumdan dolay\u0131 daha \u00e7ok kullan\u0131larak yayg\u0131nla\u015fmaktad\u0131r. Bilgisayar\u0131n ya\u015fam\u0131 ink\u00e2r edilemez \u015fekilde kolayla\u015ft\u0131rd\u0131\u011f\u0131 ve insanlar\u0131n bu kolayl\u0131\u011f\u0131 fark ederek bundan yararland\u0131klar\u0131 bir ger\u00e7ektir. \u00c7ocu\u011fu, ya\u015fant\u0131m\u0131za bu denli giren bilgisayardan izole etmek imkans\u0131z oldu\u011funa g\u00f6re, onun \u00f6zellikle e\u011fitim alan\u0131nda bu makineden en iyi bi\u00e7imde yarar sa\u011flamas\u0131 i\u00e7in \u00e7aba harcanmal\u0131d\u0131r. \u00c7ocuklar\u0131 bilgisayara giderek daha ba\u011f\u0131ml\u0131 hale gelen bir toplumda e\u011fiteceksek ve bunda ba\u015far\u0131l\u0131 olmak istiyorsak, bilgisayar\u0131 \u00e7ocuklar\u0131n e\u011fitimde en uygun ve en evrensel \u015fekilde kullanman\u0131n yollar\u0131 bulunmaya \u00e7al\u0131\u015f\u0131lmal\u0131d\u0131r. Bilgisayar e\u011fitimde y\u0131k\u0131c\u0131 de\u011fil, yap\u0131c\u0131 bir ara\u00e7 olarak g\u00f6r\u00fclmelidir. 1985&#8217;ten beri okul \u00f6ncesinde bilgisayar destekli e\u011fitim konusunda yap\u0131lm\u0131\u015f \u00e7al\u0131\u015fmalar ve ara\u015ft\u0131rmalar sonucunda elde edilen bilgi birikimlerini aktarmak ve bu alandaki a\u00e7\u0131\u011f\u0131 biraz olsun kapatmak amac\u0131yla bu eser olu\u015fturulmu\u015ftur. <\/p>\n","protected":false},"excerpt":{"rendered":"<p>G\u00fcn\u00fcm\u00fczde teknoloji h\u0131zl\u0131 ilerlemektedir. Teknolojinin \u00e7ok rahat kullan\u0131m alanlar\u0131 bulabilen \u00fcst\u00fcn yetenekli makinesi, yani bilgisayar, teknoloji ilerledik\u00e7e daha \u00e7ok geli\u015ftirilmekte ve bu durumdan dolay\u0131 daha \u00e7ok<span class=\"excerpt-hellip\"> [\u2026]<\/span><\/p>\n","protected":false},"featured_media":0,"template":"","meta":{"_monsterinsights_skip_tracking":false,"_monsterinsights_sitenote_active":false,"_monsterinsights_sitenote_note":"","_monsterinsights_sitenote_category":0},"product_brand":[],"product_cat":[12573,12566],"product_tag":[],"class_list":{"0":"post-696021","1":"product","2":"type-product","3":"status-publish","5":"product_cat-akademik-kitaplar","6":"product_cat-egitim","7":"pa_cilt-ciltsiz","8":"pa_tur-kitap","9":"pa_yayinevi-epsilon-yayinlari","10":"pa_yazar-meziyet-ari","12":"first","13":"instock","14":"sale","15":"shipping-taxable","16":"purchasable","17":"product-type-simple"},"_links":{"self":[{"href":"https:\/\/roveyayinevi.com.tr\/index.php\/wp-json\/wp\/v2\/product\/696021","targetHints":{"allow":["GET"]}}],"collection":[{"href":"https:\/\/roveyayinevi.com.tr\/index.php\/wp-json\/wp\/v2\/product"}],"about":[{"href":"https:\/\/roveyayinevi.com.tr\/index.php\/wp-json\/wp\/v2\/types\/product"}],"wp:attachment":[{"href":"https:\/\/roveyayinevi.com.tr\/index.php\/wp-json\/wp\/v2\/media?parent=696021"}],"wp:term":[{"taxonomy":"product_brand","embeddable":true,"href":"https:\/\/roveyayinevi.com.tr\/index.php\/wp-json\/wp\/v2\/product_brand?post=696021"},{"taxonomy":"product_cat","embeddable":true,"href":"https:\/\/roveyayinevi.com.tr\/index.php\/wp-json\/wp\/v2\/product_cat?post=696021"},{"taxonomy":"product_tag","embeddable":true,"href":"https:\/\/roveyayinevi.com.tr\/index.php\/wp-json\/wp\/v2\/product_tag?post=696021"}],"curies":[{"name":"wp","href":"https:\/\/api.w.org\/{rel}","templated":true}]}}