{"id":696020,"date":"2025-08-27T14:32:19","date_gmt":"2025-08-27T11:32:19","guid":{"rendered":"https:\/\/roveyayinevi.com.tr\/index.php\/urun\/butun-oyunlar-2\/"},"modified":"2026-04-16T02:05:51","modified_gmt":"2026-04-15T23:05:51","slug":"butun-oyunlar-2","status":"publish","type":"product","link":"https:\/\/roveyayinevi.com.tr\/index.php\/urun\/butun-oyunlar-2\/","title":{"rendered":"B\u00fct\u00fcn Oyunlar 2"},"content":{"rendered":"<p>T\u00fcrk edebiyat\u0131n\u0131n b\u00fcy\u00fck ustas\u0131 Orhan Kemal\u2019in \u00fcr\u00fcn verdi\u011fi t\u00fcrlerden biri de tiyatro oyunlar\u0131. Her zaman insandan, umuttan ve ayd\u0131nl\u0131ktan yana olan Orhan Kemal\u2019in de\u011fi\u015fmez tavr\u0131n\u0131 bir kez daha g\u00f6zler \u00f6n\u00fcne seren bu oyunlar, ayn\u0131 zamanda onun edebiyat\u0131n her t\u00fcr\u00fcne ne kadar h\u00e2kim oldu\u011funu g\u00f6steriyor. T\u00fcm edebiyat okurlar\u0131n\u0131n oldu\u011fu kadar, tiyatroseverlerin de k\u00fct\u00fcphanelerinde ba\u015f k\u00f6\u015feyi tutmas\u0131 gereken kitaplar bunlar. <\/p>\n","protected":false},"excerpt":{"rendered":"<p>T\u00fcrk edebiyat\u0131n\u0131n b\u00fcy\u00fck ustas\u0131 Orhan Kemal\u2019in \u00fcr\u00fcn verdi\u011fi t\u00fcrlerden biri de tiyatro oyunlar\u0131. Her zaman insandan, umuttan ve ayd\u0131nl\u0131ktan yana olan Orhan Kemal\u2019in de\u011fi\u015fmez tavr\u0131n\u0131 bir<span class=\"excerpt-hellip\"> [\u2026]<\/span><\/p>\n","protected":false},"featured_media":0,"template":"","meta":{"_monsterinsights_skip_tracking":false,"_monsterinsights_sitenote_active":false,"_monsterinsights_sitenote_note":"","_monsterinsights_sitenote_category":0},"product_brand":[],"product_cat":[12291,12332],"product_tag":[],"class_list":{"0":"post-696020","1":"product","2":"type-product","3":"status-publish","5":"product_cat-edebiyat","6":"product_cat-senaryo","7":"pa_tur-kitap","8":"pa_yayinevi-everest-yayinlari","9":"pa_yazar-orhan-kemal","11":"first","12":"instock","13":"sale","14":"shipping-taxable","15":"purchasable","16":"product-type-simple"},"_links":{"self":[{"href":"https:\/\/roveyayinevi.com.tr\/index.php\/wp-json\/wp\/v2\/product\/696020","targetHints":{"allow":["GET"]}}],"collection":[{"href":"https:\/\/roveyayinevi.com.tr\/index.php\/wp-json\/wp\/v2\/product"}],"about":[{"href":"https:\/\/roveyayinevi.com.tr\/index.php\/wp-json\/wp\/v2\/types\/product"}],"wp:attachment":[{"href":"https:\/\/roveyayinevi.com.tr\/index.php\/wp-json\/wp\/v2\/media?parent=696020"}],"wp:term":[{"taxonomy":"product_brand","embeddable":true,"href":"https:\/\/roveyayinevi.com.tr\/index.php\/wp-json\/wp\/v2\/product_brand?post=696020"},{"taxonomy":"product_cat","embeddable":true,"href":"https:\/\/roveyayinevi.com.tr\/index.php\/wp-json\/wp\/v2\/product_cat?post=696020"},{"taxonomy":"product_tag","embeddable":true,"href":"https:\/\/roveyayinevi.com.tr\/index.php\/wp-json\/wp\/v2\/product_tag?post=696020"}],"curies":[{"name":"wp","href":"https:\/\/api.w.org\/{rel}","templated":true}]}}