{"id":696018,"date":"2025-08-27T14:32:18","date_gmt":"2025-08-27T11:32:18","guid":{"rendered":"https:\/\/roveyayinevi.com.tr\/index.php\/urun\/buradayim-sozumde\/"},"modified":"2026-04-16T02:05:51","modified_gmt":"2026-04-15T23:05:51","slug":"buradayim-sozumde","status":"publish","type":"product","link":"https:\/\/roveyayinevi.com.tr\/index.php\/urun\/buradayim-sozumde\/","title":{"rendered":"Buraday\u0131m S\u00f6z\u00fcmde"},"content":{"rendered":"<p>Bir yan\u0131lma, yan\u0131lsama ve kendini aldatma oldu sanat alan\u0131n\u0131 ku\u015fatan.\u00d6yleyken, yani \u015fiir, roman,  \u00f6yk\u00fc, sinema, heykel, tiyatro, dar bir alanda dola\u015f\u0131mdayken niye \u015fiir yaz\u0131yoruz, niye gazetelerin \u201cl\u00fctfen\u201d ay\u0131rd\u0131klar\u0131 k\u00fclt\u00fcr  sayfalar\u0131nda yazmay\u0131 s\u00fcrd\u00fcr\u00fcyoruz? Yazmakta oldu\u011fum \u015fiir niye beni geceyar\u0131s\u0131 uyand\u0131r\u0131p masaya s\u00fcr\u00fckl\u00fcyor, onu yeni ba\u015ftan yazmakla y\u00fczy\u00fcze getiriyor?Elbette kimse beni \u015fiir ya da yazmakla g\u00f6revlendirilmedi.Bahar, bahar oldu\u011fu i\u00e7in ye\u015fertir do\u011fay\u0131; ac\u0131 ac\u0131 oldu\u011fu i\u00e7in ya\u015fan\u0131r; sevda, sevda oldu\u011fu i\u00e7in\u2026 <\/p>\n","protected":false},"excerpt":{"rendered":"<p>Bir yan\u0131lma, yan\u0131lsama ve kendini aldatma oldu sanat alan\u0131n\u0131 ku\u015fatan.\u00d6yleyken, yani \u015fiir, roman, \u00f6yk\u00fc, sinema, heykel, tiyatro, dar bir alanda dola\u015f\u0131mdayken niye \u015fiir yaz\u0131yoruz, niye gazetelerin<span class=\"excerpt-hellip\"> [\u2026]<\/span><\/p>\n","protected":false},"featured_media":0,"template":"","meta":{"_monsterinsights_skip_tracking":false,"_monsterinsights_sitenote_active":false,"_monsterinsights_sitenote_note":"","_monsterinsights_sitenote_category":0},"product_brand":[],"product_cat":[12777,12291],"product_tag":[],"class_list":{"0":"post-696018","1":"product","2":"type-product","3":"status-publish","5":"product_cat-deneme","6":"product_cat-edebiyat","7":"pa_cilt-ciltsiz","8":"pa_tur-kitap","9":"pa_yayinevi-everest-yayinlari","10":"pa_yazar-ahmet-telli","12":"first","13":"instock","14":"sale","15":"shipping-taxable","16":"purchasable","17":"product-type-simple"},"_links":{"self":[{"href":"https:\/\/roveyayinevi.com.tr\/index.php\/wp-json\/wp\/v2\/product\/696018","targetHints":{"allow":["GET"]}}],"collection":[{"href":"https:\/\/roveyayinevi.com.tr\/index.php\/wp-json\/wp\/v2\/product"}],"about":[{"href":"https:\/\/roveyayinevi.com.tr\/index.php\/wp-json\/wp\/v2\/types\/product"}],"wp:attachment":[{"href":"https:\/\/roveyayinevi.com.tr\/index.php\/wp-json\/wp\/v2\/media?parent=696018"}],"wp:term":[{"taxonomy":"product_brand","embeddable":true,"href":"https:\/\/roveyayinevi.com.tr\/index.php\/wp-json\/wp\/v2\/product_brand?post=696018"},{"taxonomy":"product_cat","embeddable":true,"href":"https:\/\/roveyayinevi.com.tr\/index.php\/wp-json\/wp\/v2\/product_cat?post=696018"},{"taxonomy":"product_tag","embeddable":true,"href":"https:\/\/roveyayinevi.com.tr\/index.php\/wp-json\/wp\/v2\/product_tag?post=696018"}],"curies":[{"name":"wp","href":"https:\/\/api.w.org\/{rel}","templated":true}]}}