{"id":696017,"date":"2025-08-27T14:32:18","date_gmt":"2025-08-27T11:32:18","guid":{"rendered":"https:\/\/roveyayinevi.com.tr\/index.php\/urun\/bu-yalan-tango\/"},"modified":"2026-04-16T02:05:51","modified_gmt":"2026-04-15T23:05:51","slug":"bu-yalan-tango","status":"publish","type":"product","link":"https:\/\/roveyayinevi.com.tr\/index.php\/urun\/bu-yalan-tango\/","title":{"rendered":"Bu Yalan Tango"},"content":{"rendered":"<p>Everest Yay\u0131nlar\u0131\u2019ndan \u00e7\u0131kacak olan Bu Yalan Tango, bir eziyet toplumu olarak T\u00fcrkiye\u2019nin ve k\u0131st\u0131r\u0131lm\u0131\u015fl\u0131\u011f\u0131 i\u00e7indeki T\u00fcrk ayd\u0131n\u0131n\u0131n, kimi zaman kendi yetersizlikleri, kimi zaman d\u00f6nemlerin bast\u0131rmas\u0131 i\u00e7indeki a\u00e7mazlar\u0131&#8230; ve bu toplumda hep g\u00f6z ard\u0131 edilen bireysel ya\u015fam\u0131n&#8230; suskunluklar\u0131n&#8230; birbirimizin i\u00e7 sesine yabanc\u0131 kal\u0131\u015f\u0131m\u0131z\u0131n \u00f6yk\u00fcs\u00fc&#8230; <\/p>\n","protected":false},"excerpt":{"rendered":"<p>Everest Yay\u0131nlar\u0131\u2019ndan \u00e7\u0131kacak olan Bu Yalan Tango, bir eziyet toplumu olarak T\u00fcrkiye\u2019nin ve k\u0131st\u0131r\u0131lm\u0131\u015fl\u0131\u011f\u0131 i\u00e7indeki T\u00fcrk ayd\u0131n\u0131n\u0131n, kimi zaman kendi yetersizlikleri, kimi zaman d\u00f6nemlerin bast\u0131rmas\u0131 i\u00e7indeki<span class=\"excerpt-hellip\"> [\u2026]<\/span><\/p>\n","protected":false},"featured_media":0,"template":"","meta":{"_monsterinsights_skip_tracking":false,"_monsterinsights_sitenote_active":false,"_monsterinsights_sitenote_note":"","_monsterinsights_sitenote_category":0},"product_brand":[],"product_cat":[12291,12292],"product_tag":[],"class_list":{"0":"post-696017","1":"product","2":"type-product","3":"status-publish","5":"product_cat-edebiyat","6":"product_cat-turk-edebiyati","7":"pa_tur-kitap","8":"pa_yayinevi-everest-yayinlari","9":"pa_yazar-selim-ileri","11":"first","12":"instock","13":"sale","14":"shipping-taxable","15":"purchasable","16":"product-type-simple"},"_links":{"self":[{"href":"https:\/\/roveyayinevi.com.tr\/index.php\/wp-json\/wp\/v2\/product\/696017","targetHints":{"allow":["GET"]}}],"collection":[{"href":"https:\/\/roveyayinevi.com.tr\/index.php\/wp-json\/wp\/v2\/product"}],"about":[{"href":"https:\/\/roveyayinevi.com.tr\/index.php\/wp-json\/wp\/v2\/types\/product"}],"wp:attachment":[{"href":"https:\/\/roveyayinevi.com.tr\/index.php\/wp-json\/wp\/v2\/media?parent=696017"}],"wp:term":[{"taxonomy":"product_brand","embeddable":true,"href":"https:\/\/roveyayinevi.com.tr\/index.php\/wp-json\/wp\/v2\/product_brand?post=696017"},{"taxonomy":"product_cat","embeddable":true,"href":"https:\/\/roveyayinevi.com.tr\/index.php\/wp-json\/wp\/v2\/product_cat?post=696017"},{"taxonomy":"product_tag","embeddable":true,"href":"https:\/\/roveyayinevi.com.tr\/index.php\/wp-json\/wp\/v2\/product_tag?post=696017"}],"curies":[{"name":"wp","href":"https:\/\/api.w.org\/{rel}","templated":true}]}}