{"id":696016,"date":"2025-08-27T14:32:18","date_gmt":"2025-08-27T11:32:18","guid":{"rendered":"https:\/\/roveyayinevi.com.tr\/index.php\/urun\/pozitif-yonetim\/"},"modified":"2026-04-16T02:05:51","modified_gmt":"2026-04-15T23:05:51","slug":"pozitif-yonetim","status":"publish","type":"product","link":"https:\/\/roveyayinevi.com.tr\/index.php\/urun\/pozitif-yonetim\/","title":{"rendered":"Pozitif Y\u00f6netim"},"content":{"rendered":"<p>\u0130nsan kaynaklar\u0131 y\u00f6neticisi, e\u011fitmen, yazar \u0130dil T\u00fcrkmeno\u011flu&#8217;nun olduk\u00e7a ilgi g\u00f6ren \u00e7al\u0131\u015fmas\u0131 Pozitif Y\u00f6netim, renkli yeni bask\u0131s\u0131yla t\u00fcm kitabevlerinde. Keyif alarak \u00e7al\u0131\u015fmak m\u00fcmk\u00fcn m\u00fc? &#8220;Zaman\u0131m yok&#8221;, &#8220;Yapamam&#8221;, &#8220;Bizde olmaz&#8221;, &#8220;\u0130zin vermezler&#8221;, &#8220;B\u00fct\u00e7e \u00e7\u0131kmaz&#8221; gibi c\u00fcmleler d\u00f6k\u00fcl\u00fcyor mu a\u011fz\u0131n\u0131zdan? \u0130\u015fte bu d\u00fc\u015f\u00fcnsel engellerle ba\u015f ederken pozitif y\u00f6netim yakla\u015f\u0131m\u0131 yol arkada\u015f\u0131n\u0131z olacak, yepyeni fikirlerle akl\u0131n\u0131z\u0131 \u00e7elip size \u00f6zg\u00fc e\u011flenceli \u00e7al\u0131\u015fma y\u00f6ntemleri bulman\u0131z\u0131 sa\u011flayacak. Demek ki olabiliyormu\u015f&#8230; S\u0131k\u0131c\u0131 ve bizim k\u00fclt\u00fcr\u00fcm\u00fcze uzak kitaplar\u0131n aksine, bu kitap sayesinde, bizden \u00f6rneklerle daha insanc\u0131l, daha ya\u015fan\u0131las\u0131 i\u015f ortamlar\u0131 yaratmak m\u00fcmk\u00fcnm\u00fc\u015f. Ayaklar\u0131n geri geri gitti\u011fi bir i\u015fyerinin keyifli bir ortama d\u00f6n\u00fc\u015fmesi i\u00e7in ihtiyac\u0131m\u0131z olan asl\u0131nda ilhamdan ba\u015fka bir \u015fey de\u011fil. Kitap i\u015fte bu ilham\u0131 veriyor. Hem de &#8220;keyif&#8221;le. -Didem Tekin, Yenibiri\u015f Edit\u00f6r\u00fc- Bu kitab\u0131 okumak mutluluk \u015ferbeti i\u00e7mek gibi. Okuduktan sonra, &#8220;Hemen aksiyona ge\u00e7eyim&#8221; dedirtiyor. Bu mutlu kitap, i\u015fyerinde &#8220;para&#8221; olmadan da mutluluk unsurlar\u0131 olabilece\u011fini \u00f6rneklerle kan\u0131tl\u0131yor. -Ay\u015feg\u00fcl Y\u00fccel G\u00fcrerk, Common Purpose T\u00fcrkiye\/Ortak \u0130dealler Derne\u011fi T\u00fcrkiye Direkt\u00f6r\u00fc- Pozitiflik kavram\u0131n\u0131 hem bilimsel hem de uygulamal\u0131 anlatan bamba\u015fka bir kitap&#8230; Yazar, hem kalplere hem de zihinlere hitap edebilecek inan\u0131lmaz bir \u015feyi ba\u015farm\u0131\u015f. Yumu\u015fac\u0131k ama \u00f6rneklemeleriyle de haf\u0131zlarda yer eden \u00f6yle bir \u00fcslubu var ki su i\u00e7mek i\u00e7in bile ayr\u0131lam\u0131yor insan kitaptan. Pozitif y\u00f6netimin s\u00f6zlerde kalmay\u0131p hayata ge\u00e7irilebilmesi i\u00e7in yan\u0131 ba\u015f\u0131m\u0131zda duran f\u0131rsatlar hakk\u0131nda okuduk\u00e7a harekete ge\u00e7memek imk\u00e2ns\u0131zla\u015f\u0131yor. -I\u015f\u0131l Taysever ve Bora \u00d6zkent, \u00d6zkent &amp; Taysever Kurucu Ortaklar\u0131- Yazar, \u00e7al\u0131\u015fan ba\u011fl\u0131l\u0131\u011f\u0131n\u0131n nas\u0131l yarat\u0131laca\u011f\u0131na dair \u00f6nemli bir rehber sunuyor. Teorilerin yan\u0131 s\u0131ra, T\u00fcrkiye ve d\u00fcnyadan ger\u00e7ek deneyimlere, somut ve uygulanabilir \u00f6nerilere yer veriyor. Hem insan kaynaklar\u0131 hem de kurumsal ileti\u015fim uzmanlar\u0131 i\u00e7in e\u015fsiz bir kaynak. -Elif Duru G\u00f6nen, Duru G\u00f6nen Profesyonel \u0130leti\u015fim ve Geli\u015fim Dan\u0131\u015fmanl\u0131\u011f\u0131 Kurucu Orta\u011f\u0131- <\/p>\n","protected":false},"excerpt":{"rendered":"<p>\u0130nsan kaynaklar\u0131 y\u00f6neticisi, e\u011fitmen, yazar \u0130dil T\u00fcrkmeno\u011flu&#8217;nun olduk\u00e7a ilgi g\u00f6ren \u00e7al\u0131\u015fmas\u0131 Pozitif Y\u00f6netim, renkli yeni bask\u0131s\u0131yla t\u00fcm kitabevlerinde. Keyif alarak \u00e7al\u0131\u015fmak m\u00fcmk\u00fcn m\u00fc? &#8220;Zaman\u0131m yok&#8221;, &#8220;Yapamam&#8221;,<span class=\"excerpt-hellip\"> [\u2026]<\/span><\/p>\n","protected":false},"featured_media":0,"template":"","meta":{"_monsterinsights_skip_tracking":false,"_monsterinsights_sitenote_active":false,"_monsterinsights_sitenote_note":"","_monsterinsights_sitenote_category":0},"product_brand":[],"product_cat":[13043,17647],"product_tag":[],"class_list":{"0":"post-696016","1":"product","2":"type-product","3":"status-publish","5":"product_cat-ekonomi","6":"product_cat-is-dunyasi","7":"pa_cilt-ciltsiz","8":"pa_tur-kitap","9":"pa_yayinevi-elma-yayinevi","10":"pa_yazar-idil-turkmenoglu","12":"first","13":"instock","14":"sale","15":"shipping-taxable","16":"purchasable","17":"product-type-simple"},"_links":{"self":[{"href":"https:\/\/roveyayinevi.com.tr\/index.php\/wp-json\/wp\/v2\/product\/696016","targetHints":{"allow":["GET"]}}],"collection":[{"href":"https:\/\/roveyayinevi.com.tr\/index.php\/wp-json\/wp\/v2\/product"}],"about":[{"href":"https:\/\/roveyayinevi.com.tr\/index.php\/wp-json\/wp\/v2\/types\/product"}],"wp:attachment":[{"href":"https:\/\/roveyayinevi.com.tr\/index.php\/wp-json\/wp\/v2\/media?parent=696016"}],"wp:term":[{"taxonomy":"product_brand","embeddable":true,"href":"https:\/\/roveyayinevi.com.tr\/index.php\/wp-json\/wp\/v2\/product_brand?post=696016"},{"taxonomy":"product_cat","embeddable":true,"href":"https:\/\/roveyayinevi.com.tr\/index.php\/wp-json\/wp\/v2\/product_cat?post=696016"},{"taxonomy":"product_tag","embeddable":true,"href":"https:\/\/roveyayinevi.com.tr\/index.php\/wp-json\/wp\/v2\/product_tag?post=696016"}],"curies":[{"name":"wp","href":"https:\/\/api.w.org\/{rel}","templated":true}]}}