{"id":696015,"date":"2025-08-27T14:32:18","date_gmt":"2025-08-27T11:32:18","guid":{"rendered":"https:\/\/roveyayinevi.com.tr\/index.php\/urun\/iste-zor-insanlar\/"},"modified":"2026-04-16T02:05:50","modified_gmt":"2026-04-15T23:05:50","slug":"iste-zor-insanlar","status":"publish","type":"product","link":"https:\/\/roveyayinevi.com.tr\/index.php\/urun\/iste-zor-insanlar\/","title":{"rendered":"\u0130\u015fte Zor \u0130nsanlar"},"content":{"rendered":"<p>\u00d6zden Aslan, Zor \u0130nsanlarla Zorlanmadan Ba\u015f Etmek adl\u0131 kitab\u0131nda oldu\u011fu gibi, yine \u00fc\u00e7 farkl\u0131 zor insan tipiyle ba\u015f etmenin yollar\u0131n\u0131 anlat\u0131yor. \u0130\u015fte Zor \u0130nsanlar, yaratt\u0131\u011f\u0131 beklentiyi tamamen kar\u015f\u0131l\u0131yor. \u00c7evremizde mutlaka bir Demir, Engin Bilgin, Dr. H\u00fcsn\u00fc veya Nurcan vard\u0131r. B\u00f6yle ki\u015filerle ba\u015f etmenin ak\u0131l oyunlar\u0131yla dolu yollar\u0131 bu kitapta. Zaman zaman g\u00fcld\u00fcren, g\u00fcld\u00fcr\u00fcrken de \u00f6\u011freten harika bir kitap. Din\u00e7er Maden Harikayd\u0131, bir solukta okudum. \u00d6yk\u00fcler, e\u011fitici ve etkileyici; kendinizden bir par\u00e7a buluyorsunuz. &#8220;Bu ki\u015fiye b\u00f6yle davramrsam ba\u015f edebilirim&#8221; diyorsunuz ve ders \u00e7\u0131kar\u0131yorsunuz. Kitap, insan\u0131n ufkunu geni\u015fletiyor, bak\u0131\u015f a\u00e7\u0131s\u0131n\u0131 yeniliyor. H\u00fcma Oktay Kitap ger\u00e7ekten \u00e7ok g\u00fczel ve s\u00fcr\u00fckleyici. Hizmet sekt\u00f6r\u00fcnde \u00e7al\u0131\u015fan biri olarak bu kitab\u0131 \u0131srarla tavsiye ederim. \u015eirketler, t\u00fcm personellerine okutmal\u0131. B\u00f6ylece \u00e7al\u0131\u015fanlar zor durumda kald\u0131klar\u0131nda ne yapacaklar\u0131n\u0131 \u00f6\u011frenir. \u00d6zkan Biki\u015f <\/p>\n","protected":false},"excerpt":{"rendered":"<p>\u00d6zden Aslan, Zor \u0130nsanlarla Zorlanmadan Ba\u015f Etmek adl\u0131 kitab\u0131nda oldu\u011fu gibi, yine \u00fc\u00e7 farkl\u0131 zor insan tipiyle ba\u015f etmenin yollar\u0131n\u0131 anlat\u0131yor. \u0130\u015fte Zor \u0130nsanlar, yaratt\u0131\u011f\u0131 beklentiyi<span class=\"excerpt-hellip\"> [\u2026]<\/span><\/p>\n","protected":false},"featured_media":0,"template":"","meta":{"_monsterinsights_skip_tracking":false,"_monsterinsights_sitenote_active":false,"_monsterinsights_sitenote_note":"","_monsterinsights_sitenote_category":0},"product_brand":[],"product_cat":[13043,14754],"product_tag":[],"class_list":{"0":"post-696015","1":"product","2":"type-product","3":"status-publish","5":"product_cat-ekonomi","6":"product_cat-halkla-iliskiler-insan-kaynaklari","7":"pa_cilt-ciltsiz","8":"pa_tur-kitap","9":"pa_yayinevi-elma-yayinevi","10":"pa_yazar-ozden-aslan","12":"first","13":"instock","14":"sale","15":"shipping-taxable","16":"purchasable","17":"product-type-simple"},"_links":{"self":[{"href":"https:\/\/roveyayinevi.com.tr\/index.php\/wp-json\/wp\/v2\/product\/696015","targetHints":{"allow":["GET"]}}],"collection":[{"href":"https:\/\/roveyayinevi.com.tr\/index.php\/wp-json\/wp\/v2\/product"}],"about":[{"href":"https:\/\/roveyayinevi.com.tr\/index.php\/wp-json\/wp\/v2\/types\/product"}],"wp:attachment":[{"href":"https:\/\/roveyayinevi.com.tr\/index.php\/wp-json\/wp\/v2\/media?parent=696015"}],"wp:term":[{"taxonomy":"product_brand","embeddable":true,"href":"https:\/\/roveyayinevi.com.tr\/index.php\/wp-json\/wp\/v2\/product_brand?post=696015"},{"taxonomy":"product_cat","embeddable":true,"href":"https:\/\/roveyayinevi.com.tr\/index.php\/wp-json\/wp\/v2\/product_cat?post=696015"},{"taxonomy":"product_tag","embeddable":true,"href":"https:\/\/roveyayinevi.com.tr\/index.php\/wp-json\/wp\/v2\/product_tag?post=696015"}],"curies":[{"name":"wp","href":"https:\/\/api.w.org\/{rel}","templated":true}]}}