{"id":696014,"date":"2025-08-27T14:32:18","date_gmt":"2025-08-27T11:32:18","guid":{"rendered":"https:\/\/roveyayinevi.com.tr\/index.php\/urun\/olumlu-sozcukler-etkili-sonuclar\/"},"modified":"2026-04-16T02:05:50","modified_gmt":"2026-04-15T23:05:50","slug":"olumlu-sozcukler-etkili-sonuclar","status":"publish","type":"product","link":"https:\/\/roveyayinevi.com.tr\/index.php\/urun\/olumlu-sozcukler-etkili-sonuclar\/","title":{"rendered":"Olumlu S\u00f6zc\u00fckler Etkili Sonu\u00e7lar"},"content":{"rendered":"<p>G\u00fczel s\u00f6zc\u00fckler \u00f6ylesine g\u00fc\u00e7l\u00fcd\u00fcr ki.. D\u00fcnya bizi \u00fczerken, onlar bizi ne\u015felendirir Ba\u015far\u0131lar\u0131m\u0131zdan dolay\u0131 bizi onurland\u0131r\u0131r G\u00fclmemize ve kahkaha atmam\u0131za neden olur \u0130nsan\u0131n iyili\u011fine olan inanc\u0131m\u0131z\u0131 tazeler Kendilik alg\u0131m\u0131z\u0131 g\u00fc\u00e7lendirir En iyisini ortaya koymam\u0131z i\u00e7in bize ilham verir Birilerinin bize ilgi g\u00f6sterdi\u011fini bilmemizi sa\u011flar Bizi keyiflendirir Kalplerimizi \u0131s\u0131t\u0131r Ruh h\u00e2limizi iyile\u015ftirir Yaralar\u0131m\u0131z\u0131 sarar Birilerinin gayretli \u00e7al\u0131\u015fmam\u0131z\u0131n fark\u0131nda oldu\u011funu g\u00f6sterir \u0130\u00e7imizdeki en iyi y\u00f6nleri ortaya \u00e7\u0131kar\u0131r Kendimize g\u00fcvenimizi art\u0131r\u0131r Zor g\u00fcnlerimizde bize destek verir Zaferlerimizi kutlar Kederli zamanlarda bizi rahatlat\u0131r Kendimizi \u00f6nemli hissetmemizi sa\u011flar Kendimize inanmam\u0131za yard\u0131mc\u0131 olur K\u00fc\u00e7\u00fck bir deste\u011fe ihtiyac\u0131m\u0131z oldu\u011funda bizi cesaretlendirir D\u00fcnyada do\u011fru ve iyi olan \u015feyleri bize hat\u0131rlat\u0131r Bize enerji takviyesi yapar Bize de\u011fer verildi\u011fini anlamam\u0131z\u0131 sa\u011flar Beklenmedik zamanlarda bizi ne\u015feyle \u015fa\u015f\u0131rt\u0131r Bize de\u011ferli dersler \u00f6\u011fretir En karanl\u0131k saatlerimizde bize destek olur \u0130nsanlar\u0131n bizi lay\u0131k oldu\u011fumuz \u015fekilde anlamas\u0131n\u0131 sa\u011flar Minnettar olmam\u0131z i\u00e7in nedenler sunar Ba\u015fkalar\u0131n\u0131n bize g\u00fcven duydu\u011funu g\u00f6sterir G\u00fcnlerimize \u0131\u015f\u0131k sa\u00e7ar Hayat\u0131m\u0131z\u0131 zenginle\u015ftirir Olumlu S\u00f6zc\u00fckler Etkili Sonu\u00e7lar Son derece sezgili ve d\u00fc\u015f\u00fcnceli bir insandan o denli sezgi ve d\u00fc\u015f\u00fcnce dolu bir kitap. Okuyun ve kendinizi geli\u015ftirin. \/ Robin Sharma \u0130nsanlar\u0131n i\u00e7inde var olan iyi ve g\u00fczel \u015feyleri bulup ortaya \u00e7\u0131karmak \u00f6zel beceriler gerektirir. Bu becerilerin \u00e7o\u011fu, s\u00f6zc\u00fckleri ak\u0131ll\u0131 bir \u015fekilde se\u00e7meyi de i\u00e7eren etkili ileti\u015fimle ilgilidir. Hal Urban bize aileleri bir arada tutman\u0131n, okullardaki \u015fiddeti durdurman\u0131n, y\u00f6neticilerle \u00e7al\u0131\u015fanlar, \u00e7iftler ve sporcular aras\u0131ndaki ileti\u015fimi geli\u015ftirmenin etkili y\u00f6ntemlerini a\u00e7\u0131kl\u0131yor. \ufffcTan\u0131t\u0131m Metni<\/p>\n","protected":false},"excerpt":{"rendered":"<p>G\u00fczel s\u00f6zc\u00fckler \u00f6ylesine g\u00fc\u00e7l\u00fcd\u00fcr ki.. D\u00fcnya bizi \u00fczerken, onlar bizi ne\u015felendirir Ba\u015far\u0131lar\u0131m\u0131zdan dolay\u0131 bizi onurland\u0131r\u0131r G\u00fclmemize ve kahkaha atmam\u0131za neden olur \u0130nsan\u0131n iyili\u011fine olan inanc\u0131m\u0131z\u0131 tazeler<span class=\"excerpt-hellip\"> [\u2026]<\/span><\/p>\n","protected":false},"featured_media":0,"template":"","meta":{"_monsterinsights_skip_tracking":false,"_monsterinsights_sitenote_active":false,"_monsterinsights_sitenote_note":"","_monsterinsights_sitenote_category":0},"product_brand":[],"product_cat":[12364,12376],"product_tag":[],"class_list":{"0":"post-696014","1":"product","2":"type-product","3":"status-publish","5":"product_cat-genel-konular","6":"product_cat-kisisel-gelisim","7":"pa_cilt-ciltsiz","8":"pa_tur-kitap","9":"pa_yayinevi-elma-yayinevi","10":"pa_yazar-hal-urban","12":"first","13":"instock","14":"sale","15":"shipping-taxable","16":"purchasable","17":"product-type-simple"},"_links":{"self":[{"href":"https:\/\/roveyayinevi.com.tr\/index.php\/wp-json\/wp\/v2\/product\/696014","targetHints":{"allow":["GET"]}}],"collection":[{"href":"https:\/\/roveyayinevi.com.tr\/index.php\/wp-json\/wp\/v2\/product"}],"about":[{"href":"https:\/\/roveyayinevi.com.tr\/index.php\/wp-json\/wp\/v2\/types\/product"}],"wp:attachment":[{"href":"https:\/\/roveyayinevi.com.tr\/index.php\/wp-json\/wp\/v2\/media?parent=696014"}],"wp:term":[{"taxonomy":"product_brand","embeddable":true,"href":"https:\/\/roveyayinevi.com.tr\/index.php\/wp-json\/wp\/v2\/product_brand?post=696014"},{"taxonomy":"product_cat","embeddable":true,"href":"https:\/\/roveyayinevi.com.tr\/index.php\/wp-json\/wp\/v2\/product_cat?post=696014"},{"taxonomy":"product_tag","embeddable":true,"href":"https:\/\/roveyayinevi.com.tr\/index.php\/wp-json\/wp\/v2\/product_tag?post=696014"}],"curies":[{"name":"wp","href":"https:\/\/api.w.org\/{rel}","templated":true}]}}