{"id":696010,"date":"2025-08-27T14:32:17","date_gmt":"2025-08-27T11:32:17","guid":{"rendered":"https:\/\/roveyayinevi.com.tr\/index.php\/urun\/sacmalama\/"},"modified":"2026-04-16T02:05:50","modified_gmt":"2026-04-15T23:05:50","slug":"sacmalama","status":"publish","type":"product","link":"https:\/\/roveyayinevi.com.tr\/index.php\/urun\/sacmalama\/","title":{"rendered":"Sa\u00e7malama"},"content":{"rendered":"<p>\u00d6yle dedi\u011fimize bakmay\u0131n, isterseniz sa\u00e7malay\u0131n. Bu bir sorun de\u011fil. Zaten hepimiz sa\u00e7mal\u0131yoruz. \u00d6zellikle de parasal konularda&#8230; \u0130nsanlar\u0131n parayla ilgili konularda ak\u0131l d\u0131\u015f\u0131 kararlar vermelerini inceleyen pek \u00e7ok \u00e7al\u0131\u015fma var. Hatta, paray\u0131 kazan\u0131rken, yat\u0131r\u0131m yaparken ve harcarken nas\u0131l ni\u00e7in, rasyonel olmayan kararlar verdi\u011fimizi inceleyen, finans\u0131n bir dal\u0131 da mevcut: Davran\u0131\u015fsal finans. Davran\u0131\u015fsal finans, psikolojiyle finans\u0131n kesi\u015fti\u011fi yerde duruyor. \u0130\u00e7inde para olan bir konuda karar verirken, psikolojimizin etkili oldu\u011funu ortaya koyup soruyor: Ne kadar rasyonelsiniz? Davran\u0131\u015fsal finansa g\u00f6re yan\u0131t net: Para ile ilgili konularda rasyonel de\u011filiz ve mant\u0131ks\u0131z kararlar vermeye meyilliyiz. Daha da \u00f6tesi, insanlar\u0131n mant\u0131ktan sapmas\u0131 sistematiktir. Asl\u0131nda bunun iyi bir haber oldu\u011funu belirtmekte yarar var;  Evet sa\u00e7mal\u0131yoruz&#8230; Ama sistemli bir bi\u00e7imde sa\u00e7mal\u0131yoruz! Elinizdeki bu &#8220;Davran\u0131\u015fsal Finansa Giri\u015f&#8221; kitab\u0131n\u0131 okuduktan sonra da taksi \u015fof\u00f6r\u00fcnden ald\u0131\u011f\u0131n\u0131z t\u00fcyo ile hisse senedi almaya, can\u0131n\u0131z s\u0131k\u0131ld\u0131\u011f\u0131 i\u00e7in al\u0131\u015fveri\u015fe \u00e7\u0131kmaya, sinirli bir an\u0131n\u0131zda d\u00f6vizinizi satmaya, markete gitti\u011finizde o anki a\u00e7l\u0131k durumunuza g\u00f6re sepetinizi doldurmaya devam edeceksiniz. Ama en az\u0131ndan bundan sonra, neden b\u00f6yle davrand\u0131\u011f\u0131n\u0131z\u0131 biliyor olacaks\u0131n\u0131z. Hep denedin, hep yenildin, olsun, yine dene yine yenil, daha iyi yenil. -S.Beckett- <\/p>\n","protected":false},"excerpt":{"rendered":"<p>\u00d6yle dedi\u011fimize bakmay\u0131n, isterseniz sa\u00e7malay\u0131n. Bu bir sorun de\u011fil. Zaten hepimiz sa\u00e7mal\u0131yoruz. \u00d6zellikle de parasal konularda&#8230; \u0130nsanlar\u0131n parayla ilgili konularda ak\u0131l d\u0131\u015f\u0131 kararlar vermelerini inceleyen pek<span class=\"excerpt-hellip\"> [\u2026]<\/span><\/p>\n","protected":false},"featured_media":0,"template":"","meta":{"_monsterinsights_skip_tracking":false,"_monsterinsights_sitenote_active":false,"_monsterinsights_sitenote_note":"","_monsterinsights_sitenote_category":0},"product_brand":[],"product_cat":[17249,13043],"product_tag":[],"class_list":{"0":"post-696010","1":"product","2":"type-product","3":"status-publish","5":"product_cat-borsa-finans","6":"product_cat-ekonomi","7":"pa_cilt-ciltsiz","8":"pa_tur-kitap","9":"pa_yayinevi-elma-yayinevi","10":"pa_yazar-hasan-ozerol","12":"first","13":"instock","14":"sale","15":"shipping-taxable","16":"purchasable","17":"product-type-simple"},"_links":{"self":[{"href":"https:\/\/roveyayinevi.com.tr\/index.php\/wp-json\/wp\/v2\/product\/696010","targetHints":{"allow":["GET"]}}],"collection":[{"href":"https:\/\/roveyayinevi.com.tr\/index.php\/wp-json\/wp\/v2\/product"}],"about":[{"href":"https:\/\/roveyayinevi.com.tr\/index.php\/wp-json\/wp\/v2\/types\/product"}],"wp:attachment":[{"href":"https:\/\/roveyayinevi.com.tr\/index.php\/wp-json\/wp\/v2\/media?parent=696010"}],"wp:term":[{"taxonomy":"product_brand","embeddable":true,"href":"https:\/\/roveyayinevi.com.tr\/index.php\/wp-json\/wp\/v2\/product_brand?post=696010"},{"taxonomy":"product_cat","embeddable":true,"href":"https:\/\/roveyayinevi.com.tr\/index.php\/wp-json\/wp\/v2\/product_cat?post=696010"},{"taxonomy":"product_tag","embeddable":true,"href":"https:\/\/roveyayinevi.com.tr\/index.php\/wp-json\/wp\/v2\/product_tag?post=696010"}],"curies":[{"name":"wp","href":"https:\/\/api.w.org\/{rel}","templated":true}]}}