{"id":696009,"date":"2025-08-27T14:32:16","date_gmt":"2025-08-27T11:32:16","guid":{"rendered":"https:\/\/roveyayinevi.com.tr\/index.php\/urun\/aile-ici-siddet-kadinin-ve-cocugun-korunmasi\/"},"modified":"2026-04-16T02:05:50","modified_gmt":"2026-04-15T23:05:50","slug":"aile-ici-siddet-kadinin-ve-cocugun-korunmasi","status":"publish","type":"product","link":"https:\/\/roveyayinevi.com.tr\/index.php\/urun\/aile-ici-siddet-kadinin-ve-cocugun-korunmasi\/","title":{"rendered":"Aile \u0130\u00e7i \u015eiddet &#8211; Kad\u0131n\u0131n ve \u00c7ocu\u011fun Korunmas\u0131"},"content":{"rendered":"<p>\u0130\u00e7eri\u011fi g\u00fcncel bilgilerle zenginle\u015ftirilmi\u015f Aile \u0130\u00e7i \u015eiddet, yeni bas\u0131m\u0131yla okurlarla bulu\u015fuyor. \u0130lk bas\u0131m\u0131 da Elma Yay\u0131nevi taraf\u0131ndan yap\u0131lan bu eser Prof. Dr. Aliye Mavili&#8217;nin konuyla ilgili engin tecr\u00fcbelerini aktar\u0131yor. Medyaya yans\u0131yan g\u00fcnl\u00fck haberler i\u00e7inde bir rutin: kad\u0131n cinayeti. 2014 y\u0131l\u0131n\u0131n ilk yar\u0131s\u0131nda sadece medyaya yans\u0131yan 70 civar\u0131nda kad\u0131n cinayeti bulunuyor. Bu kad\u0131nlar\u0131n b\u00fcy\u00fck \u00e7o\u011funlu\u011fu e\u015fleri, bir k\u0131sm\u0131 ise babalar\u0131, a\u011fabeyleri ya da kendi \u00e7ocuklar\u0131 taraf\u0131ndan \u00f6ld\u00fcr\u00fcld\u00fcler. Sebepler aras\u0131nda, cinnet ve namus ba\u015f\u0131 \u00e7ekiyor.  Devlet kurumlar\u0131, yerel y\u00f6netimler ve sivil toplum kurulu\u015flar\u0131 kad\u0131na ve \u00e7ocu\u011fa y\u00f6nelik \u015fiddetle m\u00fccadele etmek \u00fczere yeni kanunlar \u00e7\u0131kar\u0131lmas\u0131ndan kad\u0131n s\u0131\u011f\u0131nma evlerinin say\u0131lar\u0131n\u0131n art\u0131r\u0131lmas\u0131na kadar geni\u015f bir yelpazede \u00e7al\u0131\u015fmalar yap\u0131yorlar. Peki, bu \u00e7al\u0131\u015fmalar yeterli mi? Haberlere bak\u0131l\u0131rsa de\u011fil. \u00c7ocuk ve ailenin korunmas\u0131 ve desteklenmesiyle ilgili bir\u00e7ok ulusal projede yer alan Prof. Dr. Aliye Mavili bu kitab\u0131nda, kad\u0131n\u0131n \u015fiddet ortam\u0131nda kalmas\u0131na neden olan etkenleri derinlemesine irdelerken, bu alanda kad\u0131nlara dan\u0131\u015fma hizmetleri veren sosyal uzmanlar i\u00e7in de \u00e7ok \u00f6nemli \u00f6nerilerde bulunuyor.  Bu kitapta ele al\u0131nan di\u011fer ba\u015fl\u0131klar ise \u015f\u00f6yle: Aile i\u00e7i \u015fiddetin boyutlar\u0131 E\u015flerine \u015fiddet uygulayan erkeklere y\u00f6nelik tedavi yakla\u015f\u0131mlar\u0131 \u00c7ocuk ihmal ve istismar\u0131 \u00c7ocuklar\u0131na \u015fiddet uygulayan anne-babalarla ilgili grup uygulamalar\u0131 Aile i\u00e7i \u015fiddeti \u00f6nlemede ileti\u015fim <\/p>\n","protected":false},"excerpt":{"rendered":"<p>\u0130\u00e7eri\u011fi g\u00fcncel bilgilerle zenginle\u015ftirilmi\u015f Aile \u0130\u00e7i \u015eiddet, yeni bas\u0131m\u0131yla okurlarla bulu\u015fuyor. \u0130lk bas\u0131m\u0131 da Elma Yay\u0131nevi taraf\u0131ndan yap\u0131lan bu eser Prof. Dr. Aliye Mavili&#8217;nin konuyla ilgili<span class=\"excerpt-hellip\"> [\u2026]<\/span><\/p>\n","protected":false},"featured_media":0,"template":"","meta":{"_monsterinsights_skip_tracking":false,"_monsterinsights_sitenote_active":false,"_monsterinsights_sitenote_note":"","_monsterinsights_sitenote_category":0},"product_brand":[],"product_cat":[12679,12357],"product_tag":[],"class_list":{"0":"post-696009","1":"product","2":"type-product","3":"status-publish","5":"product_cat-cocuk-psikolojisi","6":"product_cat-psikoloji","7":"pa_cilt-ciltsiz","8":"pa_tur-kitap","9":"pa_yayinevi-elma-yayinevi","10":"pa_yazar-aliye-mavili","12":"first","13":"instock","14":"sale","15":"shipping-taxable","16":"purchasable","17":"product-type-simple"},"_links":{"self":[{"href":"https:\/\/roveyayinevi.com.tr\/index.php\/wp-json\/wp\/v2\/product\/696009","targetHints":{"allow":["GET"]}}],"collection":[{"href":"https:\/\/roveyayinevi.com.tr\/index.php\/wp-json\/wp\/v2\/product"}],"about":[{"href":"https:\/\/roveyayinevi.com.tr\/index.php\/wp-json\/wp\/v2\/types\/product"}],"wp:attachment":[{"href":"https:\/\/roveyayinevi.com.tr\/index.php\/wp-json\/wp\/v2\/media?parent=696009"}],"wp:term":[{"taxonomy":"product_brand","embeddable":true,"href":"https:\/\/roveyayinevi.com.tr\/index.php\/wp-json\/wp\/v2\/product_brand?post=696009"},{"taxonomy":"product_cat","embeddable":true,"href":"https:\/\/roveyayinevi.com.tr\/index.php\/wp-json\/wp\/v2\/product_cat?post=696009"},{"taxonomy":"product_tag","embeddable":true,"href":"https:\/\/roveyayinevi.com.tr\/index.php\/wp-json\/wp\/v2\/product_tag?post=696009"}],"curies":[{"name":"wp","href":"https:\/\/api.w.org\/{rel}","templated":true}]}}