{"id":696006,"date":"2025-08-27T14:32:16","date_gmt":"2025-08-27T11:32:16","guid":{"rendered":"https:\/\/roveyayinevi.com.tr\/index.php\/urun\/finansci-olmayanlar-icin-finans\/"},"modified":"2026-04-16T02:05:50","modified_gmt":"2026-04-15T23:05:50","slug":"finansci-olmayanlar-icin-finans","status":"publish","type":"product","link":"https:\/\/roveyayinevi.com.tr\/index.php\/urun\/finansci-olmayanlar-icin-finans\/","title":{"rendered":"Finans\u00e7\u0131 Olmayanlar \u0130\u00e7in Finans"},"content":{"rendered":"<p>Finans konusunu \u00f6\u011frenmek isteyen herkes i\u00e7in e\u015fsiz bir ba\u015flang\u0131\u00e7 rehberi &#8220;Finans\u00e7\u0131 olmayanlar i\u00e7in finans da ne demek?&#8221; diyen arkada\u015flara cevaben kaleme al\u0131nm\u0131\u015f olan bu kitap, i\u015f ya\u015fam\u0131n\u0131z boyunca ya da olas\u0131 i\u015f ya\u015fam\u0131n\u0131z boyunca size bildiklerini \u00f6\u011fretmemeye \u00e7al\u0131\u015fan, zira \u00e7ok da \u00f6nemli bir \u015fey bilmediklerinin anla\u015f\u0131lmas\u0131ndan korkan mevcut ya da profesyonel i\u015f arkada\u015flar\u0131n\u0131z da dikkate al\u0131narak haz\u0131rlanm\u0131\u015ft\u0131r. Bu kitab\u0131 okuyup bitirmi\u015f olan bir okur i\u00e7in, finans\u0131n temelleri art\u0131k daha anla\u015f\u0131l\u0131r hale gelecektir kan\u0131s\u0131nday\u0131m. Bundan sonra ihtiya\u00e7 d\u00fczeyinde detaya ula\u015fmak kal\u0131yor, kolay gelsin&#8230;&#8221; -Hakan \u00d6zerol- <\/p>\n","protected":false},"excerpt":{"rendered":"<p>Finans konusunu \u00f6\u011frenmek isteyen herkes i\u00e7in e\u015fsiz bir ba\u015flang\u0131\u00e7 rehberi &#8220;Finans\u00e7\u0131 olmayanlar i\u00e7in finans da ne demek?&#8221; diyen arkada\u015flara cevaben kaleme al\u0131nm\u0131\u015f olan bu kitap, i\u015f<span class=\"excerpt-hellip\"> [\u2026]<\/span><\/p>\n","protected":false},"featured_media":0,"template":"","meta":{"_monsterinsights_skip_tracking":false,"_monsterinsights_sitenote_active":false,"_monsterinsights_sitenote_note":"","_monsterinsights_sitenote_category":0},"product_brand":[],"product_cat":[13043,14381],"product_tag":[],"class_list":{"0":"post-696006","1":"product","2":"type-product","3":"status-publish","5":"product_cat-ekonomi","6":"product_cat-isletme-muhasebe-maliye","7":"pa_cilt-ciltsiz","8":"pa_tur-kitap","9":"pa_yayinevi-elma-yayinevi","10":"pa_yazar-hakan-ozerol","12":"first","13":"instock","14":"sale","15":"shipping-taxable","16":"purchasable","17":"product-type-simple"},"_links":{"self":[{"href":"https:\/\/roveyayinevi.com.tr\/index.php\/wp-json\/wp\/v2\/product\/696006","targetHints":{"allow":["GET"]}}],"collection":[{"href":"https:\/\/roveyayinevi.com.tr\/index.php\/wp-json\/wp\/v2\/product"}],"about":[{"href":"https:\/\/roveyayinevi.com.tr\/index.php\/wp-json\/wp\/v2\/types\/product"}],"wp:attachment":[{"href":"https:\/\/roveyayinevi.com.tr\/index.php\/wp-json\/wp\/v2\/media?parent=696006"}],"wp:term":[{"taxonomy":"product_brand","embeddable":true,"href":"https:\/\/roveyayinevi.com.tr\/index.php\/wp-json\/wp\/v2\/product_brand?post=696006"},{"taxonomy":"product_cat","embeddable":true,"href":"https:\/\/roveyayinevi.com.tr\/index.php\/wp-json\/wp\/v2\/product_cat?post=696006"},{"taxonomy":"product_tag","embeddable":true,"href":"https:\/\/roveyayinevi.com.tr\/index.php\/wp-json\/wp\/v2\/product_tag?post=696006"}],"curies":[{"name":"wp","href":"https:\/\/api.w.org\/{rel}","templated":true}]}}