{"id":695998,"date":"2025-08-27T14:32:14","date_gmt":"2025-08-27T11:32:14","guid":{"rendered":"https:\/\/roveyayinevi.com.tr\/index.php\/urun\/bir-turk-ailesinin-oykusu\/"},"modified":"2026-04-16T02:05:50","modified_gmt":"2026-04-15T23:05:50","slug":"bir-turk-ailesinin-oykusu","status":"publish","type":"product","link":"https:\/\/roveyayinevi.com.tr\/index.php\/urun\/bir-turk-ailesinin-oykusu\/","title":{"rendered":"Bir T\u00fcrk Ailesinin \u00d6yk\u00fcs\u00fc"},"content":{"rendered":"<p>Osmanl\u0131 \u0130mparatorlu\u011fu&#8217;nun \u00e7alkant\u0131l\u0131 son d\u00f6nemlerinden, Birinci D\u00fcnya Sava\u015f\u0131&#8217;n\u0131n y\u0131k\u0131c\u0131l\u0131\u011f\u0131na uzanan bir \u00f6yk\u00fc. Varl\u0131kl\u0131 bir ailenin ad\u0131m ad\u0131m yoksullu\u011fa ilerleyi\u015finin, bir arada kalma m\u00fccadelesinin, mant\u0131\u011f\u0131n ve delili\u011fin\u00e7arp\u0131c\u0131 anlat\u0131m\u0131. Bir T\u00fcrk Ailesinin \u00d6yk\u00fcs\u00fc, \u0130rfan Orga&#8217;n\u0131n samimiyetle, romans\u0131 bir \u00fcslupla kaleme ald\u0131\u011f\u0131 an\u0131lar\u0131&#8230; &#8220;Hayat\u0131m boyunca okudu\u011fum en bize ait \u00f6yk\u00fclerden birini i\u00e7tenlikle, do\u011fall\u0131kla ve s\u0131cac\u0131k bir kalemle sunan bu kitap beni y\u0131llarca b\u0131rakmad\u0131. Ben de kitab\u0131b\u0131rakamad\u0131m. Kitab\u0131n yeni T\u00fcrk\u00e7e bask\u0131s\u0131n\u0131 orijinalinin yan\u0131na koyabilmek ve arkada\u015flar\u0131ma arma\u011fan edebilmek i\u00e7in sab\u0131rs\u0131zl\u0131kla sat\u0131\u015fa sunulaca\u011f\u0131 g\u00fcn\u00fc bekliyorum.&#8221; &#8211; Ay\u015fe Kulin &#8220;\u0130rfan Orga&#8217;n\u0131n vatan\u0131na, k\u00fclt\u00fcr\u00fcne, diline ve edebiyat\u0131na ta uzaklardan yapt\u0131\u011f\u0131 bu hizmeti gecikmi\u015f alk\u0131\u015flarla anmal\u0131y\u0131z.&#8221; -Tal\u00e2t S. Halman &#8220;Kaybedilmi\u015f sevgilerin ac\u0131s\u0131n\u0131 dile getiren, kederli ve ola\u011fan\u00fcst\u00fc g\u00fczellikte bir \u00f6yk\u00fc; 20. y\u00fczy\u0131l\u0131n en muhte\u015fem an\u0131lar\u0131ndan biri&#8230;&#8221;-       Caroline Moorhead, The Independent <\/p>\n","protected":false},"excerpt":{"rendered":"<p>Osmanl\u0131 \u0130mparatorlu\u011fu&#8217;nun \u00e7alkant\u0131l\u0131 son d\u00f6nemlerinden, Birinci D\u00fcnya Sava\u015f\u0131&#8217;n\u0131n y\u0131k\u0131c\u0131l\u0131\u011f\u0131na uzanan bir \u00f6yk\u00fc. Varl\u0131kl\u0131 bir ailenin ad\u0131m ad\u0131m yoksullu\u011fa ilerleyi\u015finin, bir arada kalma m\u00fccadelesinin, mant\u0131\u011f\u0131n ve delili\u011fin\u00e7arp\u0131c\u0131<span class=\"excerpt-hellip\"> [\u2026]<\/span><\/p>\n","protected":false},"featured_media":0,"template":"","meta":{"_monsterinsights_skip_tracking":false,"_monsterinsights_sitenote_active":false,"_monsterinsights_sitenote_note":"","_monsterinsights_sitenote_category":0},"product_brand":[],"product_cat":[13701,12291],"product_tag":[],"class_list":{"0":"post-695998","1":"product","2":"type-product","3":"status-publish","5":"product_cat-ani-mektup-gunluk","6":"product_cat-edebiyat","7":"pa_cilt-ciltsiz","8":"pa_tur-kitap","9":"pa_yayinevi-everest-yayinlari","10":"pa_yazar-irfan-orga","12":"first","13":"instock","14":"sale","15":"shipping-taxable","16":"purchasable","17":"product-type-simple"},"_links":{"self":[{"href":"https:\/\/roveyayinevi.com.tr\/index.php\/wp-json\/wp\/v2\/product\/695998","targetHints":{"allow":["GET"]}}],"collection":[{"href":"https:\/\/roveyayinevi.com.tr\/index.php\/wp-json\/wp\/v2\/product"}],"about":[{"href":"https:\/\/roveyayinevi.com.tr\/index.php\/wp-json\/wp\/v2\/types\/product"}],"wp:attachment":[{"href":"https:\/\/roveyayinevi.com.tr\/index.php\/wp-json\/wp\/v2\/media?parent=695998"}],"wp:term":[{"taxonomy":"product_brand","embeddable":true,"href":"https:\/\/roveyayinevi.com.tr\/index.php\/wp-json\/wp\/v2\/product_brand?post=695998"},{"taxonomy":"product_cat","embeddable":true,"href":"https:\/\/roveyayinevi.com.tr\/index.php\/wp-json\/wp\/v2\/product_cat?post=695998"},{"taxonomy":"product_tag","embeddable":true,"href":"https:\/\/roveyayinevi.com.tr\/index.php\/wp-json\/wp\/v2\/product_tag?post=695998"}],"curies":[{"name":"wp","href":"https:\/\/api.w.org\/{rel}","templated":true}]}}