{"id":695995,"date":"2025-08-27T14:32:13","date_gmt":"2025-08-27T11:32:13","guid":{"rendered":"https:\/\/roveyayinevi.com.tr\/index.php\/urun\/bir-kez-daha\/"},"modified":"2026-02-02T02:06:21","modified_gmt":"2026-02-01T23:06:21","slug":"bir-kez-daha","status":"publish","type":"product","link":"https:\/\/roveyayinevi.com.tr\/index.php\/urun\/bir-kez-daha\/","title":{"rendered":"Bir Kez Daha"},"content":{"rendered":"<p>Yabanc\u0131 bir kentteyim. Benim olmayan bir evde, yabanc\u0131 bir masada yaz\u0131yorum. Asl\u0131nda bana ait bir evin ya da bir masan\u0131n d\u00fcnyan\u0131n hi\u00e7bir k\u00f6\u015fesinde bulunamayaca\u011f\u0131n\u0131n bilincindeyim. Bunun \u00e7oktand\u0131r bana ac\u0131 vermedi\u011finin de&#8230; Oysa hi\u00e7bir kent yeterince yabanc\u0131 de\u011fil. A\u011fa\u00e7lar yine ayn\u0131 a\u011fa\u00e7lar, beton ayn\u0131 beton. Belki, diyorum kendime, bu kez olmak istedi\u011fin yerdesin. Art\u0131k ara istasyonlar\u0131 sevmeyi \u00f6\u011frendin. Bu kaybolmu\u015fluk hissinin tad\u0131n\u0131 \u00e7\u0131karmal\u0131s\u0131n. Kimliksizli\u011fin -ne \u00f6l\u00e7\u00fcde m\u00fcmk\u00fcnse bu!- yaratt\u0131\u011f\u0131 hafifleme ba\u015f d\u00f6nd\u00fcr\u00fcc\u00fc, hem s\u0131radan, hem ola\u011fan\u00fcst\u00fc. (&#8230;)Asl\u0131 Erdoan<\/p>\n","protected":false},"excerpt":{"rendered":"<p>Yabanc\u0131 bir kentteyim. Benim olmayan bir evde, yabanc\u0131 bir masada yaz\u0131yorum. Asl\u0131nda bana ait bir evin ya da bir masan\u0131n d\u00fcnyan\u0131n hi\u00e7bir k\u00f6\u015fesinde bulunamayaca\u011f\u0131n\u0131n bilincindeyim. Bunun<span class=\"excerpt-hellip\"> [\u2026]<\/span><\/p>\n","protected":false},"featured_media":0,"template":"","meta":{"_monsterinsights_skip_tracking":false,"_monsterinsights_sitenote_active":false,"_monsterinsights_sitenote_note":"","_monsterinsights_sitenote_category":0},"product_brand":[],"product_cat":[12777,12291],"product_tag":[],"class_list":{"0":"post-695995","1":"product","2":"type-product","3":"status-publish","5":"product_cat-deneme","6":"product_cat-edebiyat","7":"pa_cilt-ciltsiz","8":"pa_tur-kitap","9":"pa_yayinevi-everest-yayinlari","10":"pa_yazar-asli-erdogan","12":"first","13":"instock","14":"sale","15":"shipping-taxable","16":"purchasable","17":"product-type-simple"},"_links":{"self":[{"href":"https:\/\/roveyayinevi.com.tr\/index.php\/wp-json\/wp\/v2\/product\/695995","targetHints":{"allow":["GET"]}}],"collection":[{"href":"https:\/\/roveyayinevi.com.tr\/index.php\/wp-json\/wp\/v2\/product"}],"about":[{"href":"https:\/\/roveyayinevi.com.tr\/index.php\/wp-json\/wp\/v2\/types\/product"}],"wp:attachment":[{"href":"https:\/\/roveyayinevi.com.tr\/index.php\/wp-json\/wp\/v2\/media?parent=695995"}],"wp:term":[{"taxonomy":"product_brand","embeddable":true,"href":"https:\/\/roveyayinevi.com.tr\/index.php\/wp-json\/wp\/v2\/product_brand?post=695995"},{"taxonomy":"product_cat","embeddable":true,"href":"https:\/\/roveyayinevi.com.tr\/index.php\/wp-json\/wp\/v2\/product_cat?post=695995"},{"taxonomy":"product_tag","embeddable":true,"href":"https:\/\/roveyayinevi.com.tr\/index.php\/wp-json\/wp\/v2\/product_tag?post=695995"}],"curies":[{"name":"wp","href":"https:\/\/api.w.org\/{rel}","templated":true}]}}