{"id":695994,"date":"2025-08-27T14:32:13","date_gmt":"2025-08-27T11:32:13","guid":{"rendered":"https:\/\/roveyayinevi.com.tr\/index.php\/urun\/korku-okulu-1\/"},"modified":"2026-02-03T02:08:49","modified_gmt":"2026-02-02T23:08:49","slug":"korku-okulu-1","status":"publish","type":"product","link":"https:\/\/roveyayinevi.com.tr\/index.php\/urun\/korku-okulu-1\/","title":{"rendered":"Korku Okulu 1"},"content":{"rendered":"<p>Korku Okulu\u2019nu duydunuz mu? Uzun zamand\u0131r fobileri ile m\u00fccadele eden Madeleine, Theo, Lulu ve Garrison da daha \u00f6nce duymam\u0131\u015flard\u0131, ta ki bir g\u00fcn a\u015fa\u011f\u0131daki mektubu alana kadar: De\u011ferli \u00d6\u011frenci Aday\u0131, Korku Okulu\u2019nun yaz okulu program\u0131na kabul edildi\u011finizi bildirir, sizi kutlar\u0131z. Bildi\u011finiz gibi Korku Okulu, renkli ki\u015fili\u011fi ve s\u0131rad\u0131\u015f\u0131 y\u00f6ntemleri ile tan\u0131nan Bayan Wellington\u2019\u0131n idaresinde \u00e7ocuklar\u0131n korkular\u0131ndan kurtulmalar\u0131n\u0131 sa\u011flamak amac\u0131yla kurulmu\u015f, se\u00e7kin ve sayg\u0131n bir kurumdur. Okulumuzun varl\u0131\u011f\u0131ndan haberdar olan az say\u0131daki ebeveyn, doktor, \u00f6\u011fretmen ve mezunumuz; kurumun gizlili\u011fini korumak i\u00e7in b\u00fcy\u00fck \u00e7aba sarf etmektedirler. \u00d6\u011frenci al\u0131m\u0131 da ancak bu grubun referans\u0131 ile gizlilik i\u00e7inde ger\u00e7ekle\u015ftirilmektedir. Size de Korku Okulu ile ilgili her t\u00fcrl\u00fc konu\u015fmay\u0131 sadece evleriniz i\u00e7inde, televizyon ve musluklar a\u00e7\u0131kken ve e\u011fer varsa k\u00f6pe\u011finiz havlarken yapman\u0131z\u0131 \u015fiddetle tavsiye ederiz. D\u00f6rt kafadar bu tuhaf ve g\u00fcl\u00fcn\u00e7 okulun alt\u0131 haftal\u0131k program\u0131 boyunca korkular\u0131n\u0131n \u00fcstesinden gelebilecekler mi dersiniz? Okurken g\u00fclmekten kat\u0131lacaks\u0131n\u0131z!<\/p>\n","protected":false},"excerpt":{"rendered":"<p>Korku Okulu\u2019nu duydunuz mu? Uzun zamand\u0131r fobileri ile m\u00fccadele eden Madeleine, Theo, Lulu ve Garrison da daha \u00f6nce duymam\u0131\u015flard\u0131, ta ki bir g\u00fcn a\u015fa\u011f\u0131daki mektubu alana<span class=\"excerpt-hellip\"> [\u2026]<\/span><\/p>\n","protected":false},"featured_media":0,"template":"","meta":{"_monsterinsights_skip_tracking":false,"_monsterinsights_sitenote_active":false,"_monsterinsights_sitenote_note":"","_monsterinsights_sitenote_category":0},"product_brand":[],"product_cat":[12275,12274],"product_tag":[],"class_list":{"0":"post-695994","1":"product","2":"type-product","3":"status-publish","5":"product_cat-6-12-yas-kitaplari","6":"product_cat-cocuk-ve-genclik-kitaplari","7":"pa_cilt-ciltsiz","8":"pa_tur-kitap","9":"pa_yayinevi-epsilon-yayinlari","10":"pa_yazar-gitty-daneshvari","12":"first","13":"instock","14":"sale","15":"shipping-taxable","16":"purchasable","17":"product-type-simple"},"_links":{"self":[{"href":"https:\/\/roveyayinevi.com.tr\/index.php\/wp-json\/wp\/v2\/product\/695994","targetHints":{"allow":["GET"]}}],"collection":[{"href":"https:\/\/roveyayinevi.com.tr\/index.php\/wp-json\/wp\/v2\/product"}],"about":[{"href":"https:\/\/roveyayinevi.com.tr\/index.php\/wp-json\/wp\/v2\/types\/product"}],"wp:attachment":[{"href":"https:\/\/roveyayinevi.com.tr\/index.php\/wp-json\/wp\/v2\/media?parent=695994"}],"wp:term":[{"taxonomy":"product_brand","embeddable":true,"href":"https:\/\/roveyayinevi.com.tr\/index.php\/wp-json\/wp\/v2\/product_brand?post=695994"},{"taxonomy":"product_cat","embeddable":true,"href":"https:\/\/roveyayinevi.com.tr\/index.php\/wp-json\/wp\/v2\/product_cat?post=695994"},{"taxonomy":"product_tag","embeddable":true,"href":"https:\/\/roveyayinevi.com.tr\/index.php\/wp-json\/wp\/v2\/product_tag?post=695994"}],"curies":[{"name":"wp","href":"https:\/\/api.w.org\/{rel}","templated":true}]}}