{"id":695993,"date":"2025-08-27T14:32:12","date_gmt":"2025-08-27T11:32:12","guid":{"rendered":"https:\/\/roveyayinevi.com.tr\/index.php\/urun\/kehribardaki-yusufcuk\/"},"modified":"2026-04-16T02:05:50","modified_gmt":"2026-04-15T23:05:50","slug":"kehribardaki-yusufcuk","status":"publish","type":"product","link":"https:\/\/roveyayinevi.com.tr\/index.php\/urun\/kehribardaki-yusufcuk\/","title":{"rendered":"Kehribardaki Yusuf\u00e7uk"},"content":{"rendered":"<p>Yaz\u0131n d\u00fcnyas\u0131nda art\u0131k bir klasik haline gelmi\u015f Yabanc\u0131 adl\u0131 roman\u0131nda Diana Gabaldon bizi unutulmaz iki karakterle tan\u0131\u015ft\u0131rm\u0131\u015f -Claire Randall ve Jamie Fraser- ve iki y\u00fczy\u0131la yay\u0131lan bu macera ve a\u015fk hikayesiyle okuyucular\u0131na e\u015fsiz dakikalar ya\u015fatm\u0131\u015ft\u0131. \u015eimdi Gabaldon Yabanc\u0131&#8217;n\u0131n devam\u0131 olan canl\u0131 ve g\u00fc\u00e7l\u00fc roman\u0131yla okuyucular\u0131n\u0131 tekrar bu ola\u011fan\u00fcst\u00fc zaman ve mek\u00e2nlara do\u011fru bir yolculu\u011fa \u00e7\u0131kar\u0131yor.. <\/p>\n","protected":false},"excerpt":{"rendered":"<p>Yaz\u0131n d\u00fcnyas\u0131nda art\u0131k bir klasik haline gelmi\u015f Yabanc\u0131 adl\u0131 roman\u0131nda Diana Gabaldon bizi unutulmaz iki karakterle tan\u0131\u015ft\u0131rm\u0131\u015f -Claire Randall ve Jamie Fraser- ve iki y\u00fczy\u0131la yay\u0131lan<span class=\"excerpt-hellip\"> [\u2026]<\/span><\/p>\n","protected":false},"featured_media":0,"template":"","meta":{"_monsterinsights_skip_tracking":false,"_monsterinsights_sitenote_active":false,"_monsterinsights_sitenote_note":"","_monsterinsights_sitenote_category":0},"product_brand":[],"product_cat":[12291,12711],"product_tag":[],"class_list":{"0":"post-695993","1":"product","2":"type-product","3":"status-publish","5":"product_cat-edebiyat","6":"product_cat-roman-oyku","7":"pa_cilt-ciltsiz","8":"pa_tur-kitap","9":"pa_yayinevi-epsilon-yayinlari","10":"pa_yazar-diana-gabaldon","12":"first","13":"instock","14":"sale","15":"shipping-taxable","16":"purchasable","17":"product-type-simple"},"_links":{"self":[{"href":"https:\/\/roveyayinevi.com.tr\/index.php\/wp-json\/wp\/v2\/product\/695993","targetHints":{"allow":["GET"]}}],"collection":[{"href":"https:\/\/roveyayinevi.com.tr\/index.php\/wp-json\/wp\/v2\/product"}],"about":[{"href":"https:\/\/roveyayinevi.com.tr\/index.php\/wp-json\/wp\/v2\/types\/product"}],"wp:attachment":[{"href":"https:\/\/roveyayinevi.com.tr\/index.php\/wp-json\/wp\/v2\/media?parent=695993"}],"wp:term":[{"taxonomy":"product_brand","embeddable":true,"href":"https:\/\/roveyayinevi.com.tr\/index.php\/wp-json\/wp\/v2\/product_brand?post=695993"},{"taxonomy":"product_cat","embeddable":true,"href":"https:\/\/roveyayinevi.com.tr\/index.php\/wp-json\/wp\/v2\/product_cat?post=695993"},{"taxonomy":"product_tag","embeddable":true,"href":"https:\/\/roveyayinevi.com.tr\/index.php\/wp-json\/wp\/v2\/product_tag?post=695993"}],"curies":[{"name":"wp","href":"https:\/\/api.w.org\/{rel}","templated":true}]}}