{"id":695988,"date":"2025-08-27T14:32:11","date_gmt":"2025-08-27T11:32:11","guid":{"rendered":"https:\/\/roveyayinevi.com.tr\/index.php\/urun\/muhtesem-karanlik\/"},"modified":"2026-04-16T02:05:50","modified_gmt":"2026-04-15T23:05:50","slug":"muhtesem-karanlik","status":"publish","type":"product","link":"https:\/\/roveyayinevi.com.tr\/index.php\/urun\/muhtesem-karanlik\/","title":{"rendered":"Muhte\u015fem Karanl\u0131k"},"content":{"rendered":"<p>Ethan Wayne, k\u00fc\u00e7\u00fck bir G\u00fcney kasabas\u0131 olan ve hi\u00e7bir \u015feyin asla de\u011fi\u015fmedi\u011fi Gatlin&#8217;i yuvas\u0131 olarak g\u00f6rm\u00fc\u015ft\u00fcr hep. Derken, kasabaya yeni gelen gizemli Lena Duchannes ile tan\u0131\u015f\u0131r ve Lena, merak uyand\u0131ran gizli bir d\u00fcnyay\u0131 onun \u00f6n\u00fcne serer. Yosun kapl\u0131 me\u015fe a\u011fa\u00e7lar\u0131n\u0131n ve \u00e7atlam\u0131\u015f kald\u0131r\u0131mlar\u0131n\u0131n alt\u0131nda, antik gizemlerin oldu\u011fu bir Gatlin. G\u00fc\u00e7l\u00fc do\u011fa\u00fcst\u00fc yetenekleri olan Lena&#8217;n\u0131n ailesinin nesillerdir bir laneti ta\u015f\u0131d\u0131\u011f\u0131 Gatlin. B\u00fcy\u00fcl\u00fc, hayat\u0131n ak\u0131\u015f\u0131n\u0131 de\u011fi\u015ftiren olaylar\u0131n ya\u015fand\u0131\u011f\u0131 bir Gatlin.Bazen de hayatlar\u0131n son buldu\u011fu.Ethan ve Lena, Gatlin&#8217;in kar\u015f\u0131lar\u0131na \u00e7\u0131karaca\u011f\u0131 her \u015feyle birlikte y\u00fczle\u015febileceklerini d\u00fc\u015f\u00fcn\u00fcrler. Fakat Lena, ac\u0131 dolu bir kayb\u0131n ard\u0131ndan Ethan&#8217;dan uzakla\u015fmaya ve s\u0131rlar saklamaya ba\u015flar. Bu, ili\u015fkileri i\u00e7in b\u00fcy\u00fck bir s\u0131navd\u0131r. Ethan&#8217;\u0131n g\u00f6zleri, bir kere Gatlin&#8217;in karanl\u0131k taraf\u0131na \u015fahit olmu\u015ftur ve bunun geri d\u00f6n\u00fc\u015f\u00fc yoktur. Yaln\u0131zca kendisinin tan\u0131k oldu\u011fu g\u00f6r\u00fcnt\u00fcler, Ethan&#8217;\u0131 kasaban\u0131n karma\u015f\u0131k tarihinin daha da derinliklerine \u00e7eker. Kendini ans\u0131z\u0131n hi\u00e7bir \u015feyin g\u00f6r\u00fcnd\u00fc\u011f\u00fc gibi olmad\u0131\u011f\u0131, sonsuzlu\u011fa do\u011fru uzanan tehlikeli yeralt\u0131 t\u00fcnellerinin ortas\u0131nda bulur. <\/p>\n","protected":false},"excerpt":{"rendered":"<p>Ethan Wayne, k\u00fc\u00e7\u00fck bir G\u00fcney kasabas\u0131 olan ve hi\u00e7bir \u015feyin asla de\u011fi\u015fmedi\u011fi Gatlin&#8217;i yuvas\u0131 olarak g\u00f6rm\u00fc\u015ft\u00fcr hep. Derken, kasabaya yeni gelen gizemli Lena Duchannes ile tan\u0131\u015f\u0131r<span class=\"excerpt-hellip\"> [\u2026]<\/span><\/p>\n","protected":false},"featured_media":0,"template":"","meta":{"_monsterinsights_skip_tracking":false,"_monsterinsights_sitenote_active":false,"_monsterinsights_sitenote_note":"","_monsterinsights_sitenote_category":0},"product_brand":[],"product_cat":[12291,12711],"product_tag":[],"class_list":{"0":"post-695988","1":"product","2":"type-product","3":"status-publish","5":"product_cat-edebiyat","6":"product_cat-roman-oyku","7":"pa_cilt-ciltsiz","8":"pa_tur-kitap","9":"pa_yayinevi-epsilon-yayinlari","10":"pa_yazar-kami-garcia","12":"first","13":"instock","14":"sale","15":"shipping-taxable","16":"purchasable","17":"product-type-simple"},"_links":{"self":[{"href":"https:\/\/roveyayinevi.com.tr\/index.php\/wp-json\/wp\/v2\/product\/695988","targetHints":{"allow":["GET"]}}],"collection":[{"href":"https:\/\/roveyayinevi.com.tr\/index.php\/wp-json\/wp\/v2\/product"}],"about":[{"href":"https:\/\/roveyayinevi.com.tr\/index.php\/wp-json\/wp\/v2\/types\/product"}],"wp:attachment":[{"href":"https:\/\/roveyayinevi.com.tr\/index.php\/wp-json\/wp\/v2\/media?parent=695988"}],"wp:term":[{"taxonomy":"product_brand","embeddable":true,"href":"https:\/\/roveyayinevi.com.tr\/index.php\/wp-json\/wp\/v2\/product_brand?post=695988"},{"taxonomy":"product_cat","embeddable":true,"href":"https:\/\/roveyayinevi.com.tr\/index.php\/wp-json\/wp\/v2\/product_cat?post=695988"},{"taxonomy":"product_tag","embeddable":true,"href":"https:\/\/roveyayinevi.com.tr\/index.php\/wp-json\/wp\/v2\/product_tag?post=695988"}],"curies":[{"name":"wp","href":"https:\/\/api.w.org\/{rel}","templated":true}]}}