{"id":695987,"date":"2025-08-27T14:32:11","date_gmt":"2025-08-27T11:32:11","guid":{"rendered":"https:\/\/roveyayinevi.com.tr\/index.php\/urun\/muhtesem-kaos\/"},"modified":"2026-04-16T02:05:50","modified_gmt":"2026-04-15T23:05:50","slug":"muhtesem-kaos","status":"publish","type":"product","link":"https:\/\/roveyayinevi.com.tr\/index.php\/urun\/muhtesem-kaos\/","title":{"rendered":"Muhte\u015fem Kaos"},"content":{"rendered":"<p>Ethan Wate, k\u00fc\u00e7\u00fck G\u00fcney kasabas\u0131 Gatlin&#8217;de meydan gelen acayip ve olanaks\u0131z \u015feylere al\u0131\u015ft\u0131\u011f\u0131n\u0131 d\u00fc\u015f\u00fcnmeye ba\u015flam\u0131\u015ft\u0131r. Ancak Lena ve Ethan eve d\u00f6nd\u00fcklerinde, acayip ve olanaks\u0131z kelimeleri yepyeni bir anlam kazan\u0131r.Ethan ve Lena, Lena&#8217;n\u0131n belirlenmesinin etkilerini anlamaya \u00e7al\u0131\u015f\u0131rken, \u00e7ekirge istilas\u0131, rekor derecede y\u00fcksek s\u0131cakl\u0131klar ve Gatlin&#8217;i mahveden f\u0131rt\u0131nalar ortaya \u00e7\u0131kar. Hatta Lena&#8217;n\u0131n ailesinin do\u011fa\u00fcst\u00fc g\u00fc\u00e7leri bile etkilenir -yetenekleri tehlikeli bir bi\u00e7imde teklemeye ba\u015flar. Zamanla tek bir soru \u00f6ne \u00e7\u0131kar: Ne -ya da kim- Gatlin&#8217;in kurtulmas\u0131 i\u00e7in kurban edilecektir?Ethan i\u00e7in bu kaos korkutucu olsa da bir \u015fekilde ilgi da\u011f\u0131t\u0131c\u0131 oldu\u011fu i\u00e7in memnundur. R\u00fcyalar\u0131nda bir kez daha kovalanmaktad\u0131r ancak bu defa Lena de\u011fildir -bu ki\u015fi her kimse onu r\u00fcyalar\u0131n\u0131n d\u0131\u015f\u0131nda, g\u00fcnl\u00fck ya\u015fam\u0131nda da izlemektedir. Daha k\u00f6t\u00fcs\u00fc ise Ethan&#8217;\u0131n yava\u015f yava\u015f benli\u011finin par\u00e7alar\u0131n\u0131 kaybetmesidir -isimleri, telefon numaralar\u0131n\u0131 hatta an\u0131lar\u0131n\u0131 unutmaktad\u0131r. Nedenini bir t\u00fcrl\u00fc \u00e7\u00f6zemez ve pek \u00e7ok g\u00fcn bunu sorgulamaktan \u00e7ekinir.Bazen sadece bir cevap ya da se\u00e7enek yoktur. Bazen geri d\u00f6n\u00fc\u015f olmaz. Ve bu defa mutlu son olmayacak. <\/p>\n","protected":false},"excerpt":{"rendered":"<p>Ethan Wate, k\u00fc\u00e7\u00fck G\u00fcney kasabas\u0131 Gatlin&#8217;de meydan gelen acayip ve olanaks\u0131z \u015feylere al\u0131\u015ft\u0131\u011f\u0131n\u0131 d\u00fc\u015f\u00fcnmeye ba\u015flam\u0131\u015ft\u0131r. Ancak Lena ve Ethan eve d\u00f6nd\u00fcklerinde, acayip ve olanaks\u0131z kelimeleri yepyeni<span class=\"excerpt-hellip\"> [\u2026]<\/span><\/p>\n","protected":false},"featured_media":0,"template":"","meta":{"_monsterinsights_skip_tracking":false,"_monsterinsights_sitenote_active":false,"_monsterinsights_sitenote_note":"","_monsterinsights_sitenote_category":0},"product_brand":[],"product_cat":[12291,12711],"product_tag":[],"class_list":{"0":"post-695987","1":"product","2":"type-product","3":"status-publish","5":"product_cat-edebiyat","6":"product_cat-roman-oyku","7":"pa_cilt-ciltsiz","8":"pa_tur-kitap","9":"pa_yayinevi-epsilon-yayinlari","10":"pa_yazar-kami-garcia","12":"first","13":"instock","14":"sale","15":"shipping-taxable","16":"purchasable","17":"product-type-simple"},"_links":{"self":[{"href":"https:\/\/roveyayinevi.com.tr\/index.php\/wp-json\/wp\/v2\/product\/695987","targetHints":{"allow":["GET"]}}],"collection":[{"href":"https:\/\/roveyayinevi.com.tr\/index.php\/wp-json\/wp\/v2\/product"}],"about":[{"href":"https:\/\/roveyayinevi.com.tr\/index.php\/wp-json\/wp\/v2\/types\/product"}],"wp:attachment":[{"href":"https:\/\/roveyayinevi.com.tr\/index.php\/wp-json\/wp\/v2\/media?parent=695987"}],"wp:term":[{"taxonomy":"product_brand","embeddable":true,"href":"https:\/\/roveyayinevi.com.tr\/index.php\/wp-json\/wp\/v2\/product_brand?post=695987"},{"taxonomy":"product_cat","embeddable":true,"href":"https:\/\/roveyayinevi.com.tr\/index.php\/wp-json\/wp\/v2\/product_cat?post=695987"},{"taxonomy":"product_tag","embeddable":true,"href":"https:\/\/roveyayinevi.com.tr\/index.php\/wp-json\/wp\/v2\/product_tag?post=695987"}],"curies":[{"name":"wp","href":"https:\/\/api.w.org\/{rel}","templated":true}]}}