{"id":695972,"date":"2025-08-27T14:32:07","date_gmt":"2025-08-27T11:32:07","guid":{"rendered":"https:\/\/roveyayinevi.com.tr\/index.php\/urun\/krallarin-carpismasi-1\/"},"modified":"2026-04-16T02:05:49","modified_gmt":"2026-04-15T23:05:49","slug":"krallarin-carpismasi-1","status":"publish","type":"product","link":"https:\/\/roveyayinevi.com.tr\/index.php\/urun\/krallarin-carpismasi-1\/","title":{"rendered":"Krallar\u0131n \u00c7arp\u0131\u015fmas\u0131  1"},"content":{"rendered":"<p>Buz ve Ate\u015fin \u015eark\u0131s\u0131 II Krallar \u00e7arp\u0131\u015f\u0131rken t\u00fcm diyar titrer&#8230; George R. R. Martin, Taht Oyunlar\u0131&#8217;n\u0131n sab\u0131rs\u0131zl\u0131kla beklenen devam kitab\u0131 Krallar\u0131n \u00c7arp\u0131\u015fmas\u0131&#8217;nda okuyucular\u0131 e\u015fsiz hayal g\u00fcc\u00fcyle bulu\u015fturuyor. B\u00fcy\u00fc, intikam ve sava\u015fla dolu, e\u015fi benzeri g\u00f6r\u00fclmemi\u015f bir d\u00fcnyan\u0131n kap\u0131lar\u0131 a\u00e7\u0131l\u0131rken b\u00fcy\u00fck bir ser\u00fcven ba\u015fl\u0131yor. Alev ve kan rengine b\u00fcr\u00fcnm\u00fc\u015f bir kuyruklu y\u0131ld\u0131z, g\u00f6ky\u00fcz\u00fcn\u00fc ba\u015ftan ba\u015fa kaplam\u0131\u015ft\u0131r. Ejderha Kayas\u0131&#8217;n\u0131n kadim kalesinden, K\u0131\u015fyar\u0131&#8217;n\u0131n ha\u015fin topraklar\u0131na kadar korkun\u00e7 bir ke\u015fmeke\u015f h\u00e2kimdir. Alt\u0131 g\u00fc\u00e7, Demir Taht&#8217;\u0131 ve par\u00e7alanm\u0131\u015f Yedi Krall\u0131k&#8217;\u0131 ele ge\u00e7irmek i\u00e7in k\u0131yametvari bir sava\u015fa haz\u0131rlanmaktad\u0131r. Gecenin karanl\u0131\u011f\u0131nda \u00f6l\u00fcler y\u00fcr\u00fcmekte, karde\u015f karde\u015fi katletmektedir. Bir ak\u0131l \u015f\u00f6valyesi, tehlike sa\u00e7an bir b\u00fcy\u00fcc\u00fc kad\u0131n\u0131 zehirlemek pe\u015findedir. Bir prenses, \u00f6ks\u00fcz o\u011flan k\u0131l\u0131\u011f\u0131nda dola\u015fmakta; Ay Da\u011flar\u0131&#8217;n\u0131n vah\u015fi adamlar\u0131, ya\u011fma i\u00e7in inmektedir. Karde\u015f katli, zillet, simya ve k\u0131y\u0131mla ilerleyen bu macerada zafer, k\u0131l\u0131c\u0131 ve kan\u0131 en so\u011fuk olanlar\u0131n dahi olabilir&#8230; &#8220;Martin, birinci ciltteki vaadini fazlas\u0131yla yerine getiriyor ve yaz\u0131lm\u0131\u015f en iyi fantastik eser olmaya aday serisine devam ediyor.&#8221; -The Denver Post- &#8220;George Martin kesinlikle destans\u0131 fantastik edebiyat\u0131n yeni ustalar\u0131ndan.&#8221; -Katharine Kerr- &#8220;Kendisinden her zaman en iyi i\u015fleri bekledi\u011fim George R. R. Martin beni asla \u015fa\u015f\u0131rtm\u0131yor.&#8221; -Robert Jordan- &#8220;Muhte\u015fem bir \u00f6yk\u00fc, muhte\u015fem bir tarihi fantastik yap\u0131t! G\u00f6z kama\u015ft\u0131r\u0131c\u0131.&#8221; -Anne McCaffrey- &#8220;Muhtemelen gelmi\u015f ge\u00e7mi\u015f en iyi epik fantastik eser.&#8221; -Marion Zimmer Bradley- (Tan\u0131t\u0131m B\u00fclteninden) \ufffcTan\u0131t\u0131m Metni<\/p>\n","protected":false},"excerpt":{"rendered":"<p>Buz ve Ate\u015fin \u015eark\u0131s\u0131 II Krallar \u00e7arp\u0131\u015f\u0131rken t\u00fcm diyar titrer&#8230; George R. R. Martin, Taht Oyunlar\u0131&#8217;n\u0131n sab\u0131rs\u0131zl\u0131kla beklenen devam kitab\u0131 Krallar\u0131n \u00c7arp\u0131\u015fmas\u0131&#8217;nda okuyucular\u0131 e\u015fsiz hayal g\u00fcc\u00fcyle<span class=\"excerpt-hellip\"> [\u2026]<\/span><\/p>\n","protected":false},"featured_media":0,"template":"","meta":{"_monsterinsights_skip_tracking":false,"_monsterinsights_sitenote_active":false,"_monsterinsights_sitenote_note":"","_monsterinsights_sitenote_category":0},"product_brand":[],"product_cat":[12291,12711],"product_tag":[],"class_list":{"0":"post-695972","1":"product","2":"type-product","3":"status-publish","5":"product_cat-edebiyat","6":"product_cat-roman-oyku","7":"pa_cilt-ciltsiz","8":"pa_tur-kitap","9":"pa_yayinevi-epsilon-yayinlari","10":"pa_yazar-george-r-r-martin","12":"first","13":"instock","14":"sale","15":"shipping-taxable","16":"purchasable","17":"product-type-simple"},"_links":{"self":[{"href":"https:\/\/roveyayinevi.com.tr\/index.php\/wp-json\/wp\/v2\/product\/695972","targetHints":{"allow":["GET"]}}],"collection":[{"href":"https:\/\/roveyayinevi.com.tr\/index.php\/wp-json\/wp\/v2\/product"}],"about":[{"href":"https:\/\/roveyayinevi.com.tr\/index.php\/wp-json\/wp\/v2\/types\/product"}],"wp:attachment":[{"href":"https:\/\/roveyayinevi.com.tr\/index.php\/wp-json\/wp\/v2\/media?parent=695972"}],"wp:term":[{"taxonomy":"product_brand","embeddable":true,"href":"https:\/\/roveyayinevi.com.tr\/index.php\/wp-json\/wp\/v2\/product_brand?post=695972"},{"taxonomy":"product_cat","embeddable":true,"href":"https:\/\/roveyayinevi.com.tr\/index.php\/wp-json\/wp\/v2\/product_cat?post=695972"},{"taxonomy":"product_tag","embeddable":true,"href":"https:\/\/roveyayinevi.com.tr\/index.php\/wp-json\/wp\/v2\/product_tag?post=695972"}],"curies":[{"name":"wp","href":"https:\/\/api.w.org\/{rel}","templated":true}]}}